{"id":4759,"date":"2026-02-03T20:15:04","date_gmt":"2026-02-03T20:15:04","guid":{"rendered":"https:\/\/electrobennjima.tn\/?post_type=product&#038;p=4759"},"modified":"2026-02-03T20:15:07","modified_gmt":"2026-02-03T20:15:07","slug":"lit-bebe-bambino-sotufab","status":"publish","type":"product","link":"https:\/\/electrobennjima.tn\/en\/lit-bebe-bambino-sotufab\/","title":{"rendered":"LIT B\u00c9B\u00c9 BAMBINO SOTUFAB"},"content":{"rendered":"<p>Lit B\u00e9b\u00e9 Bambino Sotufab CHB02RS10 &#8211; Dimensions : 120x60cm &#8211; Couleur : Rose.<\/p>","protected":false},"excerpt":{"rendered":"<p>Lit B\u00e9b\u00e9 Bambino Sotufab CHB02RS10 &#8211; Dimensions : 120x60cm &#8211; Couleur : Rose.<\/p>","protected":false},"featured_media":4789,"comment_status":"open","ping_status":"closed","template":"","meta":[],"product_brand":[159],"product_cat":[169,170],"product_tag":[],"class_list":{"0":"post-4759","1":"product","2":"type-product","3":"status-publish","4":"has-post-thumbnail","6":"product_brand-sotufab","7":"product_cat-chambre-a-coucher","8":"product_cat-chambres-enfant","10":"first","11":"instock","12":"shipping-taxable","13":"purchasable","14":"product-type-simple"},"_links":{"self":[{"href":"https:\/\/electrobennjima.tn\/en\/wp-json\/wp\/v2\/product\/4759","targetHints":{"allow":["GET"]}}],"collection":[{"href":"https:\/\/electrobennjima.tn\/en\/wp-json\/wp\/v2\/product"}],"about":[{"href":"https:\/\/electrobennjima.tn\/en\/wp-json\/wp\/v2\/types\/product"}],"replies":[{"embeddable":true,"href":"https:\/\/electrobennjima.tn\/en\/wp-json\/wp\/v2\/comments?post=4759"}],"wp:featuredmedia":[{"embeddable":true,"href":"https:\/\/electrobennjima.tn\/en\/wp-json\/wp\/v2\/media\/4789"}],"wp:attachment":[{"href":"https:\/\/electrobennjima.tn\/en\/wp-json\/wp\/v2\/media?parent=4759"}],"wp:term":[{"taxonomy":"product_brand","embeddable":true,"href":"https:\/\/electrobennjima.tn\/en\/wp-json\/wp\/v2\/product_brand?post=4759"},{"taxonomy":"product_cat","embeddable":true,"href":"https:\/\/electrobennjima.tn\/en\/wp-json\/wp\/v2\/product_cat?post=4759"},{"taxonomy":"product_tag","embeddable":true,"href":"https:\/\/electrobennjima.tn\/en\/wp-json\/wp\/v2\/product_tag?post=4759"}],"curies":[{"name":"wp","href":"https:\/\/api.w.org\/{rel}","templated":true}]}}