{"id":4770,"date":"2026-02-03T20:15:05","date_gmt":"2026-02-03T20:15:05","guid":{"rendered":"https:\/\/electrobennjima.tn\/?post_type=product&#038;p=4770"},"modified":"2026-02-03T20:15:10","modified_gmt":"2026-02-03T20:15:10","slug":"penderie-bebe-marin-sotufab-2-portes","status":"publish","type":"product","link":"https:\/\/electrobennjima.tn\/en\/penderie-bebe-marin-sotufab-2-portes\/","title":{"rendered":"PENDERIE B\u00c9B\u00c9 MARIN SOTUFAB 2 PORTES"},"content":{"rendered":"<p>Penderie B\u00e9b\u00e9 Marin Sotufab &#8211; 2 Portes \u2013 Largeur : 90 cm &#8211; Profondeur : 55 cm &#8211; Hauteur : 210 cm &#8211; Couleur : Denver\/bleu\/rouge\/blanc.<\/p>","protected":false},"excerpt":{"rendered":"<div id=\"product-description-short-2589\" class=\"product-description-short\">\n<p>Penderie B\u00e9b\u00e9 Marin Sotufab &#8211; 2 Portes \u2013 Largeur : 90 cm &#8211; Profondeur : 55 cm &#8211; Hauteur : 210 cm &#8211; Couleur : Denver\/bleu\/rouge\/blanc.<\/p>\n<\/div>","protected":false},"featured_media":4800,"comment_status":"open","ping_status":"closed","template":"","meta":[],"product_brand":[159],"product_cat":[169,170],"product_tag":[],"class_list":{"0":"post-4770","1":"product","2":"type-product","3":"status-publish","4":"has-post-thumbnail","6":"product_brand-sotufab","7":"product_cat-chambre-a-coucher","8":"product_cat-chambres-enfant","10":"first","11":"instock","12":"shipping-taxable","13":"purchasable","14":"product-type-simple"},"_links":{"self":[{"href":"https:\/\/electrobennjima.tn\/en\/wp-json\/wp\/v2\/product\/4770","targetHints":{"allow":["GET"]}}],"collection":[{"href":"https:\/\/electrobennjima.tn\/en\/wp-json\/wp\/v2\/product"}],"about":[{"href":"https:\/\/electrobennjima.tn\/en\/wp-json\/wp\/v2\/types\/product"}],"replies":[{"embeddable":true,"href":"https:\/\/electrobennjima.tn\/en\/wp-json\/wp\/v2\/comments?post=4770"}],"wp:featuredmedia":[{"embeddable":true,"href":"https:\/\/electrobennjima.tn\/en\/wp-json\/wp\/v2\/media\/4800"}],"wp:attachment":[{"href":"https:\/\/electrobennjima.tn\/en\/wp-json\/wp\/v2\/media?parent=4770"}],"wp:term":[{"taxonomy":"product_brand","embeddable":true,"href":"https:\/\/electrobennjima.tn\/en\/wp-json\/wp\/v2\/product_brand?post=4770"},{"taxonomy":"product_cat","embeddable":true,"href":"https:\/\/electrobennjima.tn\/en\/wp-json\/wp\/v2\/product_cat?post=4770"},{"taxonomy":"product_tag","embeddable":true,"href":"https:\/\/electrobennjima.tn\/en\/wp-json\/wp\/v2\/product_tag?post=4770"}],"curies":[{"name":"wp","href":"https:\/\/api.w.org\/{rel}","templated":true}]}}