{"id":4817,"date":"2026-02-03T20:15:12","date_gmt":"2026-02-03T20:15:12","guid":{"rendered":"https:\/\/electrobennjima.tn\/?post_type=product&#038;p=4817"},"modified":"2026-02-03T20:15:15","modified_gmt":"2026-02-03T20:15:15","slug":"element-de-rangement-futura-sotufab-eb0107","status":"publish","type":"product","link":"https:\/\/electrobennjima.tn\/en\/element-de-rangement-futura-sotufab-eb0107\/","title":{"rendered":"\u00c9L\u00c9MENT DE RANGEMENT FUTURA SOTUFAB EB0107"},"content":{"rendered":"<p>\u00c9l\u00e9ment de rangement Futura EB0107 &#8211; Hauteur (cm): 170 &#8211; Largeur (cm): 220 &#8211; Profondeur (cm): 42<\/p>","protected":false},"excerpt":{"rendered":"<div class=\"text-justify mt-2\">\n<p class=\"text-justify\">\u00c9l\u00e9ment de rangement Futura EB0107 &#8211; Hauteur (cm): 170 &#8211; Largeur (cm): 220 &#8211; Profondeur (cm): 42.<\/p>\n<\/div>\n<div class=\"attr-info\"><\/div>","protected":false},"featured_media":4847,"comment_status":"open","ping_status":"closed","template":"","meta":[],"product_brand":[159],"product_cat":[168],"product_tag":[],"class_list":{"0":"post-4817","1":"product","2":"type-product","3":"status-publish","4":"has-post-thumbnail","6":"product_brand-sotufab","7":"product_cat-meubles-de-rangement","9":"first","10":"instock","11":"shipping-taxable","12":"purchasable","13":"product-type-simple"},"_links":{"self":[{"href":"https:\/\/electrobennjima.tn\/en\/wp-json\/wp\/v2\/product\/4817","targetHints":{"allow":["GET"]}}],"collection":[{"href":"https:\/\/electrobennjima.tn\/en\/wp-json\/wp\/v2\/product"}],"about":[{"href":"https:\/\/electrobennjima.tn\/en\/wp-json\/wp\/v2\/types\/product"}],"replies":[{"embeddable":true,"href":"https:\/\/electrobennjima.tn\/en\/wp-json\/wp\/v2\/comments?post=4817"}],"wp:featuredmedia":[{"embeddable":true,"href":"https:\/\/electrobennjima.tn\/en\/wp-json\/wp\/v2\/media\/4847"}],"wp:attachment":[{"href":"https:\/\/electrobennjima.tn\/en\/wp-json\/wp\/v2\/media?parent=4817"}],"wp:term":[{"taxonomy":"product_brand","embeddable":true,"href":"https:\/\/electrobennjima.tn\/en\/wp-json\/wp\/v2\/product_brand?post=4817"},{"taxonomy":"product_cat","embeddable":true,"href":"https:\/\/electrobennjima.tn\/en\/wp-json\/wp\/v2\/product_cat?post=4817"},{"taxonomy":"product_tag","embeddable":true,"href":"https:\/\/electrobennjima.tn\/en\/wp-json\/wp\/v2\/product_tag?post=4817"}],"curies":[{"name":"wp","href":"https:\/\/api.w.org\/{rel}","templated":true}]}}