{"id":4825,"date":"2026-02-03T20:15:13","date_gmt":"2026-02-03T20:15:13","guid":{"rendered":"https:\/\/electrobennjima.tn\/?post_type=product&#038;p=4825"},"modified":"2026-02-03T20:15:17","modified_gmt":"2026-02-03T20:15:17","slug":"table-tv-oslo-sotufab-chene-brut","status":"publish","type":"product","link":"https:\/\/electrobennjima.tn\/en\/table-tv-oslo-sotufab-chene-brut\/","title":{"rendered":"TABLE TV OSLO SOTUFAB CH\u00c8NE BRUT"},"content":{"rendered":"<p>Table Tv Sotufab Oslo &#8211; Design moderne et \u00e9l\u00e9gant &#8211; Ajouter une touche chic \u00e0 votre espace &#8211; Dimensions: <strong>H.45 \u2013 L.160 \u2013 P.41<\/strong> &#8211; Couleur:\u00a0\u00a0Ch\u00e8ne Brut \/ Blanc Brillant.<\/p>","protected":false},"excerpt":{"rendered":"<p>Table TV OSLO SOTUFAB &#8211; Design moderne et \u00e9l\u00e9gant &#8211; Ajouter une touche chic \u00e0 votre espace &#8211; Dimensions: H.45 \u2013 L.160 \u2013 P.41 &#8211; Couleur:\u00a0\u00a0Ch\u00e8ne Brut \/ Blanc Brillant.<\/p>","protected":false},"featured_media":4855,"comment_status":"open","ping_status":"closed","template":"","meta":[],"product_brand":[159],"product_cat":[174,166],"product_tag":[],"class_list":{"0":"post-4825","1":"product","2":"type-product","3":"status-publish","4":"has-post-thumbnail","6":"product_brand-sotufab","7":"product_cat-meuble-tv","8":"product_cat-meubles-sejour","10":"first","11":"instock","12":"shipping-taxable","13":"purchasable","14":"product-type-simple"},"_links":{"self":[{"href":"https:\/\/electrobennjima.tn\/en\/wp-json\/wp\/v2\/product\/4825","targetHints":{"allow":["GET"]}}],"collection":[{"href":"https:\/\/electrobennjima.tn\/en\/wp-json\/wp\/v2\/product"}],"about":[{"href":"https:\/\/electrobennjima.tn\/en\/wp-json\/wp\/v2\/types\/product"}],"replies":[{"embeddable":true,"href":"https:\/\/electrobennjima.tn\/en\/wp-json\/wp\/v2\/comments?post=4825"}],"wp:featuredmedia":[{"embeddable":true,"href":"https:\/\/electrobennjima.tn\/en\/wp-json\/wp\/v2\/media\/4855"}],"wp:attachment":[{"href":"https:\/\/electrobennjima.tn\/en\/wp-json\/wp\/v2\/media?parent=4825"}],"wp:term":[{"taxonomy":"product_brand","embeddable":true,"href":"https:\/\/electrobennjima.tn\/en\/wp-json\/wp\/v2\/product_brand?post=4825"},{"taxonomy":"product_cat","embeddable":true,"href":"https:\/\/electrobennjima.tn\/en\/wp-json\/wp\/v2\/product_cat?post=4825"},{"taxonomy":"product_tag","embeddable":true,"href":"https:\/\/electrobennjima.tn\/en\/wp-json\/wp\/v2\/product_tag?post=4825"}],"curies":[{"name":"wp","href":"https:\/\/api.w.org\/{rel}","templated":true}]}}