{"id":4830,"date":"2026-02-03T20:15:13","date_gmt":"2026-02-03T20:15:13","guid":{"rendered":"https:\/\/electrobennjima.tn\/?post_type=product&#038;p=4830"},"modified":"2026-03-14T03:42:39","modified_gmt":"2026-03-14T03:42:39","slug":"table-de-reunion-tr007-sotufab","status":"publish","type":"product","link":"https:\/\/electrobennjima.tn\/en\/table-de-reunion-tr007-sotufab\/","title":{"rendered":"TABLE DE R\u00c9UNION TR007 SOTUFAB"},"content":{"rendered":"","protected":false},"excerpt":{"rendered":"<p>La table de r\u00e9union TR007 SOTUFAB est une table ronde en PVC avec un diam\u00e8tre de 120 cm et une hauteur de 75 cm. Ses dimensions sont les suivantes : \u00d8 120 cm pour le diam\u00e8tre et 75 cm pour la hauteur.<\/p>","protected":false},"featured_media":4860,"comment_status":"open","ping_status":"closed","template":"","meta":[],"product_brand":[159],"product_cat":[244,160,165,161],"product_tag":[],"class_list":{"0":"post-4830","1":"product","2":"type-product","3":"status-publish","4":"has-post-thumbnail","6":"product_brand-sotufab","7":"product_cat-back-to-school","8":"product_cat-bureautique","9":"product_cat-tables","10":"product_cat-tables-et-chaises","12":"first","13":"instock","14":"shipping-taxable","15":"purchasable","16":"product-type-simple"},"_links":{"self":[{"href":"https:\/\/electrobennjima.tn\/en\/wp-json\/wp\/v2\/product\/4830","targetHints":{"allow":["GET"]}}],"collection":[{"href":"https:\/\/electrobennjima.tn\/en\/wp-json\/wp\/v2\/product"}],"about":[{"href":"https:\/\/electrobennjima.tn\/en\/wp-json\/wp\/v2\/types\/product"}],"replies":[{"embeddable":true,"href":"https:\/\/electrobennjima.tn\/en\/wp-json\/wp\/v2\/comments?post=4830"}],"wp:featuredmedia":[{"embeddable":true,"href":"https:\/\/electrobennjima.tn\/en\/wp-json\/wp\/v2\/media\/4860"}],"wp:attachment":[{"href":"https:\/\/electrobennjima.tn\/en\/wp-json\/wp\/v2\/media?parent=4830"}],"wp:term":[{"taxonomy":"product_brand","embeddable":true,"href":"https:\/\/electrobennjima.tn\/en\/wp-json\/wp\/v2\/product_brand?post=4830"},{"taxonomy":"product_cat","embeddable":true,"href":"https:\/\/electrobennjima.tn\/en\/wp-json\/wp\/v2\/product_cat?post=4830"},{"taxonomy":"product_tag","embeddable":true,"href":"https:\/\/electrobennjima.tn\/en\/wp-json\/wp\/v2\/product_tag?post=4830"}],"curies":[{"name":"wp","href":"https:\/\/api.w.org\/{rel}","templated":true}]}}