{"id":4868,"date":"2026-02-03T20:15:20","date_gmt":"2026-02-03T20:15:20","guid":{"rendered":"https:\/\/electrobennjima.tn\/?post_type=product&#038;p=4868"},"modified":"2026-03-14T03:42:39","modified_gmt":"2026-03-14T03:42:39","slug":"table-serena-tc0063-top-en-pvc-80x80","status":"publish","type":"product","link":"https:\/\/electrobennjima.tn\/en\/table-serena-tc0063-top-en-pvc-80x80\/","title":{"rendered":"TABLE SERENA TC0063 TOP EN PVC \/ 80&#215;80"},"content":{"rendered":"<p><strong>TABLE SERENA TC0063 TOP EN PVC \/ 80&#215;80<\/strong><\/p>\n<div class=\"flex-1 overflow-hidden\">\n<div class=\"react-scroll-to-bottom--css-vtuwk-79elbk h-full\">\n<div class=\"react-scroll-to-bottom--css-vtuwk-1n7m0yu\">\n<div class=\"flex flex-col text-sm pb-9\">\n<div class=\"w-full text-token-text-primary\" dir=\"auto\" data-testid=\"conversation-turn-349\">\n<div class=\"px-4 py-2 justify-center text-base md:gap-6 m-auto\">\n<div class=\"flex flex-1 text-base mx-auto gap-3 juice:gap-4 juice:md:gap-6 md:px-5 lg:px-1 xl:px-5 md:max-w-3xl lg:max-w-[40rem] xl:max-w-[48rem]\">\n<div class=\"relative flex w-full flex-col agent-turn\">\n<div class=\"flex-col gap-1 md:gap-3\">\n<div class=\"flex flex-grow flex-col max-w-full\">\n<div class=\"min-h-[20px] text-message flex flex-col items-start gap-3 whitespace-pre-wrap break-words [.text-message+&amp;]:mt-5 overflow-x-auto\" dir=\"auto\" data-message-author-role=\"assistant\" data-message-id=\"d58d45bc-57f9-4b73-ada5-8a1752df7775\">\n<div class=\"markdown prose w-full break-words dark:prose-invert dark\">\n<p>La table Serena TC0063 pr\u00e9sente un design contemporain et \u00e9l\u00e9gant, parfait pour votre salle \u00e0 manger ou votre espace de cuisine. Voici ses caract\u00e9ristiques principales :<\/p>\n<h4><strong>Mat\u00e9riau du Plateau :<\/strong><\/h4>\n<p>PVC avec une finition couleur ch\u00eane brut. Le PVC offre \u00e0 la fois durabilit\u00e9 et facilit\u00e9 d&rsquo;entretien, tout en reproduisant fid\u00e8lement l&rsquo;aspect du bois naturel.<\/p>\n<h4><strong>Socle :<\/strong><\/h4>\n<p>M\u00e9tallique avec une finition \u00e9poxy disponible en Blanc, Gris et Gr\u00e8ge. Le socle m\u00e9tallique ajoute une touche moderne et robuste \u00e0 la table, tandis que la finition \u00e9poxy offre une protection contre la corrosion et les rayures.<\/p>\n<h4><strong>Dimensions :<\/strong><\/h4>\n<p>80 x 80 cm. Cette taille compacte en fait un choix id\u00e9al pour les espaces restreints tout en offrant suffisamment d&rsquo;espace pour accueillir confortablement plusieurs convives.<\/p>\n<h4><strong>Chaises non incluses :<\/strong><\/h4>\n<p>Veuillez noter que les chaises ne sont pas incluses avec la table, mais vous pouvez les assortir \u00e0 votre d\u00e9coration existante ou choisir parmi une vari\u00e9t\u00e9 de styles pour cr\u00e9er l&rsquo;ensemble parfait.<\/p>\n<\/div>\n<\/div>\n<\/div>\n<\/div>\n<\/div>\n<\/div>\n<\/div>\n<\/div>\n<\/div>\n<\/div>\n<\/div>\n<\/div>","protected":false},"excerpt":{"rendered":"<p>TABLE SERENA TC0063 TOP EN PVC &#8211; couleur ch\u00eane brut &#8211; socle m\u00e9tallique finition Epoxy Blanc,gris et gr\u00e8ge &#8211; Dimensions : 80 x 80 cm. (chaises non inclues).<\/p>","protected":false},"featured_media":4898,"comment_status":"open","ping_status":"closed","template":"","meta":[],"product_brand":[159],"product_cat":[244,160,165,161],"product_tag":[],"class_list":{"0":"post-4868","1":"product","2":"type-product","3":"status-publish","4":"has-post-thumbnail","6":"product_brand-sotufab","7":"product_cat-back-to-school","8":"product_cat-bureautique","9":"product_cat-tables","10":"product_cat-tables-et-chaises","12":"first","13":"instock","14":"shipping-taxable","15":"purchasable","16":"product-type-simple"},"_links":{"self":[{"href":"https:\/\/electrobennjima.tn\/en\/wp-json\/wp\/v2\/product\/4868","targetHints":{"allow":["GET"]}}],"collection":[{"href":"https:\/\/electrobennjima.tn\/en\/wp-json\/wp\/v2\/product"}],"about":[{"href":"https:\/\/electrobennjima.tn\/en\/wp-json\/wp\/v2\/types\/product"}],"replies":[{"embeddable":true,"href":"https:\/\/electrobennjima.tn\/en\/wp-json\/wp\/v2\/comments?post=4868"}],"wp:featuredmedia":[{"embeddable":true,"href":"https:\/\/electrobennjima.tn\/en\/wp-json\/wp\/v2\/media\/4898"}],"wp:attachment":[{"href":"https:\/\/electrobennjima.tn\/en\/wp-json\/wp\/v2\/media?parent=4868"}],"wp:term":[{"taxonomy":"product_brand","embeddable":true,"href":"https:\/\/electrobennjima.tn\/en\/wp-json\/wp\/v2\/product_brand?post=4868"},{"taxonomy":"product_cat","embeddable":true,"href":"https:\/\/electrobennjima.tn\/en\/wp-json\/wp\/v2\/product_cat?post=4868"},{"taxonomy":"product_tag","embeddable":true,"href":"https:\/\/electrobennjima.tn\/en\/wp-json\/wp\/v2\/product_tag?post=4868"}],"curies":[{"name":"wp","href":"https:\/\/api.w.org\/{rel}","templated":true}]}}