{"id":6190,"date":"2026-02-03T20:22:02","date_gmt":"2026-02-03T20:22:02","guid":{"rendered":"https:\/\/electrobennjima.tn\/?post_type=product&#038;p=6190"},"modified":"2026-02-03T20:22:08","modified_gmt":"2026-02-03T20:22:08","slug":"fer-a-boucler-remington-ci5319-noir","status":"publish","type":"product","link":"https:\/\/electrobennjima.tn\/en\/fer-a-boucler-remington-ci5319-noir\/","title":{"rendered":"FER \u00c0 BOUCLER REMINGTON CI5319 &#8211; NOIR"},"content":{"rendered":"","protected":false},"excerpt":{"rendered":"<p>Fer \u00e0 Boucler REMINGTON Pro Spiral &#8211;\u00a0<span style=\"color: #ff0000;\"><strong>8 niveaux de temp\u00e9ratures: 210 \u00baC<\/strong><\/span>\u00a0&#8211; Arr\u00eat automatique apr\u00e8s 60 min &#8211; Temps de chauffage:\u00a0<strong><span style=\"color: #ff0000;\">en 30 secondes<\/span>\u00a0<\/strong>&#8211; Diam\u00e8tre:\u00a0<span style=\"color: #ff0000;\"><strong>19 mm<\/strong><\/span>\u00a0&#8211;<span style=\"color: #ff0000;\">\u00a0<strong>4x protection<\/strong><\/span>: Anti-statique, C\u00e9ramique, Tourmaline Ionique, glisse facile et plus douce &#8211; T\u00e9moin de pr\u00eat \u00e0 l\u2019emploi &#8211; Cordon rotatif &#8211; Couleur: Noir &#8211;\u00a0<span style=\"color: #ff0000;\"><strong>Garantie: 2ans<\/strong><\/span><\/p>","protected":false},"featured_media":6220,"comment_status":"open","ping_status":"closed","template":"","meta":[],"product_brand":[224],"product_cat":[53,225],"product_tag":[],"class_list":{"0":"post-6190","1":"product","2":"type-product","3":"status-publish","4":"has-post-thumbnail","6":"product_brand-remington","7":"product_cat-beaute-et-bien-etre","8":"product_cat-boucleur","10":"first","11":"instock","12":"shipping-taxable","13":"purchasable","14":"product-type-simple"},"_links":{"self":[{"href":"https:\/\/electrobennjima.tn\/en\/wp-json\/wp\/v2\/product\/6190","targetHints":{"allow":["GET"]}}],"collection":[{"href":"https:\/\/electrobennjima.tn\/en\/wp-json\/wp\/v2\/product"}],"about":[{"href":"https:\/\/electrobennjima.tn\/en\/wp-json\/wp\/v2\/types\/product"}],"replies":[{"embeddable":true,"href":"https:\/\/electrobennjima.tn\/en\/wp-json\/wp\/v2\/comments?post=6190"}],"wp:featuredmedia":[{"embeddable":true,"href":"https:\/\/electrobennjima.tn\/en\/wp-json\/wp\/v2\/media\/6220"}],"wp:attachment":[{"href":"https:\/\/electrobennjima.tn\/en\/wp-json\/wp\/v2\/media?parent=6190"}],"wp:term":[{"taxonomy":"product_brand","embeddable":true,"href":"https:\/\/electrobennjima.tn\/en\/wp-json\/wp\/v2\/product_brand?post=6190"},{"taxonomy":"product_cat","embeddable":true,"href":"https:\/\/electrobennjima.tn\/en\/wp-json\/wp\/v2\/product_cat?post=6190"},{"taxonomy":"product_tag","embeddable":true,"href":"https:\/\/electrobennjima.tn\/en\/wp-json\/wp\/v2\/product_tag?post=6190"}],"curies":[{"name":"wp","href":"https:\/\/api.w.org\/{rel}","templated":true}]}}