{"id":8000,"date":"2026-02-11T23:40:28","date_gmt":"2026-02-11T23:40:28","guid":{"rendered":"https:\/\/electrobennjima.tn\/?post_type=product&#038;p=8000"},"modified":"2026-03-14T02:26:21","modified_gmt":"2026-03-14T02:26:21","slug":"pc-portable-asus-vivobook-15-x1502va-tunisie","status":"publish","type":"product","link":"https:\/\/electrobennjima.tn\/en\/pc-portable-asus-vivobook-15-x1502va-tunisie\/","title":{"rendered":"PC Portable ASUS Vivobook 15"},"content":{"rendered":"","protected":false},"excerpt":{"rendered":"<p data-start=\"134\" data-end=\"241\"><strong data-start=\"134\" data-end=\"239\">PC Portable <span class=\"hover:entity-accent entity-underline inline cursor-pointer align-baseline\"><span class=\"whitespace-normal\">ASUS<\/span><\/span> Vivobook 15 X1502VA \u2013 Performance et design \u00e9l\u00e9gant<\/strong><\/p>\n<p data-start=\"243\" data-end=\"557\">Le PC Portable <strong data-start=\"258\" data-end=\"286\">ASUS Vivobook 15 X1502VA<\/strong> est con\u00e7u pour ceux qui recherchent puissance, rapidit\u00e9 et style. Avec son processeur <strong data-start=\"373\" data-end=\"460\">Intel Core i5 13\u1d49 g\u00e9n\u00e9ration (i5-13420H, jusqu\u2019\u00e0 4,60 GHz, 8 c\u0153urs, 12 Mo de cache)<\/strong>, il offre une exp\u00e9rience fluide pour le travail, les \u00e9tudes, le multim\u00e9dia et le gaming l\u00e9ger.<\/p>\n<h3 data-section-id=\"qgm3xx\" data-start=\"559\" data-end=\"603\">Caract\u00e9ristiques techniques d\u00e9taill\u00e9es :<\/h3>\n<ul data-start=\"604\" data-end=\"1497\">\n<li data-section-id=\"1tg3m4l\" data-start=\"604\" data-end=\"680\">\n<p data-start=\"606\" data-end=\"680\"><strong data-start=\"606\" data-end=\"615\">\u00c9cran<\/strong> : 15,6&Prime; Full HD (1920\u00d71080) pour des images nettes et pr\u00e9cises<\/p>\n<\/li>\n<li data-section-id=\"w6oyte\" data-start=\"681\" data-end=\"786\">\n<p data-start=\"683\" data-end=\"786\"><strong data-start=\"683\" data-end=\"697\">Processeur<\/strong> : Intel Core i5-13420H 13\u1d49 g\u00e9n\u00e9ration, Turbo jusqu\u2019\u00e0 4,60 GHz, 8 c\u0153urs, 12 Mo de cache<\/p>\n<\/li>\n<li data-section-id=\"10g2blm\" data-start=\"787\" data-end=\"848\">\n<p data-start=\"789\" data-end=\"848\"><strong data-start=\"789\" data-end=\"804\">M\u00e9moire RAM<\/strong> : 8 Go DDR4 pour un multit\u00e2che performant<\/p>\n<\/li>\n<li data-section-id=\"1k2y0se\" data-start=\"849\" data-end=\"934\">\n<p data-start=\"851\" data-end=\"934\"><strong data-start=\"851\" data-end=\"863\">Stockage<\/strong> : SSD 512 Go ultra-rapide pour d\u00e9marrages et chargements instantan\u00e9s<\/p>\n<\/li>\n<li data-section-id=\"zp6o12\" data-start=\"935\" data-end=\"1033\">\n<p data-start=\"937\" data-end=\"1033\"><strong data-start=\"937\" data-end=\"956\">Carte graphique<\/strong> : Intel UHD Graphics int\u00e9gr\u00e9e, id\u00e9ale pour la bureautique et le multim\u00e9dia<\/p>\n<\/li>\n<li data-section-id=\"1cijbn1\" data-start=\"1034\" data-end=\"1126\">\n<p data-start=\"1036\" data-end=\"1126\"><strong data-start=\"1036\" data-end=\"1062\">Syst\u00e8me d\u2019exploitation<\/strong> : Windows 11 Famille pr\u00e9install\u00e9 pour s\u00e9curit\u00e9 et performance<\/p>\n<\/li>\n<li data-section-id=\"1u35wuc\" data-start=\"1127\" data-end=\"1326\">\n<p data-start=\"1129\" data-end=\"1158\"><strong data-start=\"1129\" data-end=\"1154\">Connectivit\u00e9 compl\u00e8te<\/strong> :<\/p>\n<ul data-start=\"1161\" data-end=\"1326\">\n<li data-section-id=\"1ltz7aq\" data-start=\"1161\" data-end=\"1183\">\n<p data-start=\"1163\" data-end=\"1183\">1 \u00d7 USB 2.0 Type-A<\/p>\n<\/li>\n<li data-section-id=\"12zihn3\" data-start=\"1186\" data-end=\"1214\">\n<p data-start=\"1188\" data-end=\"1214\">2 \u00d7 USB 3.2 Gen 1 Type-A<\/p>\n<\/li>\n<li data-section-id=\"1ihkzqm\" data-start=\"1217\" data-end=\"1245\">\n<p data-start=\"1219\" data-end=\"1245\">1 \u00d7 USB 3.2 Gen 1 Type-C<\/p>\n<\/li>\n<li data-section-id=\"1ycthil\" data-start=\"1248\" data-end=\"1264\">\n<p data-start=\"1250\" data-end=\"1264\">1 \u00d7 HDMI 1.4<\/p>\n<\/li>\n<li data-section-id=\"otr59j\" data-start=\"1267\" data-end=\"1302\">\n<p data-start=\"1269\" data-end=\"1302\">1 \u00d7 prise audio combin\u00e9e 3,5 mm<\/p>\n<\/li>\n<li data-section-id=\"90j1i6\" data-start=\"1305\" data-end=\"1326\">\n<p data-start=\"1307\" data-end=\"1326\">WiFi et Bluetooth<\/p>\n<\/li>\n<\/ul>\n<\/li>\n<li data-section-id=\"ct8hob\" data-start=\"1327\" data-end=\"1406\">\n<p data-start=\"1329\" data-end=\"1406\"><strong data-start=\"1329\" data-end=\"1340\">Clavier<\/strong> : Chiclet avec pav\u00e9 num\u00e9rique pour un confort de saisie optimal<\/p>\n<\/li>\n<li data-section-id=\"ktrn07\" data-start=\"1407\" data-end=\"1458\">\n<p data-start=\"1409\" data-end=\"1458\"><strong data-start=\"1409\" data-end=\"1420\">Couleur<\/strong> : Silver, design moderne et \u00e9l\u00e9gant<\/p>\n<\/li>\n<li data-section-id=\"1pzrkmb\" data-start=\"1459\" data-end=\"1497\">\n<p data-start=\"1461\" data-end=\"1497\"><strong data-start=\"1461\" data-end=\"1473\">Garantie<\/strong> : 1 an (ASUS Tunisie)<\/p>\n<\/li>\n<\/ul>\n<h3 data-section-id=\"hvibmt\" data-start=\"1499\" data-end=\"1548\">Pourquoi choisir l\u2019ASUS Vivobook 15 X1502VA ?<\/h3>\n<p data-start=\"1549\" data-end=\"1584\">Ce PC portable est parfait pour :<\/p>\n<ul data-start=\"1585\" data-end=\"1827\">\n<li data-section-id=\"2rm29x\" data-start=\"1585\" data-end=\"1676\">\n<p data-start=\"1587\" data-end=\"1676\">Les \u00e9tudiants qui ont besoin d\u2019un ordinateur rapide et fiable pour les cours et projets<\/p>\n<\/li>\n<li data-section-id=\"atko8n\" data-start=\"1677\" data-end=\"1754\">\n<p data-start=\"1679\" data-end=\"1754\">Les professionnels travaillant sur des t\u00e2ches bureautiques et multim\u00e9dias<\/p>\n<\/li>\n<li data-section-id=\"14ofiby\" data-start=\"1755\" data-end=\"1827\">\n<p data-start=\"1757\" data-end=\"1827\">Les particuliers cherchant un laptop polyvalent, puissant et \u00e9l\u00e9gant<\/p>\n<\/li>\n<\/ul>\n<p data-start=\"1829\" data-end=\"2007\">Gr\u00e2ce \u00e0 son SSD rapide et \u00e0 son processeur derni\u00e8re g\u00e9n\u00e9ration, le <strong data-start=\"1896\" data-end=\"1919\">Vivobook 15 X1502VA<\/strong> assure fluidit\u00e9, performance et r\u00e9activit\u00e9 pour toutes vos applications quotidiennes.<\/p>\n<p data-start=\"2009\" data-end=\"2202\">Disponible d\u00e8s maintenant chez <strong data-start=\"2040\" data-end=\"2061\">Electro Ben Njima<\/strong> au meilleur prix en Tunisie. Profitez de la performance et du design du <strong data-start=\"2134\" data-end=\"2162\">ASUS Vivobook 15 X1502VA<\/strong> pour toutes vos activit\u00e9s num\u00e9riques.<\/p>","protected":false},"featured_media":8043,"comment_status":"open","ping_status":"closed","template":"","meta":[],"product_brand":[],"product_cat":[245],"product_tag":[],"class_list":{"0":"post-8000","1":"product","2":"type-product","3":"status-publish","4":"has-post-thumbnail","6":"product_cat-pc-portables","8":"first","9":"instock","10":"shipping-taxable","11":"product-type-simple"},"_links":{"self":[{"href":"https:\/\/electrobennjima.tn\/en\/wp-json\/wp\/v2\/product\/8000","targetHints":{"allow":["GET"]}}],"collection":[{"href":"https:\/\/electrobennjima.tn\/en\/wp-json\/wp\/v2\/product"}],"about":[{"href":"https:\/\/electrobennjima.tn\/en\/wp-json\/wp\/v2\/types\/product"}],"replies":[{"embeddable":true,"href":"https:\/\/electrobennjima.tn\/en\/wp-json\/wp\/v2\/comments?post=8000"}],"wp:featuredmedia":[{"embeddable":true,"href":"https:\/\/electrobennjima.tn\/en\/wp-json\/wp\/v2\/media\/8043"}],"wp:attachment":[{"href":"https:\/\/electrobennjima.tn\/en\/wp-json\/wp\/v2\/media?parent=8000"}],"wp:term":[{"taxonomy":"product_brand","embeddable":true,"href":"https:\/\/electrobennjima.tn\/en\/wp-json\/wp\/v2\/product_brand?post=8000"},{"taxonomy":"product_cat","embeddable":true,"href":"https:\/\/electrobennjima.tn\/en\/wp-json\/wp\/v2\/product_cat?post=8000"},{"taxonomy":"product_tag","embeddable":true,"href":"https:\/\/electrobennjima.tn\/en\/wp-json\/wp\/v2\/product_tag?post=8000"}],"curies":[{"name":"wp","href":"https:\/\/api.w.org\/{rel}","templated":true}]}}