{"id":8688,"date":"2026-03-27T09:46:40","date_gmt":"2026-03-27T09:46:40","guid":{"rendered":"https:\/\/electrobennjima.tn\/?post_type=product&#038;p=8688"},"modified":"2026-03-27T09:46:40","modified_gmt":"2026-03-27T09:46:40","slug":"frigo-hoover-nf-twins-350l","status":"publish","type":"product","link":"https:\/\/electrobennjima.tn\/en\/frigo-hoover-nf-twins-350l\/","title":{"rendered":"FRIGO HOOVER NF TWINS-350L"},"content":{"rendered":"<p>&nbsp;<\/p>\n<table id=\"product-attribute-specs-table\" class=\"data table additional-attributes\">\n<tbody>\n<tr>\n<th class=\"col label\" scope=\"row\">R\u00e9f\u00e9rence<\/th>\n<td class=\"col data\" data-th=\"gtin\">FGHLF-1864XM<\/td>\n<\/tr>\n<tr>\n<th class=\"col label\" scope=\"row\">Marque<\/th>\n<td class=\"col data\" data-th=\"Marque\">HOOVER<\/td>\n<\/tr>\n<tr>\n<th class=\"col label\" scope=\"row\">Type de Pose<\/th>\n<td class=\"col data\" data-th=\"Type de Pose\">Pose Libre<\/td>\n<\/tr>\n<tr>\n<th class=\"col label\" scope=\"row\">Type<\/th>\n<td class=\"col data\" data-th=\"Type\">Vertical<\/td>\n<\/tr>\n<tr>\n<th class=\"col label\" scope=\"row\">Syst\u00e8me de Refroidissement<\/th>\n<td class=\"col data\" data-th=\"Syst\u00e8me de Refroidissement\">NoFrost<\/td>\n<\/tr>\n<tr>\n<th class=\"col label\" scope=\"row\">Inverter<\/th>\n<td class=\"col data\" data-th=\"Inverter\">Non<\/td>\n<\/tr>\n<tr>\n<th class=\"col label\" scope=\"row\">Classe \u00c9nerg\u00e9tique<\/th>\n<td class=\"col data\" data-th=\"Classe \u00c9nerg\u00e9tique\">E<\/td>\n<\/tr>\n<tr>\n<th class=\"col label\" scope=\"row\">Avec Distributeur<\/th>\n<td class=\"col data\" data-th=\"Avec Distributeur\">Non<\/td>\n<\/tr>\n<tr>\n<th class=\"col label\" scope=\"row\">Afficheur<\/th>\n<td class=\"col data\" data-th=\"Afficheur \">afficheur (LED)<\/td>\n<\/tr>\n<tr>\n<th class=\"col label\" scope=\"row\">Volume Brut<\/th>\n<td class=\"col data\" data-th=\"Volume Brut\">Entre 201 et 300 litres<\/td>\n<\/tr>\n<tr>\n<th class=\"col label\" scope=\"row\">Nombre de portes<\/th>\n<td class=\"col data\" data-th=\"Nombre de portes\">2 portes<\/td>\n<\/tr>\n<tr>\n<th class=\"col label\" scope=\"row\">D\u00e9givrage<\/th>\n<td class=\"col data\" data-th=\"D\u00e9givrage\">Automatique<\/td>\n<\/tr>\n<tr>\n<th class=\"col label\" scope=\"row\">Niveau de bruit<\/th>\n<td class=\"col data\" data-th=\"Niveau de bruit\">41dB<\/td>\n<\/tr>\n<tr>\n<th class=\"col label\" scope=\"row\">Courant d&rsquo;entr\u00e9e<\/th>\n<td class=\"col data\" data-th=\"Courant d'entr\u00e9e\">50 Hz<\/td>\n<\/tr>\n<tr>\n<th class=\"col label\" scope=\"row\">Poids<\/th>\n<td class=\"col data\" data-th=\"Poids\">75 kg<\/td>\n<\/tr>\n<tr>\n<th class=\"col label\" scope=\"row\">Dimensions<\/th>\n<td class=\"col data\" data-th=\"Dimensions\">1855 x\u00a0595 x 645 mm<\/td>\n<\/tr>\n<tr>\n<th class=\"col label\" scope=\"row\">Couleur<\/th>\n<td class=\"col data\" data-th=\"Couleur\">Gris<\/td>\n<\/tr>\n<tr>\n<th class=\"col label\" scope=\"row\">Garantie<\/th>\n<td class=\"col data\" data-th=\"Garantie\">3 ans<\/td>\n<\/tr>\n<\/tbody>\n<\/table>","protected":false},"excerpt":{"rendered":"<p>&nbsp; R\u00e9f\u00e9rence FGHLF-1864XM Marque HOOVER Type de Pose Pose Libre Type Vertical Syst\u00e8me de Refroidissement NoFrost Inverter Non Classe \u00c9nerg\u00e9tique E Avec Distributeur Non Afficheur afficheur (LED) Volume Brut Entre 201 et 300 litres Nombre de portes 2 portes D\u00e9givrage Automatique Niveau de bruit 41dB Courant d&rsquo;entr\u00e9e 50 Hz Poids 75 kg Dimensions 1855 x\u00a0595 [&hellip;]<\/p>","protected":false},"featured_media":8690,"comment_status":"open","ping_status":"closed","template":"","meta":[],"product_brand":[98],"product_cat":[17,19],"product_tag":[],"class_list":{"0":"post-8688","1":"product","2":"type-product","3":"status-publish","4":"has-post-thumbnail","6":"product_brand-hoover","7":"product_cat-electromenager","8":"product_cat-refrigerateur","10":"first","11":"instock","12":"shipping-taxable","13":"purchasable","14":"product-type-simple"},"_links":{"self":[{"href":"https:\/\/electrobennjima.tn\/en\/wp-json\/wp\/v2\/product\/8688","targetHints":{"allow":["GET"]}}],"collection":[{"href":"https:\/\/electrobennjima.tn\/en\/wp-json\/wp\/v2\/product"}],"about":[{"href":"https:\/\/electrobennjima.tn\/en\/wp-json\/wp\/v2\/types\/product"}],"replies":[{"embeddable":true,"href":"https:\/\/electrobennjima.tn\/en\/wp-json\/wp\/v2\/comments?post=8688"}],"wp:featuredmedia":[{"embeddable":true,"href":"https:\/\/electrobennjima.tn\/en\/wp-json\/wp\/v2\/media\/8690"}],"wp:attachment":[{"href":"https:\/\/electrobennjima.tn\/en\/wp-json\/wp\/v2\/media?parent=8688"}],"wp:term":[{"taxonomy":"product_brand","embeddable":true,"href":"https:\/\/electrobennjima.tn\/en\/wp-json\/wp\/v2\/product_brand?post=8688"},{"taxonomy":"product_cat","embeddable":true,"href":"https:\/\/electrobennjima.tn\/en\/wp-json\/wp\/v2\/product_cat?post=8688"},{"taxonomy":"product_tag","embeddable":true,"href":"https:\/\/electrobennjima.tn\/en\/wp-json\/wp\/v2\/product_tag?post=8688"}],"curies":[{"name":"wp","href":"https:\/\/api.w.org\/{rel}","templated":true}]}}