{"id":8771,"date":"2026-03-27T15:30:05","date_gmt":"2026-03-27T15:30:05","guid":{"rendered":"https:\/\/electrobennjima.tn\/?post_type=product&#038;p=8771"},"modified":"2026-03-27T15:30:05","modified_gmt":"2026-03-27T15:30:05","slug":"frigo-mont-blanc-350l-blanc","status":"publish","type":"product","link":"https:\/\/electrobennjima.tn\/en\/frigo-mont-blanc-350l-blanc\/","title":{"rendered":"FRIGO MONT BLANC 350L &#8211; Blanc"},"content":{"rendered":"<table id=\"product-attribute-specs-table\" class=\"data table additional-attributes\">\n<tbody>\n<tr>\n<th class=\"col label\" scope=\"row\">R\u00e9f\u00e9rence<\/th>\n<td class=\"col data\" data-th=\"Prix\">FGMBFB35<\/td>\n<\/tr>\n<tr>\n<th class=\"col label\" scope=\"row\">Garantie<\/th>\n<td class=\"col data\" data-th=\"Garantie:\">2 ans<\/td>\n<\/tr>\n<tr>\n<th class=\"col label\" scope=\"row\">Classe \u00e9nerg\u00e9tique<\/th>\n<td class=\"col data\" data-th=\"Classe \u00e9nerg\u00e9tique\">3<\/td>\n<\/tr>\n<tr>\n<th class=\"col label\" scope=\"row\">Type de R\u00e9frig\u00e9rateur<\/th>\n<td class=\"col data\" data-th=\"Type de R\u00e9frig\u00e9rateur \">1 Porte<\/td>\n<\/tr>\n<tr>\n<th class=\"col label\" scope=\"row\">Syst\u00e8me Refroidissement<\/th>\n<td class=\"col data\" data-th=\"Syst\u00e8me Refroidissement\">De-Frost<\/td>\n<\/tr>\n<tr>\n<th class=\"col label\" scope=\"row\">Pose<\/th>\n<td class=\"col data\" data-th=\"Pose \">Libre<\/td>\n<\/tr>\n<tr>\n<th class=\"col label\" scope=\"row\">Fonctions &amp; Technologie<\/th>\n<td class=\"col data\" data-th=\"Fonctions &amp; Technologie\">&#8211;<\/td>\n<\/tr>\n<tr>\n<th class=\"col label\" scope=\"row\">Capacit\u00e9<\/th>\n<td class=\"col data\" data-th=\"Capacit\u00e9 \">301L \u00e0 450 L<\/td>\n<\/tr>\n<tr>\n<th class=\"col label\" scope=\"row\">Capacit\u00e9 de Cong\u00e9lation<\/th>\n<td class=\"col data\" data-th=\"Capacit\u00e9 de Cong\u00e9lation\">98 L<\/td>\n<\/tr>\n<tr>\n<th class=\"col label\" scope=\"row\">Eclairage<\/th>\n<td class=\"col data\" data-th=\"Eclairage\">Oui<\/td>\n<\/tr>\n<tr>\n<th class=\"col label\" scope=\"row\">Couleur<\/th>\n<td class=\"col data\" data-th=\"Couleur:\">Blanc<\/td>\n<\/tr>\n<\/tbody>\n<\/table>","protected":false},"excerpt":{"rendered":"<p>R\u00e9f\u00e9rence FGMBFB35 Garantie 2 ans Classe \u00e9nerg\u00e9tique 3 Type de R\u00e9frig\u00e9rateur 1 Porte Syst\u00e8me Refroidissement De-Frost Pose Libre Fonctions &amp; Technologie &#8211; Capacit\u00e9 301L \u00e0 450 L Capacit\u00e9 de Cong\u00e9lation 98 L Eclairage Oui Couleur Blanc<\/p>","protected":false},"featured_media":8772,"comment_status":"open","ping_status":"closed","template":"","meta":[],"product_brand":[23],"product_cat":[17,22],"product_tag":[],"class_list":{"0":"post-8771","1":"product","2":"type-product","3":"status-publish","4":"has-post-thumbnail","6":"product_brand-mont-blanc","7":"product_cat-electromenager","8":"product_cat-refrigerateurs","10":"first","11":"instock","12":"shipping-taxable","13":"purchasable","14":"product-type-simple"},"_links":{"self":[{"href":"https:\/\/electrobennjima.tn\/en\/wp-json\/wp\/v2\/product\/8771","targetHints":{"allow":["GET"]}}],"collection":[{"href":"https:\/\/electrobennjima.tn\/en\/wp-json\/wp\/v2\/product"}],"about":[{"href":"https:\/\/electrobennjima.tn\/en\/wp-json\/wp\/v2\/types\/product"}],"replies":[{"embeddable":true,"href":"https:\/\/electrobennjima.tn\/en\/wp-json\/wp\/v2\/comments?post=8771"}],"wp:featuredmedia":[{"embeddable":true,"href":"https:\/\/electrobennjima.tn\/en\/wp-json\/wp\/v2\/media\/8772"}],"wp:attachment":[{"href":"https:\/\/electrobennjima.tn\/en\/wp-json\/wp\/v2\/media?parent=8771"}],"wp:term":[{"taxonomy":"product_brand","embeddable":true,"href":"https:\/\/electrobennjima.tn\/en\/wp-json\/wp\/v2\/product_brand?post=8771"},{"taxonomy":"product_cat","embeddable":true,"href":"https:\/\/electrobennjima.tn\/en\/wp-json\/wp\/v2\/product_cat?post=8771"},{"taxonomy":"product_tag","embeddable":true,"href":"https:\/\/electrobennjima.tn\/en\/wp-json\/wp\/v2\/product_tag?post=8771"}],"curies":[{"name":"wp","href":"https:\/\/api.w.org\/{rel}","templated":true}]}}