{"id":8774,"date":"2026-03-27T15:35:26","date_gmt":"2026-03-27T15:35:26","guid":{"rendered":"https:\/\/electrobennjima.tn\/?post_type=product&#038;p=8774"},"modified":"2026-03-27T15:35:27","modified_gmt":"2026-03-27T15:35:27","slug":"frigo-mont-blanc-500-l-nf-silver","status":"publish","type":"product","link":"https:\/\/electrobennjima.tn\/en\/frigo-mont-blanc-500-l-nf-silver\/","title":{"rendered":"FRIGO MONT BLANC \/500 L NF &#8211; SILVER"},"content":{"rendered":"<table id=\"product-attribute-specs-table\" class=\"data table additional-attributes\">\n<tbody>\n<tr>\n<th class=\"col label\" scope=\"row\">R\u00e9f\u00e9rence:<\/th>\n<td class=\"col data\" data-th=\"R\u00e9f\u00e9rence:\">FGMBFBMR500XNO<\/td>\n<\/tr>\n<tr>\n<th class=\"col label\" scope=\"row\">Garantie:<\/th>\n<td class=\"col data\" data-th=\"Garantie:\">2 ans<\/td>\n<\/tr>\n<tr>\n<th class=\"col label\" scope=\"row\">Classe \u00e9nerg\u00e9tique<\/th>\n<td class=\"col data\" data-th=\"Classe \u00e9nerg\u00e9tique\">1<\/td>\n<\/tr>\n<tr>\n<th class=\"col label\" scope=\"row\">Type de R\u00e9frig\u00e9rateur<\/th>\n<td class=\"col data\" data-th=\"Type de R\u00e9frig\u00e9rateur \">Double Porte<\/td>\n<\/tr>\n<tr>\n<th class=\"col label\" scope=\"row\">Syst\u00e8me Refroidissement<\/th>\n<td class=\"col data\" data-th=\"Syst\u00e8me Refroidissement\">No-Frost (sans givre)<\/td>\n<\/tr>\n<tr>\n<th class=\"col label\" scope=\"row\">Pose<\/th>\n<td class=\"col data\" data-th=\"Pose \">Libre<\/td>\n<\/tr>\n<tr>\n<th class=\"col label\" scope=\"row\">Fonctions &amp; Technologie<\/th>\n<td class=\"col data\" data-th=\"Fonctions &amp; Technologie\">&#8211;<\/td>\n<\/tr>\n<tr>\n<th class=\"col label\" scope=\"row\">Capacit\u00e9<\/th>\n<td class=\"col data\" data-th=\"Capacit\u00e9 \">de 451 \u00e0 600 L<\/td>\n<\/tr>\n<tr>\n<th class=\"col label\" scope=\"row\">Capacit\u00e9 de Cong\u00e9lation<\/th>\n<td class=\"col data\" data-th=\"Capacit\u00e9 de Cong\u00e9lation\">100 L<\/td>\n<\/tr>\n<tr>\n<th class=\"col label\" scope=\"row\">Eclairage<\/th>\n<td class=\"col data\" data-th=\"Eclairage\">Oui<\/td>\n<\/tr>\n<tr>\n<th class=\"col label\" scope=\"row\">Couleur:<\/th>\n<td class=\"col data\" data-th=\"Couleur:\">Silver<\/td>\n<\/tr>\n<\/tbody>\n<\/table>","protected":false},"excerpt":{"rendered":"<p>R\u00e9f\u00e9rence: FGMBFBMR500XNO Garantie: 2 ans Classe \u00e9nerg\u00e9tique 1 Type de R\u00e9frig\u00e9rateur Double Porte Syst\u00e8me Refroidissement No-Frost (sans givre) Pose Libre Fonctions &amp; Technologie &#8211; Capacit\u00e9 de 451 \u00e0 600 L Capacit\u00e9 de Cong\u00e9lation 100 L Eclairage Oui Couleur: Silver<\/p>","protected":false},"featured_media":8775,"comment_status":"open","ping_status":"closed","template":"","meta":[],"product_brand":[23],"product_cat":[17],"product_tag":[],"class_list":{"0":"post-8774","1":"product","2":"type-product","3":"status-publish","4":"has-post-thumbnail","6":"product_brand-mont-blanc","7":"product_cat-electromenager","9":"first","10":"instock","11":"shipping-taxable","12":"product-type-simple"},"_links":{"self":[{"href":"https:\/\/electrobennjima.tn\/en\/wp-json\/wp\/v2\/product\/8774","targetHints":{"allow":["GET"]}}],"collection":[{"href":"https:\/\/electrobennjima.tn\/en\/wp-json\/wp\/v2\/product"}],"about":[{"href":"https:\/\/electrobennjima.tn\/en\/wp-json\/wp\/v2\/types\/product"}],"replies":[{"embeddable":true,"href":"https:\/\/electrobennjima.tn\/en\/wp-json\/wp\/v2\/comments?post=8774"}],"wp:featuredmedia":[{"embeddable":true,"href":"https:\/\/electrobennjima.tn\/en\/wp-json\/wp\/v2\/media\/8775"}],"wp:attachment":[{"href":"https:\/\/electrobennjima.tn\/en\/wp-json\/wp\/v2\/media?parent=8774"}],"wp:term":[{"taxonomy":"product_brand","embeddable":true,"href":"https:\/\/electrobennjima.tn\/en\/wp-json\/wp\/v2\/product_brand?post=8774"},{"taxonomy":"product_cat","embeddable":true,"href":"https:\/\/electrobennjima.tn\/en\/wp-json\/wp\/v2\/product_cat?post=8774"},{"taxonomy":"product_tag","embeddable":true,"href":"https:\/\/electrobennjima.tn\/en\/wp-json\/wp\/v2\/product_tag?post=8774"}],"curies":[{"name":"wp","href":"https:\/\/api.w.org\/{rel}","templated":true}]}}