{"id":8778,"date":"2026-03-27T15:46:21","date_gmt":"2026-03-27T15:46:21","guid":{"rendered":"https:\/\/electrobennjima.tn\/?post_type=product&#038;p=8778"},"modified":"2026-03-27T15:46:21","modified_gmt":"2026-03-27T15:46:21","slug":"frigo-mont-blanc-fb30-2p-300l-blanc","status":"publish","type":"product","link":"https:\/\/electrobennjima.tn\/en\/frigo-mont-blanc-fb30-2p-300l-blanc\/","title":{"rendered":"FRIGO MONT BLANC FB30 2P\/  300L &#8211; BLANC"},"content":{"rendered":"<table class=\"additional-attributes w-full\">\n<tbody>\n<tr class=\"border-b border-grey-400 last:border-b-0 first:border-t text-sm\ttransition-all duration-200 ease-in\">\n<th class=\"col label w-1\/3 py-4 pl-4 text-left text-primary font-semibold product-attribute-label\" scope=\"row\">Marque<\/th>\n<td class=\"col data w-1\/2 py-4 pl-2 text-left text-primary product-attribute-value\" data-th=\"Marque\">MONTBLANC<\/td>\n<\/tr>\n<tr class=\"border-b border-grey-400 last:border-b-0 first:border-t text-sm\ttransition-all duration-200 ease-in\">\n<th class=\"col label w-1\/3 py-4 pl-4 text-left text-primary font-semibold product-attribute-label\" scope=\"row\">R\u00e9f\u00e9rence<\/th>\n<td class=\"col data w-1\/2 py-4 pl-2 text-left text-primary product-attribute-value\" data-th=\"R\u00e9f\u00e9rence\">FGMBFB30<\/td>\n<\/tr>\n<tr class=\"border-b border-grey-400 last:border-b-0 first:border-t text-sm\ttransition-all duration-200 ease-in\">\n<th class=\"col label w-1\/3 py-4 pl-4 text-left text-primary font-semibold product-attribute-label\" scope=\"row\">Type<\/th>\n<td class=\"col data w-1\/2 py-4 pl-2 text-left text-primary product-attribute-value\" data-th=\"Type\">R\u00e9frig\u00e9rateur<\/td>\n<\/tr>\n<tr class=\"border-b border-grey-400 last:border-b-0 first:border-t text-sm\ttransition-all duration-200 ease-in\">\n<th class=\"col label w-1\/3 py-4 pl-4 text-left text-primary font-semibold product-attribute-label\" scope=\"row\">Type de pose<\/th>\n<td class=\"col data w-1\/2 py-4 pl-2 text-left text-primary product-attribute-value\" data-th=\"Type de pose\">Pose Libre<\/td>\n<\/tr>\n<tr class=\"border-b border-grey-400 last:border-b-0 first:border-t text-sm\ttransition-all duration-200 ease-in\">\n<th class=\"col label w-1\/3 py-4 pl-4 text-left text-primary font-semibold product-attribute-label\" scope=\"row\">Syst\u00e8me de refroidissement<\/th>\n<td class=\"col data w-1\/2 py-4 pl-2 text-left text-primary product-attribute-value\" data-th=\"Syst\u00e8me de refroidissement\">DEFROST<\/td>\n<\/tr>\n<tr class=\"border-b border-grey-400 last:border-b-0 first:border-t text-sm\ttransition-all duration-200 ease-in\">\n<th class=\"col label w-1\/3 py-4 pl-4 text-left text-primary font-semibold product-attribute-label\" scope=\"row\">Volume brut<\/th>\n<td class=\"col data w-1\/2 py-4 pl-2 text-left text-primary product-attribute-value\" data-th=\"Volume brut\">300 Litres<\/td>\n<\/tr>\n<tr class=\"border-b border-grey-400 last:border-b-0 first:border-t text-sm\ttransition-all duration-200 ease-in\">\n<th class=\"col label w-1\/3 py-4 pl-4 text-left text-primary font-semibold product-attribute-label\" scope=\"row\">Avec distributeur<\/th>\n<td class=\"col data w-1\/2 py-4 pl-2 text-left text-primary product-attribute-value\" data-th=\"Avec distributeur\">Non<\/td>\n<\/tr>\n<\/tbody>\n<\/table>","protected":false},"excerpt":{"rendered":"<p>Marque MONTBLANC R\u00e9f\u00e9rence FGMBFB30 Type R\u00e9frig\u00e9rateur Type de pose Pose Libre Syst\u00e8me de refroidissement DEFROST Volume brut 300 Litres Avec distributeur Non<\/p>","protected":false},"featured_media":8779,"comment_status":"open","ping_status":"closed","template":"","meta":[],"product_brand":[23],"product_cat":[17,22],"product_tag":[],"class_list":{"0":"post-8778","1":"product","2":"type-product","3":"status-publish","4":"has-post-thumbnail","6":"product_brand-mont-blanc","7":"product_cat-electromenager","8":"product_cat-refrigerateurs","10":"first","11":"instock","12":"shipping-taxable","13":"purchasable","14":"product-type-simple"},"_links":{"self":[{"href":"https:\/\/electrobennjima.tn\/en\/wp-json\/wp\/v2\/product\/8778","targetHints":{"allow":["GET"]}}],"collection":[{"href":"https:\/\/electrobennjima.tn\/en\/wp-json\/wp\/v2\/product"}],"about":[{"href":"https:\/\/electrobennjima.tn\/en\/wp-json\/wp\/v2\/types\/product"}],"replies":[{"embeddable":true,"href":"https:\/\/electrobennjima.tn\/en\/wp-json\/wp\/v2\/comments?post=8778"}],"wp:featuredmedia":[{"embeddable":true,"href":"https:\/\/electrobennjima.tn\/en\/wp-json\/wp\/v2\/media\/8779"}],"wp:attachment":[{"href":"https:\/\/electrobennjima.tn\/en\/wp-json\/wp\/v2\/media?parent=8778"}],"wp:term":[{"taxonomy":"product_brand","embeddable":true,"href":"https:\/\/electrobennjima.tn\/en\/wp-json\/wp\/v2\/product_brand?post=8778"},{"taxonomy":"product_cat","embeddable":true,"href":"https:\/\/electrobennjima.tn\/en\/wp-json\/wp\/v2\/product_cat?post=8778"},{"taxonomy":"product_tag","embeddable":true,"href":"https:\/\/electrobennjima.tn\/en\/wp-json\/wp\/v2\/product_tag?post=8778"}],"curies":[{"name":"wp","href":"https:\/\/api.w.org\/{rel}","templated":true}]}}