{"id":8788,"date":"2026-03-28T07:40:22","date_gmt":"2026-03-28T07:40:22","guid":{"rendered":"https:\/\/electrobennjima.tn\/?post_type=product&#038;p=8788"},"modified":"2026-03-28T07:40:22","modified_gmt":"2026-03-28T07:40:22","slug":"frigo-mont-blanc-noir-electrique","status":"publish","type":"product","link":"https:\/\/electrobennjima.tn\/en\/frigo-mont-blanc-noir-electrique\/","title":{"rendered":"FRIGO MONT BLANC &#8211; NOIR ELECTRIQUE"},"content":{"rendered":"<table id=\"product-attribute-specs-table\" class=\"data table additional-attributes\">\n<tbody>\n<tr>\n<th class=\"col label\" scope=\"row\">R\u00e9f\u00e9rence<\/th>\n<td class=\"col data\" data-th=\"DISPONIBILIT\u00c9\">FGMBFNR35<\/td>\n<\/tr>\n<tr>\n<th class=\"col label\" scope=\"row\">Poids<\/th>\n<td class=\"col data\" data-th=\"gtin\">60 kg<\/td>\n<\/tr>\n<tr>\n<th class=\"col label\" scope=\"row\">Marque<\/th>\n<td class=\"col data\" data-th=\"Marque\">MONTBLANC<\/td>\n<\/tr>\n<tr>\n<th class=\"col label\" scope=\"row\">Garantie<\/th>\n<td class=\"col data\" data-th=\"Type de Pose\">2 ans<\/td>\n<\/tr>\n<tr>\n<th class=\"col label\" scope=\"row\">Classe \u00c9nerg\u00e9tique<\/th>\n<td class=\"col data\" data-th=\"Type\">A++<\/td>\n<\/tr>\n<tr>\n<th class=\"col label\" scope=\"row\">Syst\u00e8me de Refroidissement<\/th>\n<td class=\"col data\" data-th=\"Syst\u00e8me de Refroidissement\">DeFrost<\/td>\n<\/tr>\n<tr>\n<th class=\"col label\" scope=\"row\">IVolume Brut<\/th>\n<td class=\"col data\" data-th=\"Inverter\">Entre 301 et 400 litres<\/td>\n<\/tr>\n<tr>\n<th class=\"col label\" scope=\"row\">Couleur<\/th>\n<td class=\"col data\" data-th=\"Classe \u00c9nerg\u00e9tique\">Noir<\/td>\n<\/tr>\n<tr>\n<th class=\"col label\" scope=\"row\">Avec Distributeur<\/th>\n<td class=\"col data\" data-th=\"Avec Distributeur\">Non<\/td>\n<\/tr>\n<tr>\n<th class=\"col label\" scope=\"row\">Afficheur<\/th>\n<td class=\"col data\" data-th=\"Afficheur \">Sans Afficheur<\/td>\n<\/tr>\n<tr>\n<th class=\"col label\" scope=\"row\">Dimension<\/th>\n<td class=\"col data\" data-th=\"Ecran\">170x60x60 cm<\/td>\n<\/tr>\n<tr>\n<th class=\"col label\" scope=\"row\">Type de R\u00e9frig\u00e9rateur<\/th>\n<td class=\"col data\" data-th=\"Volume Brut\">Double-Portes<\/td>\n<\/tr>\n<\/tbody>\n<\/table>","protected":false},"excerpt":{"rendered":"<p>R\u00e9f\u00e9rence FGMBFNR35 Poids 60 kg Marque MONTBLANC Garantie 2 ans Classe \u00c9nerg\u00e9tique A++ Syst\u00e8me de Refroidissement DeFrost IVolume Brut Entre 301 et 400 litres Couleur Noir Avec Distributeur Non Afficheur Sans Afficheur Dimension 170x60x60 cm Type de R\u00e9frig\u00e9rateur Double-Portes<\/p>","protected":false},"featured_media":8789,"comment_status":"open","ping_status":"closed","template":"","meta":[],"product_brand":[23],"product_cat":[17,22],"product_tag":[],"class_list":{"0":"post-8788","1":"product","2":"type-product","3":"status-publish","4":"has-post-thumbnail","6":"product_brand-mont-blanc","7":"product_cat-electromenager","8":"product_cat-refrigerateurs","10":"first","11":"instock","12":"shipping-taxable","13":"purchasable","14":"product-type-simple"},"_links":{"self":[{"href":"https:\/\/electrobennjima.tn\/en\/wp-json\/wp\/v2\/product\/8788","targetHints":{"allow":["GET"]}}],"collection":[{"href":"https:\/\/electrobennjima.tn\/en\/wp-json\/wp\/v2\/product"}],"about":[{"href":"https:\/\/electrobennjima.tn\/en\/wp-json\/wp\/v2\/types\/product"}],"replies":[{"embeddable":true,"href":"https:\/\/electrobennjima.tn\/en\/wp-json\/wp\/v2\/comments?post=8788"}],"wp:featuredmedia":[{"embeddable":true,"href":"https:\/\/electrobennjima.tn\/en\/wp-json\/wp\/v2\/media\/8789"}],"wp:attachment":[{"href":"https:\/\/electrobennjima.tn\/en\/wp-json\/wp\/v2\/media?parent=8788"}],"wp:term":[{"taxonomy":"product_brand","embeddable":true,"href":"https:\/\/electrobennjima.tn\/en\/wp-json\/wp\/v2\/product_brand?post=8788"},{"taxonomy":"product_cat","embeddable":true,"href":"https:\/\/electrobennjima.tn\/en\/wp-json\/wp\/v2\/product_cat?post=8788"},{"taxonomy":"product_tag","embeddable":true,"href":"https:\/\/electrobennjima.tn\/en\/wp-json\/wp\/v2\/product_tag?post=8788"}],"curies":[{"name":"wp","href":"https:\/\/api.w.org\/{rel}","templated":true}]}}