{"id":8796,"date":"2026-03-28T08:05:08","date_gmt":"2026-03-28T08:05:08","guid":{"rendered":"https:\/\/electrobennjima.tn\/?post_type=product&#038;p=8796"},"modified":"2026-03-30T08:40:57","modified_gmt":"2026-03-30T08:40:57","slug":"frigo-saba-sn643s-n-f-575l-silver","status":"publish","type":"product","link":"https:\/\/electrobennjima.tn\/en\/frigo-saba-sn643s-n-f-575l-silver\/","title":{"rendered":"FRIGO SABA SN643S N-F  575L \/ SILVER"},"content":{"rendered":"<table id=\"product-attribute-specs-table\" class=\"data table additional-attributes\">\n<tbody>\n<tr>\n<th class=\"col label\" scope=\"row\">R\u00e9f\u00e9rence<\/th>\n<td class=\"col data\" data-th=\"gtin\">FGSASN643S<\/td>\n<\/tr>\n<tr>\n<th class=\"col label\" scope=\"row\">Marque<\/th>\n<td class=\"col data\" data-th=\"Marque\">SABA<\/td>\n<\/tr>\n<tr>\n<th class=\"col label\" scope=\"row\">Type de Pose<\/th>\n<td class=\"col data\" data-th=\"Type de Pose\">Pose Libre<\/td>\n<\/tr>\n<tr>\n<th class=\"col label\" scope=\"row\">Syst\u00e8me de Refroidissement<\/th>\n<td class=\"col data\" data-th=\"Type\"><a href=\"https:\/\/electrohadjkacem.com\/systeme-de-refroidissement\/nofrost\/\" rel=\"tag\">NoFrost<\/a><\/td>\n<\/tr>\n<tr>\n<th class=\"col label\" scope=\"row\">Avec Distributeur<\/th>\n<td class=\"col data\" data-th=\"Syst\u00e8me de Refroidissement\">Non<\/td>\n<\/tr>\n<tr>\n<th class=\"col label\" scope=\"row\">Afficheur<\/th>\n<td class=\"col data\" data-th=\"Inverter\"><a href=\"https:\/\/electrohadjkacem.com\/afficheur\/sans-afficheur\/\" rel=\"tag\">Sans Afficheur<\/a><\/td>\n<\/tr>\n<tr>\n<th class=\"col label\" scope=\"row\">Classe \u00c9nerg\u00e9tique<\/th>\n<td class=\"col data\" data-th=\"Classe \u00c9nerg\u00e9tique\">A++<\/td>\n<\/tr>\n<tr>\n<th class=\"col label\" scope=\"row\">Volume Brut<\/th>\n<td class=\"col data\" data-th=\"Avec Distributeur\"><a href=\"https:\/\/electrohadjkacem.com\/volume-brut\/501-600-litres\/\" rel=\"tag\">501 \u2013 600 Litres<\/a><\/td>\n<\/tr>\n<tr>\n<th class=\"col label\" scope=\"row\">Nombre de Portes<\/th>\n<td class=\"col data\" data-th=\"Afficheur \">2 portes<\/td>\n<\/tr>\n<tr>\n<th class=\"col label\" scope=\"row\">Couleur<\/th>\n<td class=\"col data\" data-th=\"Volume Brut\">SILVER<\/td>\n<\/tr>\n<tr>\n<th class=\"col label\" scope=\"row\">Dimensions<\/th>\n<td class=\"col data\" data-th=\"Nombre de portes\"><a href=\"https:\/\/electrohadjkacem.com\/dimensions\/h-x-l-x-p-184-x-76-x-71-cm\/\" rel=\"tag\">H x L x P: 184 x 76 x 71 cm<\/a><\/td>\n<\/tr>\n<tr>\n<th class=\"col label\" scope=\"row\">Garantie<\/th>\n<td class=\"col data\" data-th=\"Dimensions\">2 ans<\/td>\n<\/tr>\n<tr>\n<th class=\"col label\" scope=\"row\">\u00a0Eclairage<\/th>\n<td class=\"col data\" data-th=\"Couleur\">LED<\/td>\n<\/tr>\n<tr>\n<th class=\"col label\" scope=\"row\">Volume Ne<\/th>\n<td class=\"col data\" data-th=\"Garantie\">575<\/td>\n<\/tr>\n<\/tbody>\n<\/table>","protected":false},"excerpt":{"rendered":"<p>R\u00e9f\u00e9rence FGSASN643S Marque SABA Type de Pose Pose Libre Syst\u00e8me de Refroidissement NoFrost Avec Distributeur Non Afficheur Sans Afficheur Classe \u00c9nerg\u00e9tique A++ Volume Brut 501 \u2013 600 Litres Nombre de Portes 2 portes Couleur SILVER Dimensions H x L x P: 184 x 76 x 71 cm Garantie 2 ans \u00a0Eclairage LED Volume Ne 575<\/p>","protected":false},"featured_media":8797,"comment_status":"open","ping_status":"closed","template":"","meta":[],"product_brand":[40],"product_cat":[17,22],"product_tag":[],"class_list":{"0":"post-8796","1":"product","2":"type-product","3":"status-publish","4":"has-post-thumbnail","6":"product_brand-saba","7":"product_cat-electromenager","8":"product_cat-refrigerateurs","10":"first","11":"instock","12":"shipping-taxable","13":"purchasable","14":"product-type-simple"},"_links":{"self":[{"href":"https:\/\/electrobennjima.tn\/en\/wp-json\/wp\/v2\/product\/8796","targetHints":{"allow":["GET"]}}],"collection":[{"href":"https:\/\/electrobennjima.tn\/en\/wp-json\/wp\/v2\/product"}],"about":[{"href":"https:\/\/electrobennjima.tn\/en\/wp-json\/wp\/v2\/types\/product"}],"replies":[{"embeddable":true,"href":"https:\/\/electrobennjima.tn\/en\/wp-json\/wp\/v2\/comments?post=8796"}],"wp:featuredmedia":[{"embeddable":true,"href":"https:\/\/electrobennjima.tn\/en\/wp-json\/wp\/v2\/media\/8797"}],"wp:attachment":[{"href":"https:\/\/electrobennjima.tn\/en\/wp-json\/wp\/v2\/media?parent=8796"}],"wp:term":[{"taxonomy":"product_brand","embeddable":true,"href":"https:\/\/electrobennjima.tn\/en\/wp-json\/wp\/v2\/product_brand?post=8796"},{"taxonomy":"product_cat","embeddable":true,"href":"https:\/\/electrobennjima.tn\/en\/wp-json\/wp\/v2\/product_cat?post=8796"},{"taxonomy":"product_tag","embeddable":true,"href":"https:\/\/electrobennjima.tn\/en\/wp-json\/wp\/v2\/product_tag?post=8796"}],"curies":[{"name":"wp","href":"https:\/\/api.w.org\/{rel}","templated":true}]}}