{"id":8827,"date":"2026-03-28T08:52:40","date_gmt":"2026-03-28T08:52:40","guid":{"rendered":"https:\/\/electrobennjima.tn\/?post_type=product&#038;p=8827"},"modified":"2026-03-30T08:43:09","modified_gmt":"2026-03-30T08:43:09","slug":"frigo-hundai-side-by-side-4-portes-84cm-inox-inverter-2","status":"publish","type":"product","link":"https:\/\/electrobennjima.tn\/en\/frigo-hundai-side-by-side-4-portes-84cm-inox-inverter-2\/","title":{"rendered":"FRIGO HUNDAI SIDE BY SIDE 4 PORTES 84CM  \/  INOX &#8211;  INVERTER"},"content":{"rendered":"<table id=\"product-attribute-specs-table\" class=\"data table additional-attributes\">\n<tbody>\n<tr>\n<th class=\"col label\" scope=\"row\">R\u00e9f\u00e9rence<\/th>\n<td class=\"col data\" data-th=\"gtin\">FGHYN84RF4DX<\/td>\n<\/tr>\n<tr>\n<th class=\"col label\" scope=\"row\">Marque<\/th>\n<td class=\"col data\" data-th=\"Marque\">SAMSUNG<\/td>\n<\/tr>\n<tr>\n<th class=\"col label\" scope=\"row\">Couleur<\/th>\n<td class=\"col data\" data-th=\"Type de Pose\">Inox<\/td>\n<\/tr>\n<tr>\n<th class=\"col label\" scope=\"row\">Syst\u00e8me de refroidissement<\/th>\n<td class=\"col data\" data-th=\"Type\">NoFrost<\/td>\n<\/tr>\n<tr>\n<th class=\"col label\" scope=\"row\">Type de R\u00e9frig\u00e9rateur<\/th>\n<td class=\"col data\" data-th=\"Syst\u00e8me de Refroidissement\">Side by side<\/td>\n<\/tr>\n<tr>\n<th class=\"col label\" scope=\"row\">Volume brut<\/th>\n<td class=\"col data\" data-th=\"Inverter\">400-500<\/td>\n<\/tr>\n<tr>\n<th class=\"col label\" scope=\"row\">Type de Pose<\/th>\n<td class=\"col data\" data-th=\"Classe \u00c9nerg\u00e9tique\">Pose libre<\/td>\n<\/tr>\n<tr>\n<th class=\"col label\" scope=\"row\">Inverter<\/th>\n<td class=\"col data\" data-th=\"Avec Distributeur\">Non<\/td>\n<\/tr>\n<tr>\n<th class=\"col label\" scope=\"row\">Avec Distributeur<\/th>\n<td class=\"col data\" data-th=\"Afficheur \">Non<\/td>\n<\/tr>\n<tr>\n<th class=\"col label\" scope=\"row\">Classe Energ\u00e9tique<\/th>\n<td class=\"col data\" data-th=\"Volume Brut\">A+<\/td>\n<\/tr>\n<tr>\n<th class=\"col label\" scope=\"row\">Smart<\/th>\n<td class=\"col data\" data-th=\"Volume Net Du R\u00e9frig\u00e9rateur\">Non<\/td>\n<\/tr>\n<\/tbody>\n<\/table>","protected":false},"excerpt":{"rendered":"<p>R\u00e9f\u00e9rence FGHYN84RF4DX Marque SAMSUNG Couleur Inox Syst\u00e8me de refroidissement NoFrost Type de R\u00e9frig\u00e9rateur Side by side Volume brut 400-500 Type de Pose Pose libre Inverter Non Avec Distributeur Non Classe Energ\u00e9tique A+ Smart Non<\/p>","protected":false},"featured_media":8831,"comment_status":"open","ping_status":"closed","template":"","meta":[],"product_brand":[254,490],"product_cat":[17,22],"product_tag":[],"class_list":{"0":"post-8827","1":"product","2":"type-product","3":"status-publish","4":"has-post-thumbnail","6":"product_brand-hyundai","7":"product_brand-samsung","8":"product_cat-electromenager","9":"product_cat-refrigerateurs","11":"first","12":"instock","13":"shipping-taxable","14":"purchasable","15":"product-type-simple"},"_links":{"self":[{"href":"https:\/\/electrobennjima.tn\/en\/wp-json\/wp\/v2\/product\/8827","targetHints":{"allow":["GET"]}}],"collection":[{"href":"https:\/\/electrobennjima.tn\/en\/wp-json\/wp\/v2\/product"}],"about":[{"href":"https:\/\/electrobennjima.tn\/en\/wp-json\/wp\/v2\/types\/product"}],"replies":[{"embeddable":true,"href":"https:\/\/electrobennjima.tn\/en\/wp-json\/wp\/v2\/comments?post=8827"}],"wp:featuredmedia":[{"embeddable":true,"href":"https:\/\/electrobennjima.tn\/en\/wp-json\/wp\/v2\/media\/8831"}],"wp:attachment":[{"href":"https:\/\/electrobennjima.tn\/en\/wp-json\/wp\/v2\/media?parent=8827"}],"wp:term":[{"taxonomy":"product_brand","embeddable":true,"href":"https:\/\/electrobennjima.tn\/en\/wp-json\/wp\/v2\/product_brand?post=8827"},{"taxonomy":"product_cat","embeddable":true,"href":"https:\/\/electrobennjima.tn\/en\/wp-json\/wp\/v2\/product_cat?post=8827"},{"taxonomy":"product_tag","embeddable":true,"href":"https:\/\/electrobennjima.tn\/en\/wp-json\/wp\/v2\/product_tag?post=8827"}],"curies":[{"name":"wp","href":"https:\/\/api.w.org\/{rel}","templated":true}]}}