{"id":8867,"date":"2026-03-28T10:00:58","date_gmt":"2026-03-28T10:00:58","guid":{"rendered":"https:\/\/electrobennjima.tn\/?post_type=product&#038;p=8867"},"modified":"2026-03-30T08:24:09","modified_gmt":"2026-03-30T08:24:09","slug":"frigo-brandt-nofrost-bd6010nw-449l-blanc","status":"publish","type":"product","link":"https:\/\/electrobennjima.tn\/en\/frigo-brandt-nofrost-bd6010nw-449l-blanc\/","title":{"rendered":"FRIGO BRANDT NOFROST BD6010NW \/ 449L &#8211; BLANC"},"content":{"rendered":"<table id=\"product-attribute-specs-table\" class=\"data table additional-attributes\">\n<tbody>\n<tr>\n<th class=\"col label\" scope=\"row\">R\u00e9f\u00e9rence<\/th>\n<td class=\"col data\" data-th=\"gtin\">FGBD6010NW<\/td>\n<\/tr>\n<tr>\n<th class=\"col label\" scope=\"row\">Marque<\/th>\n<td class=\"col data\" data-th=\"Marque\">BRANDT<\/td>\n<\/tr>\n<tr>\n<th class=\"col label\" scope=\"row\">Type de Pose<\/th>\n<td class=\"col data\" data-th=\"Type de Pose\">Pose Libre<\/td>\n<\/tr>\n<tr>\n<th class=\"col label\" scope=\"row\">Type<\/th>\n<td class=\"col data\" data-th=\"Type\">Double Portes<\/td>\n<\/tr>\n<tr>\n<th class=\"col label\" scope=\"row\">Syst\u00e8me de Refroidissement<\/th>\n<td class=\"col data\" data-th=\"Syst\u00e8me de Refroidissement\">NoFrost<\/td>\n<\/tr>\n<tr>\n<th class=\"col label\" scope=\"row\">Inverter<\/th>\n<td class=\"col data\" data-th=\"Inverter\">Non<\/td>\n<\/tr>\n<tr>\n<th class=\"col label\" scope=\"row\">Classe \u00c9nerg\u00e9tique<\/th>\n<td class=\"col data\" data-th=\"Classe \u00c9nerg\u00e9tique\">A+++<\/td>\n<\/tr>\n<tr>\n<th class=\"col label\" scope=\"row\">Avec Distributeur<\/th>\n<td class=\"col data\" data-th=\"Avec Distributeur\">Non<\/td>\n<\/tr>\n<tr>\n<th class=\"col label\" scope=\"row\">Afficheur<\/th>\n<td class=\"col data\" data-th=\"Afficheur \">Sans Afficheur<\/td>\n<\/tr>\n<tr>\n<th class=\"col label\" scope=\"row\">Volume Brut<\/th>\n<td class=\"col data\" data-th=\"Volume Brut\">401 &#8211; 500 Litres<\/td>\n<\/tr>\n<tr>\n<th class=\"col label\" scope=\"row\">Nombre de portes<\/th>\n<td class=\"col data\" data-th=\"Nombre de portes\">2 portes<\/td>\n<\/tr>\n<tr>\n<th class=\"col label\" scope=\"row\">D\u00e9givrage<\/th>\n<td class=\"col data\" data-th=\"D\u00e9givrage\">Automatique<\/td>\n<\/tr>\n<tr>\n<th class=\"col label\" scope=\"row\">Courant d&rsquo;entr\u00e9e<\/th>\n<td class=\"col data\" data-th=\"Courant d'entr\u00e9e\">220 -240 \/ 50Hz<\/td>\n<\/tr>\n<tr>\n<th class=\"col label\" scope=\"row\">Dimensions<\/th>\n<td class=\"col data\" data-th=\"Dimensions\">H x L x P: 187 x 73.5 x 67.5 cm<\/td>\n<\/tr>\n<tr>\n<th class=\"col label\" scope=\"row\">Couleur<\/th>\n<td class=\"col data\" data-th=\"Couleur\">Blanc<\/td>\n<\/tr>\n<tr>\n<th class=\"col label\" scope=\"row\">Garantie<\/th>\n<td class=\"col data\" data-th=\"Garantie\">2 ans<\/td>\n<\/tr>\n<\/tbody>\n<\/table>","protected":false},"excerpt":{"rendered":"<p>R\u00e9f\u00e9rence FGBD6010NW Marque BRANDT Type de Pose Pose Libre Type Double Portes Syst\u00e8me de Refroidissement NoFrost Inverter Non Classe \u00c9nerg\u00e9tique A+++ Avec Distributeur Non Afficheur Sans Afficheur Volume Brut 401 &#8211; 500 Litres Nombre de portes 2 portes D\u00e9givrage Automatique Courant d&rsquo;entr\u00e9e 220 -240 \/ 50Hz Dimensions H x L x P: 187 x 73.5 [&hellip;]<\/p>","protected":false},"featured_media":8868,"comment_status":"open","ping_status":"closed","template":"","meta":[],"product_brand":[103],"product_cat":[19,22],"product_tag":[],"class_list":{"0":"post-8867","1":"product","2":"type-product","3":"status-publish","4":"has-post-thumbnail","6":"product_brand-brandt","7":"product_cat-refrigerateur","8":"product_cat-refrigerateurs","10":"first","11":"instock","12":"shipping-taxable","13":"purchasable","14":"product-type-simple"},"_links":{"self":[{"href":"https:\/\/electrobennjima.tn\/en\/wp-json\/wp\/v2\/product\/8867","targetHints":{"allow":["GET"]}}],"collection":[{"href":"https:\/\/electrobennjima.tn\/en\/wp-json\/wp\/v2\/product"}],"about":[{"href":"https:\/\/electrobennjima.tn\/en\/wp-json\/wp\/v2\/types\/product"}],"replies":[{"embeddable":true,"href":"https:\/\/electrobennjima.tn\/en\/wp-json\/wp\/v2\/comments?post=8867"}],"wp:featuredmedia":[{"embeddable":true,"href":"https:\/\/electrobennjima.tn\/en\/wp-json\/wp\/v2\/media\/8868"}],"wp:attachment":[{"href":"https:\/\/electrobennjima.tn\/en\/wp-json\/wp\/v2\/media?parent=8867"}],"wp:term":[{"taxonomy":"product_brand","embeddable":true,"href":"https:\/\/electrobennjima.tn\/en\/wp-json\/wp\/v2\/product_brand?post=8867"},{"taxonomy":"product_cat","embeddable":true,"href":"https:\/\/electrobennjima.tn\/en\/wp-json\/wp\/v2\/product_cat?post=8867"},{"taxonomy":"product_tag","embeddable":true,"href":"https:\/\/electrobennjima.tn\/en\/wp-json\/wp\/v2\/product_tag?post=8867"}],"curies":[{"name":"wp","href":"https:\/\/api.w.org\/{rel}","templated":true}]}}