{"id":8873,"date":"2026-03-28T10:17:31","date_gmt":"2026-03-28T10:17:31","guid":{"rendered":"https:\/\/electrobennjima.tn\/?post_type=product&#038;p=8873"},"modified":"2026-03-30T08:23:21","modified_gmt":"2026-03-30T08:23:21","slug":"frigo-combine-brandt-nf-inox-380l","status":"publish","type":"product","link":"https:\/\/electrobennjima.tn\/en\/frigo-combine-brandt-nf-inox-380l\/","title":{"rendered":"FRIGO COMBINE BRANDT NF \/ INOX &#8211; 380L"},"content":{"rendered":"<table id=\"product-attribute-specs-table\" class=\"data table additional-attributes\">\n<tbody>\n<tr>\n<th class=\"col label\" scope=\"row\">R\u00e9f\u00e9rence<\/th>\n<td class=\"col data\" data-th=\"DISPONIBILIT\u00c9\">FGBFC8610NX<\/td>\n<\/tr>\n<tr>\n<th class=\"col label\" scope=\"row\">Garantie<\/th>\n<td class=\"col data\" data-th=\"gtin\">3 ans<\/td>\n<\/tr>\n<tr>\n<th class=\"col label\" scope=\"row\">Couleur<\/th>\n<td class=\"col data\" data-th=\"Marque\">Inox<\/td>\n<\/tr>\n<tr>\n<th class=\"col label\" scope=\"row\">Syst\u00e8me de refroidissement<\/th>\n<td class=\"col data\" data-th=\"Gamme PC\">NoFrost<\/td>\n<\/tr>\n<tr>\n<th class=\"col label\" scope=\"row\">Type de R\u00e9frig\u00e9rateur<\/th>\n<td class=\"col data\" data-th=\"Gamer\">Combin\u00e9<\/td>\n<\/tr>\n<tr>\n<th class=\"col label\" scope=\"row\">Volume brut<\/th>\n<td class=\"col data\" data-th=\"Syst\u00e8me d'exploitation\">300-400<\/td>\n<\/tr>\n<tr>\n<th class=\"col label\" scope=\"row\">Type de pose<\/th>\n<td class=\"col data\" data-th=\"Taille de l'\u00e9cran\">Pose libre<\/td>\n<\/tr>\n<tr>\n<th class=\"col label\" scope=\"row\">Inverter<\/th>\n<td class=\"col data\" data-th=\"Ecran\">Non<\/td>\n<\/tr>\n<tr>\n<th class=\"col label\" scope=\"row\">Avec Distributeur<\/th>\n<td class=\"col data\" data-th=\"Ecran Tactile\">Non<\/td>\n<\/tr>\n<tr>\n<th class=\"col label\" scope=\"row\">Classe Energ\u00e9tique<\/th>\n<td class=\"col data\" data-th=\"R\u00e9solution d'\u00e9crans\">A+<\/td>\n<\/tr>\n<tr>\n<th class=\"col label\" scope=\"row\">Smart<\/th>\n<td class=\"col data\" data-th=\"Processeur\">Non<\/td>\n<\/tr>\n<\/tbody>\n<\/table>","protected":false},"excerpt":{"rendered":"<p>R\u00e9f\u00e9rence FGBFC8610NX Garantie 3 ans Couleur Inox Syst\u00e8me de refroidissement NoFrost Type de R\u00e9frig\u00e9rateur Combin\u00e9 Volume brut 300-400 Type de pose Pose libre Inverter Non Avec Distributeur Non Classe Energ\u00e9tique A+ Smart Non<\/p>","protected":false},"featured_media":8874,"comment_status":"open","ping_status":"closed","template":"","meta":[],"product_brand":[536],"product_cat":[19],"product_tag":[],"class_list":{"0":"post-8873","1":"product","2":"type-product","3":"status-publish","4":"has-post-thumbnail","6":"product_brand-combine-brandt","7":"product_cat-refrigerateur","9":"first","10":"instock","11":"shipping-taxable","12":"purchasable","13":"product-type-simple"},"_links":{"self":[{"href":"https:\/\/electrobennjima.tn\/en\/wp-json\/wp\/v2\/product\/8873","targetHints":{"allow":["GET"]}}],"collection":[{"href":"https:\/\/electrobennjima.tn\/en\/wp-json\/wp\/v2\/product"}],"about":[{"href":"https:\/\/electrobennjima.tn\/en\/wp-json\/wp\/v2\/types\/product"}],"replies":[{"embeddable":true,"href":"https:\/\/electrobennjima.tn\/en\/wp-json\/wp\/v2\/comments?post=8873"}],"wp:featuredmedia":[{"embeddable":true,"href":"https:\/\/electrobennjima.tn\/en\/wp-json\/wp\/v2\/media\/8874"}],"wp:attachment":[{"href":"https:\/\/electrobennjima.tn\/en\/wp-json\/wp\/v2\/media?parent=8873"}],"wp:term":[{"taxonomy":"product_brand","embeddable":true,"href":"https:\/\/electrobennjima.tn\/en\/wp-json\/wp\/v2\/product_brand?post=8873"},{"taxonomy":"product_cat","embeddable":true,"href":"https:\/\/electrobennjima.tn\/en\/wp-json\/wp\/v2\/product_cat?post=8873"},{"taxonomy":"product_tag","embeddable":true,"href":"https:\/\/electrobennjima.tn\/en\/wp-json\/wp\/v2\/product_tag?post=8873"}],"curies":[{"name":"wp","href":"https:\/\/api.w.org\/{rel}","templated":true}]}}