{"id":8906,"date":"2026-03-28T11:09:07","date_gmt":"2026-03-28T11:09:07","guid":{"rendered":"https:\/\/electrobennjima.tn\/?post_type=product&#038;p=8906"},"modified":"2026-03-30T08:18:29","modified_gmt":"2026-03-30T08:18:29","slug":"frigo-fresh-fnt-br400bt-inox","status":"publish","type":"product","link":"https:\/\/electrobennjima.tn\/en\/frigo-fresh-fnt-br400bt-inox\/","title":{"rendered":"FRIGO FRESH \/ FNT-BR400BT &#8211; INOX"},"content":{"rendered":"<table id=\"product-attribute-specs-table\" class=\"data table additional-attributes\">\n<tbody>\n<tr>\n<th class=\"col label\" scope=\"row\">R\u00e9f\u00e9rence<\/th>\n<td class=\"col data\" data-th=\"Prix\"><span class=\"price\">FGFNT-BR400BT<\/span><\/td>\n<\/tr>\n<tr>\n<th class=\"col label\" scope=\"row\">Garantie:<\/th>\n<td class=\"col data\" data-th=\"Garantie:\">3 ans<\/td>\n<\/tr>\n<tr>\n<th class=\"col label\" scope=\"row\">Classe \u00e9nerg\u00e9tique<\/th>\n<td class=\"col data\" data-th=\"Classe \u00e9nerg\u00e9tique\">3<\/td>\n<\/tr>\n<tr>\n<th class=\"col label\" scope=\"row\">Type de R\u00e9frig\u00e9rateur<\/th>\n<td class=\"col data\" data-th=\"Type de R\u00e9frig\u00e9rateur \">Double Porte<\/td>\n<\/tr>\n<tr>\n<th class=\"col label\" scope=\"row\">Syst\u00e8me Refroidissement<\/th>\n<td class=\"col data\" data-th=\"Syst\u00e8me Refroidissement\">No-Frost (sans givre)<\/td>\n<\/tr>\n<tr>\n<th class=\"col label\" scope=\"row\">Pose<\/th>\n<td class=\"col data\" data-th=\"Pose \">Libre<\/td>\n<\/tr>\n<tr>\n<th class=\"col label\" scope=\"row\">Fonctions &amp; Technologie<\/th>\n<td class=\"col data\" data-th=\"Fonctions &amp; Technologie\">S\u00e9curit\u00e9 anti surchauffe<\/td>\n<\/tr>\n<tr>\n<th class=\"col label\" scope=\"row\">Capacit\u00e9<\/th>\n<td class=\"col data\" data-th=\"Capacit\u00e9 \">301L \u00e0 450 L<\/td>\n<\/tr>\n<tr>\n<th class=\"col label\" scope=\"row\">Capacit\u00e9 de Cong\u00e9lation<\/th>\n<td class=\"col data\" data-th=\"Capacit\u00e9 de Cong\u00e9lation\">207 L<\/td>\n<\/tr>\n<tr>\n<th class=\"col label\" scope=\"row\">Eclairage<\/th>\n<td class=\"col data\" data-th=\"Eclairage\">LED<\/td>\n<\/tr>\n<tr>\n<th class=\"col label\" scope=\"row\">Couleur:<\/th>\n<td class=\"col data\" data-th=\"Couleur:\">Inox<\/td>\n<\/tr>\n<\/tbody>\n<\/table>","protected":false},"excerpt":{"rendered":"<p>R\u00e9f\u00e9rence FGFNT-BR400BT Garantie: 3 ans Classe \u00e9nerg\u00e9tique 3 Type de R\u00e9frig\u00e9rateur Double Porte Syst\u00e8me Refroidissement No-Frost (sans givre) Pose Libre Fonctions &amp; Technologie S\u00e9curit\u00e9 anti surchauffe Capacit\u00e9 301L \u00e0 450 L Capacit\u00e9 de Cong\u00e9lation 207 L Eclairage LED Couleur: Inox<\/p>","protected":false},"featured_media":8909,"comment_status":"open","ping_status":"closed","template":"","meta":[],"product_brand":[42],"product_cat":[19,22],"product_tag":[],"class_list":{"0":"post-8906","1":"product","2":"type-product","3":"status-publish","4":"has-post-thumbnail","6":"product_brand-fresh","7":"product_cat-refrigerateur","8":"product_cat-refrigerateurs","10":"first","11":"instock","12":"shipping-taxable","13":"purchasable","14":"product-type-simple"},"_links":{"self":[{"href":"https:\/\/electrobennjima.tn\/en\/wp-json\/wp\/v2\/product\/8906","targetHints":{"allow":["GET"]}}],"collection":[{"href":"https:\/\/electrobennjima.tn\/en\/wp-json\/wp\/v2\/product"}],"about":[{"href":"https:\/\/electrobennjima.tn\/en\/wp-json\/wp\/v2\/types\/product"}],"replies":[{"embeddable":true,"href":"https:\/\/electrobennjima.tn\/en\/wp-json\/wp\/v2\/comments?post=8906"}],"wp:featuredmedia":[{"embeddable":true,"href":"https:\/\/electrobennjima.tn\/en\/wp-json\/wp\/v2\/media\/8909"}],"wp:attachment":[{"href":"https:\/\/electrobennjima.tn\/en\/wp-json\/wp\/v2\/media?parent=8906"}],"wp:term":[{"taxonomy":"product_brand","embeddable":true,"href":"https:\/\/electrobennjima.tn\/en\/wp-json\/wp\/v2\/product_brand?post=8906"},{"taxonomy":"product_cat","embeddable":true,"href":"https:\/\/electrobennjima.tn\/en\/wp-json\/wp\/v2\/product_cat?post=8906"},{"taxonomy":"product_tag","embeddable":true,"href":"https:\/\/electrobennjima.tn\/en\/wp-json\/wp\/v2\/product_tag?post=8906"}],"curies":[{"name":"wp","href":"https:\/\/api.w.org\/{rel}","templated":true}]}}