{"id":8949,"date":"2026-03-28T11:58:21","date_gmt":"2026-03-28T11:58:21","guid":{"rendered":"https:\/\/electrobennjima.tn\/?post_type=product&#038;p=8949"},"modified":"2026-03-30T08:15:03","modified_gmt":"2026-03-30T08:15:03","slug":"frigo-samsung-rt65-twin-cooling-silver-aff","status":"publish","type":"product","link":"https:\/\/electrobennjima.tn\/en\/frigo-samsung-rt65-twin-cooling-silver-aff\/","title":{"rendered":"FRIGO SAMSUNG RT65 TWIN COOLING + SILVER + AFF"},"content":{"rendered":"<table class=\"additional-attributes w-full\">\n<tbody>\n<tr class=\"border-b border-grey-400 last:border-b-0 first:border-t text-sm transition-all duration-200 ease-in\">\n<th class=\"col label w-1\/3 py-4 pl-4 text-left text-primary font-semibold product-attribute-label\" scope=\"row\">R\u00e9f\u00e9rence<\/th>\n<td class=\"col data w-1\/2 py-4 pl-2 text-left text-primary product-attribute-value\" data-th=\"Marque\">FGRT65K6231S8<\/td>\n<\/tr>\n<tr class=\"border-b border-grey-400 last:border-b-0 first:border-t text-sm transition-all duration-200 ease-in\">\n<th class=\"col label w-1\/3 py-4 pl-4 text-left text-primary font-semibold product-attribute-label\" scope=\"row\">Marque<\/th>\n<td class=\"col data w-1\/2 py-4 pl-2 text-left text-primary product-attribute-value\" data-th=\"R\u00e9f\u00e9rence\">SAMSUNG<\/td>\n<\/tr>\n<tr class=\"border-b border-grey-400 last:border-b-0 first:border-t text-sm transition-all duration-200 ease-in\">\n<th class=\"col label w-1\/3 py-4 pl-4 text-left text-primary font-semibold product-attribute-label\" scope=\"row\">Type de pose<\/th>\n<td class=\"col data w-1\/2 py-4 pl-2 text-left text-primary product-attribute-value\" data-th=\"Type de pose\">Pose Libre<\/td>\n<\/tr>\n<tr class=\"border-b border-grey-400 last:border-b-0 first:border-t text-sm transition-all duration-200 ease-in\">\n<th class=\"col label w-1\/3 py-4 pl-4 text-left text-primary font-semibold product-attribute-label\" scope=\"row\">Syst\u00e8me de refroidissement<\/th>\n<td class=\"col data w-1\/2 py-4 pl-2 text-left text-primary product-attribute-value\" data-th=\"Syst\u00e8me de refroidissement\">NOFROST<\/td>\n<\/tr>\n<tr class=\"border-b border-grey-400 last:border-b-0 first:border-t text-sm transition-all duration-200 ease-in\">\n<th class=\"col label w-1\/3 py-4 pl-4 text-left text-primary font-semibold product-attribute-label\" scope=\"row\">Volume brut<\/th>\n<td class=\"col data w-1\/2 py-4 pl-2 text-left text-primary product-attribute-value\" data-th=\"Volume brut\">468 Litres<\/td>\n<\/tr>\n<tr class=\"border-b border-grey-400 last:border-b-0 first:border-t text-sm transition-all duration-200 ease-in\">\n<th class=\"col label w-1\/3 py-4 pl-4 text-left text-primary font-semibold product-attribute-label\" scope=\"row\">Volume net<\/th>\n<td class=\"col data w-1\/2 py-4 pl-2 text-left text-primary product-attribute-value\" data-th=\"Volume net\">453 Litres<\/td>\n<\/tr>\n<tr class=\"border-b border-grey-400 last:border-b-0 first:border-t text-sm transition-all duration-200 ease-in\">\n<th class=\"col label w-1\/3 py-4 pl-4 text-left text-primary font-semibold product-attribute-label\" scope=\"row\">Volume net du r\u00e9frig\u00e9rateur<\/th>\n<td class=\"col data w-1\/2 py-4 pl-2 text-left text-primary product-attribute-value\" data-th=\"Volume net du r\u00e9frig\u00e9rateur\">342 Litres<\/td>\n<\/tr>\n<\/tbody>\n<\/table>","protected":false},"excerpt":{"rendered":"<p>R\u00e9f\u00e9rence FGRT65K6231S8 Marque SAMSUNG Type de pose Pose Libre Syst\u00e8me de refroidissement NOFROST Volume brut 468 Litres Volume net 453 Litres Volume net du r\u00e9frig\u00e9rateur 342 Litres<\/p>","protected":false},"featured_media":8950,"comment_status":"open","ping_status":"closed","template":"","meta":[],"product_brand":[490],"product_cat":[19,22],"product_tag":[],"class_list":{"0":"post-8949","1":"product","2":"type-product","3":"status-publish","4":"has-post-thumbnail","6":"product_brand-samsung","7":"product_cat-refrigerateur","8":"product_cat-refrigerateurs","10":"first","11":"instock","12":"shipping-taxable","13":"purchasable","14":"product-type-simple"},"_links":{"self":[{"href":"https:\/\/electrobennjima.tn\/en\/wp-json\/wp\/v2\/product\/8949","targetHints":{"allow":["GET"]}}],"collection":[{"href":"https:\/\/electrobennjima.tn\/en\/wp-json\/wp\/v2\/product"}],"about":[{"href":"https:\/\/electrobennjima.tn\/en\/wp-json\/wp\/v2\/types\/product"}],"replies":[{"embeddable":true,"href":"https:\/\/electrobennjima.tn\/en\/wp-json\/wp\/v2\/comments?post=8949"}],"wp:featuredmedia":[{"embeddable":true,"href":"https:\/\/electrobennjima.tn\/en\/wp-json\/wp\/v2\/media\/8950"}],"wp:attachment":[{"href":"https:\/\/electrobennjima.tn\/en\/wp-json\/wp\/v2\/media?parent=8949"}],"wp:term":[{"taxonomy":"product_brand","embeddable":true,"href":"https:\/\/electrobennjima.tn\/en\/wp-json\/wp\/v2\/product_brand?post=8949"},{"taxonomy":"product_cat","embeddable":true,"href":"https:\/\/electrobennjima.tn\/en\/wp-json\/wp\/v2\/product_cat?post=8949"},{"taxonomy":"product_tag","embeddable":true,"href":"https:\/\/electrobennjima.tn\/en\/wp-json\/wp\/v2\/product_tag?post=8949"}],"curies":[{"name":"wp","href":"https:\/\/api.w.org\/{rel}","templated":true}]}}