{"id":8962,"date":"2026-03-29T21:45:50","date_gmt":"2026-03-29T21:45:50","guid":{"rendered":"https:\/\/electrobennjima.tn\/?post_type=product&#038;p=8962"},"modified":"2026-03-29T21:45:50","modified_gmt":"2026-03-29T21:45:50","slug":"frigo-sharp-299nofrost-480l-black","status":"publish","type":"product","link":"https:\/\/electrobennjima.tn\/en\/frigo-sharp-299nofrost-480l-black\/","title":{"rendered":"FRIGO SHARP 299NOFROST 480L &#8211; BLACK"},"content":{"rendered":"<table id=\"product-attribute-specs-table\" class=\"data table additional-attributes\">\n<tbody>\n<tr>\n<th class=\"col label\" scope=\"row\">R\u00e9f\u00e9rence<\/th>\n<td class=\"col data\" data-th=\"gtin\">FGSJ-PV63G-BK<\/td>\n<\/tr>\n<tr>\n<th class=\"col label\" scope=\"row\">Type<\/th>\n<td class=\"col data\" data-th=\"Marque\">Double-Portes<\/td>\n<\/tr>\n<tr>\n<th class=\"col label\" scope=\"row\">Marque<\/th>\n<td class=\"col data\" data-th=\"Type de Pose\">SHARP<\/td>\n<\/tr>\n<tr>\n<th class=\"col label\" scope=\"row\">Syst\u00e8me de d\u00e9givrage<\/th>\n<td class=\"col data\" data-th=\"Type\">NoFrost<\/td>\n<\/tr>\n<tr>\n<th class=\"col label\" scope=\"row\">Afficheur<\/th>\n<td class=\"col data\" data-th=\"Syst\u00e8me de Refroidissement\">Oui<\/td>\n<\/tr>\n<tr>\n<th class=\"col label\" scope=\"row\">Couleur<\/th>\n<td class=\"col data\" data-th=\"Inverter\">Noir<\/td>\n<\/tr>\n<tr>\n<th class=\"col label\" scope=\"row\">Volume<\/th>\n<td class=\"col data\" data-th=\"Classe \u00c9nerg\u00e9tique\">Entre 601 litres et plus<\/td>\n<\/tr>\n<tr>\n<th class=\"col label\" scope=\"row\">AInverter<\/th>\n<td class=\"col data\" data-th=\"Avec Distributeur\">Non<\/td>\n<\/tr>\n<tr>\n<th class=\"col label\" scope=\"row\">Distributeur<\/th>\n<td class=\"col data\" data-th=\"Afficheur \">Non<\/td>\n<\/tr>\n<tr>\n<th class=\"col label\" scope=\"row\">Type de pose<\/th>\n<td class=\"col data\" data-th=\"Volume Brut\">Pose Libre<\/td>\n<\/tr>\n<\/tbody>\n<\/table>","protected":false},"excerpt":{"rendered":"<p>R\u00e9f\u00e9rence FGSJ-PV63G-BK Type Double-Portes Marque SHARP Syst\u00e8me de d\u00e9givrage NoFrost Afficheur Oui Couleur Noir Volume Entre 601 litres et plus AInverter Non Distributeur Non Type de pose Pose Libre<\/p>","protected":false},"featured_media":8963,"comment_status":"open","ping_status":"closed","template":"","meta":[],"product_brand":[118],"product_cat":[19,22],"product_tag":[],"class_list":{"0":"post-8962","1":"product","2":"type-product","3":"status-publish","4":"has-post-thumbnail","6":"product_brand-sharp","7":"product_cat-refrigerateur","8":"product_cat-refrigerateurs","10":"first","11":"instock","12":"shipping-taxable","13":"purchasable","14":"product-type-simple"},"_links":{"self":[{"href":"https:\/\/electrobennjima.tn\/en\/wp-json\/wp\/v2\/product\/8962","targetHints":{"allow":["GET"]}}],"collection":[{"href":"https:\/\/electrobennjima.tn\/en\/wp-json\/wp\/v2\/product"}],"about":[{"href":"https:\/\/electrobennjima.tn\/en\/wp-json\/wp\/v2\/types\/product"}],"replies":[{"embeddable":true,"href":"https:\/\/electrobennjima.tn\/en\/wp-json\/wp\/v2\/comments?post=8962"}],"wp:featuredmedia":[{"embeddable":true,"href":"https:\/\/electrobennjima.tn\/en\/wp-json\/wp\/v2\/media\/8963"}],"wp:attachment":[{"href":"https:\/\/electrobennjima.tn\/en\/wp-json\/wp\/v2\/media?parent=8962"}],"wp:term":[{"taxonomy":"product_brand","embeddable":true,"href":"https:\/\/electrobennjima.tn\/en\/wp-json\/wp\/v2\/product_brand?post=8962"},{"taxonomy":"product_cat","embeddable":true,"href":"https:\/\/electrobennjima.tn\/en\/wp-json\/wp\/v2\/product_cat?post=8962"},{"taxonomy":"product_tag","embeddable":true,"href":"https:\/\/electrobennjima.tn\/en\/wp-json\/wp\/v2\/product_tag?post=8962"}],"curies":[{"name":"wp","href":"https:\/\/api.w.org\/{rel}","templated":true}]}}