{"id":8979,"date":"2026-03-29T22:19:51","date_gmt":"2026-03-29T22:19:51","guid":{"rendered":"https:\/\/electrobennjima.tn\/?post_type=product&#038;p=8979"},"modified":"2026-03-29T22:19:51","modified_gmt":"2026-03-29T22:19:51","slug":"frigo-tornado-nf-480l-noir","status":"publish","type":"product","link":"https:\/\/electrobennjima.tn\/en\/frigo-tornado-nf-480l-noir\/","title":{"rendered":"FRIGO TORNADO NF  \/ 480L &#8211; NOIR"},"content":{"rendered":"<table class=\"woocommerce-product-attributes shop_attributes\" aria-label=\"D\u00e9tails du produit\">\n<tbody>\n<tr class=\"woocommerce-product-attributes-item woocommerce-product-attributes-item--attribute_pa_type-2\">\n<th class=\"woocommerce-product-attributes-item__label\" scope=\"row\"><span class=\"wd-attr-name\"><span class=\"wd-attr-name-label\">R\u00e9f\u00e9rence<\/span><\/span><\/th>\n<td class=\"woocommerce-product-attributes-item__value\"><a href=\"https:\/\/electrohadjkacem.com\/type-2\/double-portes\/\" rel=\"tag\">FGRF-48T-BK<\/a><\/td>\n<\/tr>\n<tr class=\"woocommerce-product-attributes-item woocommerce-product-attributes-item--attribute_pa_nombre-de-portes\">\n<th class=\"woocommerce-product-attributes-item__label\" scope=\"row\"><span class=\"wd-attr-name\"><span class=\"wd-attr-name-label\">Nombre de Portes<\/span><\/span><\/th>\n<td class=\"woocommerce-product-attributes-item__value\"><a href=\"https:\/\/electrohadjkacem.com\/nombre-de-portes\/2-portes\/\" rel=\"tag\">2 portes<\/a><\/td>\n<\/tr>\n<tr class=\"woocommerce-product-attributes-item woocommerce-product-attributes-item--attribute_pa_garantie\">\n<th class=\"woocommerce-product-attributes-item__label\" scope=\"row\"><span class=\"wd-attr-name\"><span class=\"wd-attr-name-label\">Garantie<\/span><\/span><\/th>\n<td class=\"woocommerce-product-attributes-item__value\"><a href=\"https:\/\/electrohadjkacem.com\/garantie\/2-ans\/\" rel=\"tag\">2 ans<\/a><\/td>\n<\/tr>\n<tr class=\"woocommerce-product-attributes-item woocommerce-product-attributes-item--attribute_pa_systeme-de-refroidissement\">\n<th class=\"woocommerce-product-attributes-item__label\" scope=\"row\"><span class=\"wd-attr-name\"><span class=\"wd-attr-name-label\">Syst\u00e8me de Refroidissement<\/span><\/span><\/th>\n<td class=\"woocommerce-product-attributes-item__value\"><a href=\"https:\/\/electrohadjkacem.com\/systeme-de-refroidissement\/nofrost\/\" rel=\"tag\">NoFrost<\/a><\/td>\n<\/tr>\n<tr class=\"woocommerce-product-attributes-item woocommerce-product-attributes-item--attribute_pa_classe-energetique\">\n<th class=\"woocommerce-product-attributes-item__label\" scope=\"row\"><span class=\"wd-attr-name\"><span class=\"wd-attr-name-label\">Classe \u00c9nerg\u00e9tique<\/span><\/span><\/th>\n<td class=\"woocommerce-product-attributes-item__value\"><a href=\"https:\/\/electrohadjkacem.com\/classe-energetique\/a\/\" rel=\"tag\">A+<\/a><\/td>\n<\/tr>\n<tr class=\"woocommerce-product-attributes-item woocommerce-product-attributes-item--attribute_pa_couleur\">\n<th class=\"woocommerce-product-attributes-item__label\" scope=\"row\"><span class=\"wd-attr-name\"><span class=\"wd-attr-name-label\">Couleur<\/span><\/span><\/th>\n<td class=\"woocommerce-product-attributes-item__value\"><a href=\"https:\/\/electrohadjkacem.com\/couleur\/noir\/\" rel=\"tag\">Noir<\/a><\/td>\n<\/tr>\n<tr class=\"woocommerce-product-attributes-item woocommerce-product-attributes-item--attribute_pa_volume-net-du-refrigerateur\">\n<th class=\"woocommerce-product-attributes-item__label\" scope=\"row\"><span class=\"wd-attr-name\"><span class=\"wd-attr-name-label\">Volume Net Du R\u00e9frig\u00e9rateur<\/span><\/span><\/th>\n<td class=\"woocommerce-product-attributes-item__value\"><a href=\"https:\/\/electrohadjkacem.com\/volume-net-du-refrigerateur\/386-litres\/\" rel=\"tag\">386 Litres<\/a><\/td>\n<\/tr>\n<\/tbody>\n<\/table>","protected":false},"excerpt":{"rendered":"<p>R\u00e9f\u00e9rence FGRF-48T-BK Nombre de Portes 2 portes Garantie 2 ans Syst\u00e8me de Refroidissement NoFrost Classe \u00c9nerg\u00e9tique A+ Couleur Noir Volume Net Du R\u00e9frig\u00e9rateur 386 Litres<\/p>","protected":false},"featured_media":8980,"comment_status":"open","ping_status":"closed","template":"","meta":[],"product_brand":[258],"product_cat":[19,22],"product_tag":[],"class_list":{"0":"post-8979","1":"product","2":"type-product","3":"status-publish","4":"has-post-thumbnail","6":"product_brand-tornado","7":"product_cat-refrigerateur","8":"product_cat-refrigerateurs","10":"first","11":"instock","12":"shipping-taxable","13":"purchasable","14":"product-type-simple"},"_links":{"self":[{"href":"https:\/\/electrobennjima.tn\/en\/wp-json\/wp\/v2\/product\/8979","targetHints":{"allow":["GET"]}}],"collection":[{"href":"https:\/\/electrobennjima.tn\/en\/wp-json\/wp\/v2\/product"}],"about":[{"href":"https:\/\/electrobennjima.tn\/en\/wp-json\/wp\/v2\/types\/product"}],"replies":[{"embeddable":true,"href":"https:\/\/electrobennjima.tn\/en\/wp-json\/wp\/v2\/comments?post=8979"}],"wp:featuredmedia":[{"embeddable":true,"href":"https:\/\/electrobennjima.tn\/en\/wp-json\/wp\/v2\/media\/8980"}],"wp:attachment":[{"href":"https:\/\/electrobennjima.tn\/en\/wp-json\/wp\/v2\/media?parent=8979"}],"wp:term":[{"taxonomy":"product_brand","embeddable":true,"href":"https:\/\/electrobennjima.tn\/en\/wp-json\/wp\/v2\/product_brand?post=8979"},{"taxonomy":"product_cat","embeddable":true,"href":"https:\/\/electrobennjima.tn\/en\/wp-json\/wp\/v2\/product_cat?post=8979"},{"taxonomy":"product_tag","embeddable":true,"href":"https:\/\/electrobennjima.tn\/en\/wp-json\/wp\/v2\/product_tag?post=8979"}],"curies":[{"name":"wp","href":"https:\/\/api.w.org\/{rel}","templated":true}]}}