{"id":8989,"date":"2026-03-29T22:44:50","date_gmt":"2026-03-29T22:44:50","guid":{"rendered":"https:\/\/electrobennjima.tn\/?post_type=product&#038;p=8989"},"modified":"2026-03-29T22:44:50","modified_gmt":"2026-03-29T22:44:50","slug":"frigo-whirpool-combine-360l-nf-inox-6eme-sence","status":"publish","type":"product","link":"https:\/\/electrobennjima.tn\/en\/frigo-whirpool-combine-360l-nf-inox-6eme-sence\/","title":{"rendered":"FRIGO WHIRPOOL COMBINE 360L NF INOX 6EME SENCE"},"content":{"rendered":"<table id=\"product-attribute-specs-table\" class=\"data table additional-attributes\">\n<tbody>\n<tr>\n<th class=\"col label\" scope=\"row\">R\u00e9f\u00e9rence<\/th>\n<td class=\"col data\" data-th=\"gtin\">FGWFNF81EOX1<\/td>\n<\/tr>\n<tr>\n<th class=\"col label\" scope=\"row\">Marque<\/th>\n<td class=\"col data\" data-th=\"Marque\">WHIRLPOOL<\/td>\n<\/tr>\n<tr>\n<th class=\"col label\" scope=\"row\">Type de Pose<\/th>\n<td class=\"col data\" data-th=\"Type de Pose\">Pose Libre<\/td>\n<\/tr>\n<tr>\n<th class=\"col label\" scope=\"row\">Type<\/th>\n<td class=\"col data\" data-th=\"Type\">Combin\u00e9<\/td>\n<\/tr>\n<tr>\n<th class=\"col label\" scope=\"row\">Syst\u00e8me de Refroidissement<\/th>\n<td class=\"col data\" data-th=\"Syst\u00e8me de Refroidissement\">NoFrost<\/td>\n<\/tr>\n<tr>\n<th class=\"col label\" scope=\"row\">Inverter<\/th>\n<td class=\"col data\" data-th=\"Inverter\">Non<\/td>\n<\/tr>\n<tr>\n<th class=\"col label\" scope=\"row\">Classe \u00c9nerg\u00e9tique<\/th>\n<td class=\"col data\" data-th=\"Classe \u00c9nerg\u00e9tique\">A+++<\/td>\n<\/tr>\n<tr>\n<th class=\"col label\" scope=\"row\">Avec Distributeur<\/th>\n<td class=\"col data\" data-th=\"Avec Distributeur\">Non<\/td>\n<\/tr>\n<tr>\n<th class=\"col label\" scope=\"row\">Afficheur<\/th>\n<td class=\"col data\" data-th=\"Afficheur \">Sans Afficheur<\/td>\n<\/tr>\n<tr>\n<th class=\"col label\" scope=\"row\">Volume Brut<\/th>\n<td class=\"col data\" data-th=\"Volume Brut\">301 &#8211; 400 Litres<\/td>\n<\/tr>\n<tr>\n<th class=\"col label\" scope=\"row\">Volume Brut Du R\u00e9frig\u00e9rateur<\/th>\n<td class=\"col data\" data-th=\" Volume Brut Du R\u00e9frig\u00e9rateur\">234 Litres<\/td>\n<\/tr>\n<tr>\n<th class=\"col label\" scope=\"row\">Volume Net Du R\u00e9frig\u00e9rateur<\/th>\n<td class=\"col data\" data-th=\"Volume Net Du R\u00e9frig\u00e9rateur\">223 Litres<\/td>\n<\/tr>\n<tr>\n<th class=\"col label\" scope=\"row\">Volume Brut Du Cong\u00e9lateur<\/th>\n<td class=\"col data\" data-th=\"Volume Brut Du Cong\u00e9lateur\">122 litres<\/td>\n<\/tr>\n<tr>\n<th class=\"col label\" scope=\"row\">Volume Net Du Cong\u00e9lateur<\/th>\n<td class=\"col data\" data-th=\"Volume Net Du Cong\u00e9lateur\">97 Litres<\/td>\n<\/tr>\n<tr>\n<th class=\"col label\" scope=\"row\">Capacit\u00e9 de cong\u00e9lation<\/th>\n<td class=\"col data\" data-th=\"Capacit\u00e9 de cong\u00e9lation\">4Kg\/24h<\/td>\n<\/tr>\n<tr>\n<th class=\"col label\" scope=\"row\">Nombre de portes<\/th>\n<td class=\"col data\" data-th=\"Nombre de portes\">2 portes<\/td>\n<\/tr>\n<tr>\n<th class=\"col label\" scope=\"row\">D\u00e9givrage<\/th>\n<td class=\"col data\" data-th=\"D\u00e9givrage\">Automatique<\/td>\n<\/tr>\n<tr>\n<th class=\"col label\" scope=\"row\">Consommation d \u00e9nergie<\/th>\n<td class=\"col data\" data-th=\"Consommation d \u00e9nergie\">312 kWh\/an<\/td>\n<\/tr>\n<tr>\n<th class=\"col label\" scope=\"row\">Dimensions<\/th>\n<td class=\"col data\" data-th=\"Dimensions\">H x L x P: 188.9 x 59.5 x 65.5 cm<\/td>\n<\/tr>\n<tr>\n<th class=\"col label\" scope=\"row\">Couleur<\/th>\n<td class=\"col data\" data-th=\"Couleur\">Inox<\/td>\n<\/tr>\n<tr>\n<th class=\"col label\" scope=\"row\">Garantie<\/th>\n<td class=\"col data\" data-th=\"Garantie\">2 ans<\/td>\n<\/tr>\n<\/tbody>\n<\/table>","protected":false},"excerpt":{"rendered":"<p>R\u00e9f\u00e9rence FGWFNF81EOX1 Marque WHIRLPOOL Type de Pose Pose Libre Type Combin\u00e9 Syst\u00e8me de Refroidissement NoFrost Inverter Non Classe \u00c9nerg\u00e9tique A+++ Avec Distributeur Non Afficheur Sans Afficheur Volume Brut 301 &#8211; 400 Litres Volume Brut Du R\u00e9frig\u00e9rateur 234 Litres Volume Net Du R\u00e9frig\u00e9rateur 223 Litres Volume Brut Du Cong\u00e9lateur 122 litres Volume Net Du Cong\u00e9lateur 97 [&hellip;]<\/p>","protected":false},"featured_media":8990,"comment_status":"open","ping_status":"closed","template":"","meta":[],"product_brand":[60],"product_cat":[19,22],"product_tag":[],"class_list":{"0":"post-8989","1":"product","2":"type-product","3":"status-publish","4":"has-post-thumbnail","6":"product_brand-whirlpool","7":"product_cat-refrigerateur","8":"product_cat-refrigerateurs","10":"first","11":"instock","12":"shipping-taxable","13":"purchasable","14":"product-type-simple"},"_links":{"self":[{"href":"https:\/\/electrobennjima.tn\/en\/wp-json\/wp\/v2\/product\/8989","targetHints":{"allow":["GET"]}}],"collection":[{"href":"https:\/\/electrobennjima.tn\/en\/wp-json\/wp\/v2\/product"}],"about":[{"href":"https:\/\/electrobennjima.tn\/en\/wp-json\/wp\/v2\/types\/product"}],"replies":[{"embeddable":true,"href":"https:\/\/electrobennjima.tn\/en\/wp-json\/wp\/v2\/comments?post=8989"}],"wp:featuredmedia":[{"embeddable":true,"href":"https:\/\/electrobennjima.tn\/en\/wp-json\/wp\/v2\/media\/8990"}],"wp:attachment":[{"href":"https:\/\/electrobennjima.tn\/en\/wp-json\/wp\/v2\/media?parent=8989"}],"wp:term":[{"taxonomy":"product_brand","embeddable":true,"href":"https:\/\/electrobennjima.tn\/en\/wp-json\/wp\/v2\/product_brand?post=8989"},{"taxonomy":"product_cat","embeddable":true,"href":"https:\/\/electrobennjima.tn\/en\/wp-json\/wp\/v2\/product_cat?post=8989"},{"taxonomy":"product_tag","embeddable":true,"href":"https:\/\/electrobennjima.tn\/en\/wp-json\/wp\/v2\/product_tag?post=8989"}],"curies":[{"name":"wp","href":"https:\/\/api.w.org\/{rel}","templated":true}]}}