{"id":9005,"date":"2026-03-30T07:39:51","date_gmt":"2026-03-30T07:39:51","guid":{"rendered":"https:\/\/electrobennjima.tn\/?post_type=product&#038;p=9005"},"modified":"2026-03-30T13:47:40","modified_gmt":"2026-03-30T13:47:40","slug":"frigo-whirlpool-horizontal-610l-a","status":"publish","type":"product","link":"https:\/\/electrobennjima.tn\/en\/frigo-whirlpool-horizontal-610l-a\/","title":{"rendered":"CONG\u00c9LATEUR WHIRLPOOL HORIZONTAL &#8211;  610L A+"},"content":{"rendered":"<table id=\"product-attribute-specs-table\" class=\"data table additional-attributes\">\n<tbody>\n<tr>\n<th class=\"col label\" scope=\"row\">R\u00e9f\u00e9rence<\/th>\n<td class=\"col data\" data-th=\"Prix\">FGCF610 A+<\/td>\n<\/tr>\n<tr>\n<th class=\"col label\" scope=\"row\">Marque<\/th>\n<td class=\"col data\" data-th=\"R\u00e9f\u00e9rence:\">Whirlpool<\/td>\n<\/tr>\n<tr>\n<th class=\"col label\" scope=\"row\">Garantie:<\/th>\n<td class=\"col data\" data-th=\"Garantie:\">1 an<\/td>\n<\/tr>\n<tr>\n<th class=\"col label\" scope=\"row\">Type de Cong\u00e9lateur<\/th>\n<td class=\"col data\" data-th=\"Type de Cong\u00e9lateur \">Horizontale<\/td>\n<\/tr>\n<tr>\n<th class=\"col label\" scope=\"row\">Syst\u00e8me Refroidissement<\/th>\n<td class=\"col data\" data-th=\"Syst\u00e8me Refroidissement\">De-Frost<\/td>\n<\/tr>\n<tr>\n<th class=\"col label\" scope=\"row\">Eclairage<\/th>\n<td class=\"col data\" data-th=\"Eclairage\">Oui<\/td>\n<\/tr>\n<tr>\n<th class=\"col label\" scope=\"row\">Couleur:<\/th>\n<td class=\"col data\" data-th=\"Couleur:\">Blanc<\/td>\n<\/tr>\n<\/tbody>\n<\/table>","protected":false},"excerpt":{"rendered":"<p>R\u00e9f\u00e9rence FGCF610 A+ Marque Whirlpool Garantie: 1 an Type de Cong\u00e9lateur Horizontale Syst\u00e8me Refroidissement De-Frost Eclairage Oui Couleur: Blanc<\/p>","protected":false},"featured_media":9008,"comment_status":"open","ping_status":"closed","template":"","meta":[],"product_brand":[60],"product_cat":[59],"product_tag":[],"class_list":{"0":"post-9005","1":"product","2":"type-product","3":"status-publish","4":"has-post-thumbnail","6":"product_brand-whirlpool","7":"product_cat-congelateurs","9":"first","10":"instock","11":"shipping-taxable","12":"purchasable","13":"product-type-simple"},"_links":{"self":[{"href":"https:\/\/electrobennjima.tn\/en\/wp-json\/wp\/v2\/product\/9005","targetHints":{"allow":["GET"]}}],"collection":[{"href":"https:\/\/electrobennjima.tn\/en\/wp-json\/wp\/v2\/product"}],"about":[{"href":"https:\/\/electrobennjima.tn\/en\/wp-json\/wp\/v2\/types\/product"}],"replies":[{"embeddable":true,"href":"https:\/\/electrobennjima.tn\/en\/wp-json\/wp\/v2\/comments?post=9005"}],"wp:featuredmedia":[{"embeddable":true,"href":"https:\/\/electrobennjima.tn\/en\/wp-json\/wp\/v2\/media\/9008"}],"wp:attachment":[{"href":"https:\/\/electrobennjima.tn\/en\/wp-json\/wp\/v2\/media?parent=9005"}],"wp:term":[{"taxonomy":"product_brand","embeddable":true,"href":"https:\/\/electrobennjima.tn\/en\/wp-json\/wp\/v2\/product_brand?post=9005"},{"taxonomy":"product_cat","embeddable":true,"href":"https:\/\/electrobennjima.tn\/en\/wp-json\/wp\/v2\/product_cat?post=9005"},{"taxonomy":"product_tag","embeddable":true,"href":"https:\/\/electrobennjima.tn\/en\/wp-json\/wp\/v2\/product_tag?post=9005"}],"curies":[{"name":"wp","href":"https:\/\/api.w.org\/{rel}","templated":true}]}}