{"id":9009,"date":"2026-03-30T07:46:45","date_gmt":"2026-03-30T07:46:45","guid":{"rendered":"https:\/\/electrobennjima.tn\/?post_type=product&#038;p=9009"},"modified":"2026-03-30T13:47:08","modified_gmt":"2026-03-30T13:47:08","slug":"frigo-whirlpool-horizontal-500l-dual-cool","status":"publish","type":"product","link":"https:\/\/electrobennjima.tn\/en\/frigo-whirlpool-horizontal-500l-dual-cool\/","title":{"rendered":"CONG\u00c9LATEUR WHIRLPOOL HORIZONTAL &#8211; 500L DUAL COOL"},"content":{"rendered":"<table id=\"product-attribute-specs-table\" class=\"data table additional-attributes\">\n<tbody>\n<tr>\n<th class=\"col label\" scope=\"row\">R\u00e9f\u00e9rence<\/th>\n<td class=\"col data\" data-th=\"gtin\">FGWHM3911<\/td>\n<\/tr>\n<tr>\n<th class=\"col label\" scope=\"row\">Marque<\/th>\n<td class=\"col data\" data-th=\"Marque\">Whirlpool<\/td>\n<\/tr>\n<tr>\n<th class=\"col label\" scope=\"row\">Type<\/th>\n<td class=\"col data\" data-th=\"Type\">Horizontal<\/td>\n<\/tr>\n<tr>\n<th class=\"col label\" scope=\"row\">Syst\u00e8me de Refroidissement<\/th>\n<td class=\"col data\" data-th=\"Syst\u00e8me de Refroidissement\">DeFrost<\/td>\n<\/tr>\n<tr>\n<th class=\"col label\" scope=\"row\">Volume Brut<\/th>\n<td class=\"col data\" data-th=\"Volume Brut\">401 &#8211; 500 Litres<\/td>\n<\/tr>\n<tr>\n<th class=\"col label\" scope=\"row\">Nombre de portes<\/th>\n<td class=\"col data\" data-th=\"Nombre de portes\">1 porte<\/td>\n<\/tr>\n<tr>\n<th class=\"col label\" scope=\"row\">Classe \u00c9nerg\u00e9tique<\/th>\n<td class=\"col data\" data-th=\"Classe \u00c9nerg\u00e9tique\">A+<\/td>\n<\/tr>\n<tr>\n<th class=\"col label\" scope=\"row\">Nombre d \u00e9toiles<\/th>\n<td class=\"col data\" data-th=\"Nombre d \u00e9toiles\">****<\/td>\n<\/tr>\n<tr>\n<th class=\"col label\" scope=\"row\">Couleur<\/th>\n<td class=\"col data\" data-th=\"Couleur\">Blanc<\/td>\n<\/tr>\n<tr>\n<th class=\"col label\" scope=\"row\">Garantie<\/th>\n<td class=\"col data\" data-th=\"Garantie\">2 ans<\/td>\n<\/tr>\n<\/tbody>\n<\/table>","protected":false},"excerpt":{"rendered":"<p>R\u00e9f\u00e9rence FGWHM3911 Marque Whirlpool Type Horizontal Syst\u00e8me de Refroidissement DeFrost Volume Brut 401 &#8211; 500 Litres Nombre de portes 1 porte Classe \u00c9nerg\u00e9tique A+ Nombre d \u00e9toiles **** Couleur Blanc Garantie 2 ans<\/p>","protected":false},"featured_media":9012,"comment_status":"open","ping_status":"closed","template":"","meta":[],"product_brand":[60],"product_cat":[59],"product_tag":[],"class_list":{"0":"post-9009","1":"product","2":"type-product","3":"status-publish","4":"has-post-thumbnail","6":"product_brand-whirlpool","7":"product_cat-congelateurs","9":"first","10":"instock","11":"shipping-taxable","12":"purchasable","13":"product-type-simple"},"_links":{"self":[{"href":"https:\/\/electrobennjima.tn\/en\/wp-json\/wp\/v2\/product\/9009","targetHints":{"allow":["GET"]}}],"collection":[{"href":"https:\/\/electrobennjima.tn\/en\/wp-json\/wp\/v2\/product"}],"about":[{"href":"https:\/\/electrobennjima.tn\/en\/wp-json\/wp\/v2\/types\/product"}],"replies":[{"embeddable":true,"href":"https:\/\/electrobennjima.tn\/en\/wp-json\/wp\/v2\/comments?post=9009"}],"wp:featuredmedia":[{"embeddable":true,"href":"https:\/\/electrobennjima.tn\/en\/wp-json\/wp\/v2\/media\/9012"}],"wp:attachment":[{"href":"https:\/\/electrobennjima.tn\/en\/wp-json\/wp\/v2\/media?parent=9009"}],"wp:term":[{"taxonomy":"product_brand","embeddable":true,"href":"https:\/\/electrobennjima.tn\/en\/wp-json\/wp\/v2\/product_brand?post=9009"},{"taxonomy":"product_cat","embeddable":true,"href":"https:\/\/electrobennjima.tn\/en\/wp-json\/wp\/v2\/product_cat?post=9009"},{"taxonomy":"product_tag","embeddable":true,"href":"https:\/\/electrobennjima.tn\/en\/wp-json\/wp\/v2\/product_tag?post=9009"}],"curies":[{"name":"wp","href":"https:\/\/api.w.org\/{rel}","templated":true}]}}