{"id":9028,"date":"2026-03-30T08:55:01","date_gmt":"2026-03-30T08:55:01","guid":{"rendered":"https:\/\/electrobennjima.tn\/?post_type=product&#038;p=9028"},"modified":"2026-03-30T08:55:01","modified_gmt":"2026-03-30T08:55:01","slug":"frigo-acer-nf-silver-473l","status":"publish","type":"product","link":"https:\/\/electrobennjima.tn\/en\/frigo-acer-nf-silver-473l\/","title":{"rendered":"FRIGO ACER NF SILVER &#8211; 473L"},"content":{"rendered":"<table id=\"product-attribute-specs-table\" class=\"data table additional-attributes\">\n<tbody>\n<tr>\n<th class=\"col label\" scope=\"row\">R\u00e9f\u00e9rence<\/th>\n<td class=\"col data\" data-th=\"DISPONIBILIT\u00c9\">FGNF473S<\/td>\n<\/tr>\n<tr>\n<th class=\"col label\" scope=\"row\"><strong>Marque<\/strong><\/th>\n<td class=\"col data\" data-th=\"gtin\">Acer<\/td>\n<\/tr>\n<tr>\n<th class=\"col label\" scope=\"row\"><strong>Type de pose<\/strong><\/th>\n<td class=\"col data\" data-th=\"Marque\">Pose libre<\/td>\n<\/tr>\n<tr>\n<th class=\"col label\" scope=\"row\"><strong>Type<\/strong><\/th>\n<td class=\"col data\" data-th=\"Taille de l'\u00e9cran\">Double portes<\/td>\n<\/tr>\n<tr>\n<th class=\"col label\" scope=\"row\"><strong>Syst\u00e8me de refroidissement<\/strong><\/th>\n<td class=\"col data\" data-th=\"Ecran Incurv\u00e9\">NoFrost<\/td>\n<\/tr>\n<tr>\n<th class=\"col label\" scope=\"row\"><strong>Inverter<\/strong><\/th>\n<td class=\"col data\" data-th=\"Ecran\">Non<\/td>\n<\/tr>\n<tr>\n<th class=\"col label\" scope=\"row\"><strong>Classe \u00e9nerg\u00e9tique<\/strong><\/th>\n<td class=\"col data\" data-th=\"R\u00e9solution d'\u00e9crans\">A++<\/td>\n<\/tr>\n<tr>\n<th class=\"col label\" scope=\"row\"><strong>Avec Distributeur<\/strong><\/th>\n<td class=\"col data\" data-th=\"R\u00e9cepteur Int\u00e9gr\u00e9\">Non<\/td>\n<\/tr>\n<tr>\n<th class=\"col label\" scope=\"row\"><strong>Afficheur<\/strong><\/th>\n<td class=\"col data\" data-th=\"Smart TV\">Sans afficheur<\/td>\n<\/tr>\n<tr>\n<th class=\"col label\" scope=\"row\"><strong>Volume brut<\/strong><\/th>\n<td class=\"col data\" data-th=\"Compatible HDR\">473 Litres<\/td>\n<\/tr>\n<tr>\n<th class=\"col label\" scope=\"row\"><strong>Nombre de portes<\/strong><\/th>\n<td class=\"col data\" data-th=\"Bluetooth\">1 porte<\/td>\n<\/tr>\n<tr>\n<th class=\"col label\" scope=\"row\"><strong>D\u00e9givrage<\/strong><\/th>\n<td class=\"col data\" data-th=\"Puissance de haut-parleur\">Automatique<\/td>\n<\/tr>\n<tr>\n<th class=\"col label\" scope=\"row\"><strong>Dimensions<\/strong><\/th>\n<td class=\"col data\" data-th=\"Connecteurs\">H x L x P: 157 x 54 x 60 cm<\/td>\n<\/tr>\n<tr>\n<th class=\"col label\" scope=\"row\"><strong>Couleur<\/strong><\/th>\n<td class=\"col data\" data-th=\"Dimensions\">Silver<\/td>\n<\/tr>\n<tr>\n<th class=\"col label\" scope=\"row\"><strong>Garantie<\/strong><\/th>\n<td class=\"col data\" data-th=\"Garantie\">1 an<\/td>\n<\/tr>\n<\/tbody>\n<\/table>","protected":false},"excerpt":{"rendered":"<p>R\u00e9f\u00e9rence FGNF473S Marque Acer Type de pose Pose libre Type Double portes Syst\u00e8me de refroidissement NoFrost Inverter Non Classe \u00e9nerg\u00e9tique A++ Avec Distributeur Non Afficheur Sans afficheur Volume brut 473 Litres Nombre de portes 1 porte D\u00e9givrage Automatique Dimensions H x L x P: 157 x 54 x 60 cm Couleur Silver Garantie 1 an<\/p>","protected":false},"featured_media":9029,"comment_status":"open","ping_status":"closed","template":"","meta":[],"product_brand":[95],"product_cat":[19,22],"product_tag":[],"class_list":{"0":"post-9028","1":"product","2":"type-product","3":"status-publish","4":"has-post-thumbnail","6":"product_brand-acer","7":"product_cat-refrigerateur","8":"product_cat-refrigerateurs","10":"first","11":"instock","12":"shipping-taxable","13":"purchasable","14":"product-type-simple"},"_links":{"self":[{"href":"https:\/\/electrobennjima.tn\/en\/wp-json\/wp\/v2\/product\/9028","targetHints":{"allow":["GET"]}}],"collection":[{"href":"https:\/\/electrobennjima.tn\/en\/wp-json\/wp\/v2\/product"}],"about":[{"href":"https:\/\/electrobennjima.tn\/en\/wp-json\/wp\/v2\/types\/product"}],"replies":[{"embeddable":true,"href":"https:\/\/electrobennjima.tn\/en\/wp-json\/wp\/v2\/comments?post=9028"}],"wp:featuredmedia":[{"embeddable":true,"href":"https:\/\/electrobennjima.tn\/en\/wp-json\/wp\/v2\/media\/9029"}],"wp:attachment":[{"href":"https:\/\/electrobennjima.tn\/en\/wp-json\/wp\/v2\/media?parent=9028"}],"wp:term":[{"taxonomy":"product_brand","embeddable":true,"href":"https:\/\/electrobennjima.tn\/en\/wp-json\/wp\/v2\/product_brand?post=9028"},{"taxonomy":"product_cat","embeddable":true,"href":"https:\/\/electrobennjima.tn\/en\/wp-json\/wp\/v2\/product_cat?post=9028"},{"taxonomy":"product_tag","embeddable":true,"href":"https:\/\/electrobennjima.tn\/en\/wp-json\/wp\/v2\/product_tag?post=9028"}],"curies":[{"name":"wp","href":"https:\/\/api.w.org\/{rel}","templated":true}]}}