{"id":9046,"date":"2026-03-30T11:59:41","date_gmt":"2026-03-30T11:59:41","guid":{"rendered":"https:\/\/electrobennjima.tn\/?post_type=product&#038;p=9046"},"modified":"2026-03-30T13:14:23","modified_gmt":"2026-03-30T13:14:23","slug":"frigo-lg-nf-320l-inverter-silver","status":"publish","type":"product","link":"https:\/\/electrobennjima.tn\/en\/frigo-lg-nf-320l-inverter-silver\/","title":{"rendered":"FRIGO LG NF \/ 320L &#8211; INVERTER SILVER"},"content":{"rendered":"<table id=\"product-attribute-specs-table\" class=\"data table additional-attributes\">\n<tbody>\n<tr>\n<th class=\"col label\" scope=\"row\">R\u00e9f\u00e9rence<\/th>\n<td class=\"col data\" data-th=\"DISPONIBILIT\u00c9\">FGLGB312PLGB<\/td>\n<\/tr>\n<tr>\n<th class=\"col label\" scope=\"row\">Marque<\/th>\n<td class=\"col data\" data-th=\"gtin\">LG<\/td>\n<\/tr>\n<tr>\n<th class=\"col label\" scope=\"row\">Garantie<\/th>\n<td class=\"col data\" data-th=\"Marque\">1ans<\/td>\n<\/tr>\n<tr>\n<th class=\"col label\" scope=\"row\">Couleur<\/th>\n<td class=\"col data\" data-th=\"Gamme PC\">Silver<\/td>\n<\/tr>\n<tr>\n<th class=\"col label\" scope=\"row\">Syst\u00e8me de refroidissement<\/th>\n<td class=\"col data\" data-th=\"Gamer\">NoFrost<\/td>\n<\/tr>\n<tr>\n<th class=\"col label\" scope=\"row\">Type de R\u00e9frig\u00e9rateur<\/th>\n<td class=\"col data\" data-th=\"Syst\u00e8me d'exploitation\">Double portes<\/td>\n<\/tr>\n<tr>\n<th class=\"col label\" scope=\"row\">Volume brut<\/th>\n<td class=\"col data\" data-th=\"Taille de l'\u00e9cran\">300-400<\/td>\n<\/tr>\n<tr>\n<th class=\"col label\" scope=\"row\">Encastrable<\/th>\n<td class=\"col data\" data-th=\"Ecran\">Pose libre<\/td>\n<\/tr>\n<tr>\n<th class=\"col label\" scope=\"row\">Inverter<\/th>\n<td class=\"col data\" data-th=\"Ecran Tactile\">Oui<\/td>\n<\/tr>\n<tr>\n<th class=\"col label\" scope=\"row\">Avec Distributeur<\/th>\n<td class=\"col data\" data-th=\"R\u00e9solution d'\u00e9crans\">Non<\/td>\n<\/tr>\n<tr>\n<th class=\"col label\" scope=\"row\">Classe Energ\u00e9tique<\/th>\n<td class=\"col data\" data-th=\"Processeur\">Autres<\/td>\n<\/tr>\n<tr>\n<th class=\"col label\" scope=\"row\">Smart<\/th>\n<td class=\"col data\" data-th=\"Type Processeur\">Oui<\/td>\n<\/tr>\n<\/tbody>\n<\/table>","protected":false},"excerpt":{"rendered":"<p>R\u00e9f\u00e9rence FGLGB312PLGB Marque LG Garantie 1ans Couleur Silver Syst\u00e8me de refroidissement NoFrost Type de R\u00e9frig\u00e9rateur Double portes Volume brut 300-400 Encastrable Pose libre Inverter Oui Avec Distributeur Non Classe Energ\u00e9tique Autres Smart Oui<\/p>","protected":false},"featured_media":9047,"comment_status":"open","ping_status":"closed","template":"","meta":[],"product_brand":[113],"product_cat":[19,22],"product_tag":[],"class_list":{"0":"post-9046","1":"product","2":"type-product","3":"status-publish","4":"has-post-thumbnail","6":"product_brand-lg","7":"product_cat-refrigerateur","8":"product_cat-refrigerateurs","10":"first","11":"instock","12":"shipping-taxable","13":"purchasable","14":"product-type-simple"},"_links":{"self":[{"href":"https:\/\/electrobennjima.tn\/en\/wp-json\/wp\/v2\/product\/9046","targetHints":{"allow":["GET"]}}],"collection":[{"href":"https:\/\/electrobennjima.tn\/en\/wp-json\/wp\/v2\/product"}],"about":[{"href":"https:\/\/electrobennjima.tn\/en\/wp-json\/wp\/v2\/types\/product"}],"replies":[{"embeddable":true,"href":"https:\/\/electrobennjima.tn\/en\/wp-json\/wp\/v2\/comments?post=9046"}],"wp:featuredmedia":[{"embeddable":true,"href":"https:\/\/electrobennjima.tn\/en\/wp-json\/wp\/v2\/media\/9047"}],"wp:attachment":[{"href":"https:\/\/electrobennjima.tn\/en\/wp-json\/wp\/v2\/media?parent=9046"}],"wp:term":[{"taxonomy":"product_brand","embeddable":true,"href":"https:\/\/electrobennjima.tn\/en\/wp-json\/wp\/v2\/product_brand?post=9046"},{"taxonomy":"product_cat","embeddable":true,"href":"https:\/\/electrobennjima.tn\/en\/wp-json\/wp\/v2\/product_cat?post=9046"},{"taxonomy":"product_tag","embeddable":true,"href":"https:\/\/electrobennjima.tn\/en\/wp-json\/wp\/v2\/product_tag?post=9046"}],"curies":[{"name":"wp","href":"https:\/\/api.w.org\/{rel}","templated":true}]}}