{"id":9065,"date":"2026-03-30T13:41:09","date_gmt":"2026-03-30T13:41:09","guid":{"rendered":"https:\/\/electrobennjima.tn\/?post_type=product&#038;p=9065"},"modified":"2026-03-30T13:41:09","modified_gmt":"2026-03-30T13:41:09","slug":"frigo-hisense-side-by-side-580l-inox-inverter","status":"publish","type":"product","link":"https:\/\/electrobennjima.tn\/en\/frigo-hisense-side-by-side-580l-inox-inverter\/","title":{"rendered":"FRIGO HISENSE SIDE BY SIDE \/ 580L &#8211; INOX INVERTER"},"content":{"rendered":"<table class=\"additional-attributes w-full\">\n<tbody>\n<tr class=\"border-b border-grey-400 last:border-b-0 first:border-t text-sm\ttransition-all duration-200 ease-in\">\n<th class=\"col label w-1\/3 py-4 pl-4 text-left text-primary font-semibold product-attribute-label\" scope=\"row\">R\u00e9f\u00e9rence<\/th>\n<td class=\"col data w-1\/2 py-4 pl-2 text-left text-primary product-attribute-value\" data-th=\"Marque\">FGRQ5P560NMI1<\/td>\n<\/tr>\n<tr class=\"border-b border-grey-400 last:border-b-0 first:border-t text-sm\ttransition-all duration-200 ease-in\">\n<th class=\"col label w-1\/3 py-4 pl-4 text-left text-primary font-semibold product-attribute-label\" scope=\"row\">Marque<\/th>\n<td class=\"col data w-1\/2 py-4 pl-2 text-left text-primary product-attribute-value\" data-th=\"R\u00e9f\u00e9rence\">HISENSE<\/td>\n<\/tr>\n<tr class=\"border-b border-grey-400 last:border-b-0 first:border-t text-sm\ttransition-all duration-200 ease-in\">\n<th class=\"col label w-1\/3 py-4 pl-4 text-left text-primary font-semibold product-attribute-label\" scope=\"row\">Type<\/th>\n<td class=\"col data w-1\/2 py-4 pl-2 text-left text-primary product-attribute-value\" data-th=\"Type\">Side By Side<\/td>\n<\/tr>\n<tr class=\"border-b border-grey-400 last:border-b-0 first:border-t text-sm\ttransition-all duration-200 ease-in\">\n<th class=\"col label w-1\/3 py-4 pl-4 text-left text-primary font-semibold product-attribute-label\" scope=\"row\">Type de pose<\/th>\n<td class=\"col data w-1\/2 py-4 pl-2 text-left text-primary product-attribute-value\" data-th=\"Type de pose\">Pose Libre<\/td>\n<\/tr>\n<tr class=\"border-b border-grey-400 last:border-b-0 first:border-t text-sm\ttransition-all duration-200 ease-in\">\n<th class=\"col label w-1\/3 py-4 pl-4 text-left text-primary font-semibold product-attribute-label\" scope=\"row\">Syst\u00e8me de refroidissement<\/th>\n<td class=\"col data w-1\/2 py-4 pl-2 text-left text-primary product-attribute-value\" data-th=\"Syst\u00e8me de refroidissement\">NOFROST<\/td>\n<\/tr>\n<tr class=\"border-b border-grey-400 last:border-b-0 first:border-t text-sm\ttransition-all duration-200 ease-in\">\n<th class=\"col label w-1\/3 py-4 pl-4 text-left text-primary font-semibold product-attribute-label\" scope=\"row\">Volume brut<\/th>\n<td class=\"col data w-1\/2 py-4 pl-2 text-left text-primary product-attribute-value\" data-th=\"Volume brut\">579 Litres<\/td>\n<\/tr>\n<tr class=\"border-b border-grey-400 last:border-b-0 first:border-t text-sm\ttransition-all duration-200 ease-in\">\n<th class=\"col label w-1\/3 py-4 pl-4 text-left text-primary font-semibold product-attribute-label\" scope=\"row\">Afficheur<\/th>\n<td class=\"col data w-1\/2 py-4 pl-2 text-left text-primary product-attribute-value\" data-th=\"Afficheur\">Oui<\/td>\n<\/tr>\n<\/tbody>\n<\/table>","protected":false},"excerpt":{"rendered":"<p>R\u00e9f\u00e9rence FGRQ5P560NMI1 Marque HISENSE Type Side By Side Type de pose Pose Libre Syst\u00e8me de refroidissement NOFROST Volume brut 579 Litres Afficheur Oui<\/p>","protected":false},"featured_media":9066,"comment_status":"open","ping_status":"closed","template":"","meta":[],"product_brand":[210],"product_cat":[19,22],"product_tag":[],"class_list":{"0":"post-9065","1":"product","2":"type-product","3":"status-publish","4":"has-post-thumbnail","6":"product_brand-hisense","7":"product_cat-refrigerateur","8":"product_cat-refrigerateurs","10":"first","11":"instock","12":"shipping-taxable","13":"purchasable","14":"product-type-simple"},"_links":{"self":[{"href":"https:\/\/electrobennjima.tn\/en\/wp-json\/wp\/v2\/product\/9065","targetHints":{"allow":["GET"]}}],"collection":[{"href":"https:\/\/electrobennjima.tn\/en\/wp-json\/wp\/v2\/product"}],"about":[{"href":"https:\/\/electrobennjima.tn\/en\/wp-json\/wp\/v2\/types\/product"}],"replies":[{"embeddable":true,"href":"https:\/\/electrobennjima.tn\/en\/wp-json\/wp\/v2\/comments?post=9065"}],"wp:featuredmedia":[{"embeddable":true,"href":"https:\/\/electrobennjima.tn\/en\/wp-json\/wp\/v2\/media\/9066"}],"wp:attachment":[{"href":"https:\/\/electrobennjima.tn\/en\/wp-json\/wp\/v2\/media?parent=9065"}],"wp:term":[{"taxonomy":"product_brand","embeddable":true,"href":"https:\/\/electrobennjima.tn\/en\/wp-json\/wp\/v2\/product_brand?post=9065"},{"taxonomy":"product_cat","embeddable":true,"href":"https:\/\/electrobennjima.tn\/en\/wp-json\/wp\/v2\/product_cat?post=9065"},{"taxonomy":"product_tag","embeddable":true,"href":"https:\/\/electrobennjima.tn\/en\/wp-json\/wp\/v2\/product_tag?post=9065"}],"curies":[{"name":"wp","href":"https:\/\/api.w.org\/{rel}","templated":true}]}}