{"id":9074,"date":"2026-03-30T14:32:31","date_gmt":"2026-03-30T14:32:31","guid":{"rendered":"https:\/\/electrobennjima.tn\/?post_type=product&#038;p=9074"},"modified":"2026-03-30T14:32:31","modified_gmt":"2026-03-30T14:32:31","slug":"m-a-l-condor-7kg-1000-rpm-silver","status":"publish","type":"product","link":"https:\/\/electrobennjima.tn\/en\/m-a-l-condor-7kg-1000-rpm-silver\/","title":{"rendered":"M.A.L CONDOR 7KG 1000 RPM SILVER"},"content":{"rendered":"<table id=\"product-attribute-specs-table\" class=\"data table additional-attributes\">\n<tbody>\n<tr>\n<th class=\"col label\" scope=\"row\">R\u00e9f\u00e9rence<\/th>\n<td class=\"col data\" data-th=\"gtin\">MLCON-G710LS<\/td>\n<\/tr>\n<tr>\n<th class=\"col label\" scope=\"row\">Marque<\/th>\n<td class=\"col data\" data-th=\"Marque\">CONDOR<\/td>\n<\/tr>\n<tr>\n<th class=\"col label\" scope=\"row\">Type<\/th>\n<td class=\"col data\" data-th=\"Type\">Lave Linge<\/td>\n<\/tr>\n<tr>\n<th class=\"col label\" scope=\"row\">Type d&rsquo;ouverture<\/th>\n<td class=\"col data\" data-th=\"Type d'ouverture\">Frontal<\/td>\n<\/tr>\n<tr>\n<th class=\"col label\" scope=\"row\">Capacit\u00e9<\/th>\n<td class=\"col data\" data-th=\"Capacit\u00e9\">7 Kg<\/td>\n<\/tr>\n<tr>\n<th class=\"col label\" scope=\"row\">Afficheur<\/th>\n<td class=\"col data\" data-th=\"Afficheur \">Avec Afficheur<\/td>\n<\/tr>\n<tr>\n<th class=\"col label\" scope=\"row\">Ecran Tactile<\/th>\n<td class=\"col data\" data-th=\"Ecran Tactile\">Non<\/td>\n<\/tr>\n<tr>\n<th class=\"col label\" scope=\"row\">Inverter<\/th>\n<td class=\"col data\" data-th=\"Inverter\">Non<\/td>\n<\/tr>\n<tr>\n<th class=\"col label\" scope=\"row\">Nombre de Programmes<\/th>\n<td class=\"col data\" data-th=\"Nombre de Programmes\">15 Programmes<\/td>\n<\/tr>\n<tr>\n<th class=\"col label\" scope=\"row\">Classe \u00c9nerg\u00e9tique<\/th>\n<td class=\"col data\" data-th=\"Classe \u00c9nerg\u00e9tique\">A++<\/td>\n<\/tr>\n<tr>\n<th class=\"col label\" scope=\"row\">Nombre de Tours<\/th>\n<td class=\"col data\" data-th=\"Nombre de Tours\">de 600 \u00e0 1000 tours<\/td>\n<\/tr>\n<tr>\n<th class=\"col label\" scope=\"row\">Vitesse d essorage<\/th>\n<td class=\"col data\" data-th=\"Vitesse d essorage\">1000 tours<\/td>\n<\/tr>\n<tr>\n<th class=\"col label\" scope=\"row\">Couleur<\/th>\n<td class=\"col data\" data-th=\"Couleur\">Silver<\/td>\n<\/tr>\n<tr>\n<th class=\"col label\" scope=\"row\">Garantie<\/th>\n<td class=\"col data\" data-th=\"Garantie\">2 ans<\/td>\n<\/tr>\n<\/tbody>\n<\/table>","protected":false},"excerpt":{"rendered":"<p>R\u00e9f\u00e9rence MLCON-G710LS Marque CONDOR Type Lave Linge Type d&rsquo;ouverture Frontal Capacit\u00e9 7 Kg Afficheur Avec Afficheur Ecran Tactile Non Inverter Non Nombre de Programmes 15 Programmes Classe \u00c9nerg\u00e9tique A++ Nombre de Tours de 600 \u00e0 1000 tours Vitesse d essorage 1000 tours Couleur Silver Garantie 2 ans<\/p>","protected":false},"featured_media":9075,"comment_status":"open","ping_status":"closed","template":"","meta":[],"product_brand":[52],"product_cat":[541],"product_tag":[],"class_list":{"0":"post-9074","1":"product","2":"type-product","3":"status-publish","4":"has-post-thumbnail","6":"product_brand-condor","7":"product_cat-machine-a-laver-2","9":"first","10":"instock","11":"shipping-taxable","12":"purchasable","13":"product-type-simple"},"_links":{"self":[{"href":"https:\/\/electrobennjima.tn\/en\/wp-json\/wp\/v2\/product\/9074","targetHints":{"allow":["GET"]}}],"collection":[{"href":"https:\/\/electrobennjima.tn\/en\/wp-json\/wp\/v2\/product"}],"about":[{"href":"https:\/\/electrobennjima.tn\/en\/wp-json\/wp\/v2\/types\/product"}],"replies":[{"embeddable":true,"href":"https:\/\/electrobennjima.tn\/en\/wp-json\/wp\/v2\/comments?post=9074"}],"wp:featuredmedia":[{"embeddable":true,"href":"https:\/\/electrobennjima.tn\/en\/wp-json\/wp\/v2\/media\/9075"}],"wp:attachment":[{"href":"https:\/\/electrobennjima.tn\/en\/wp-json\/wp\/v2\/media?parent=9074"}],"wp:term":[{"taxonomy":"product_brand","embeddable":true,"href":"https:\/\/electrobennjima.tn\/en\/wp-json\/wp\/v2\/product_brand?post=9074"},{"taxonomy":"product_cat","embeddable":true,"href":"https:\/\/electrobennjima.tn\/en\/wp-json\/wp\/v2\/product_cat?post=9074"},{"taxonomy":"product_tag","embeddable":true,"href":"https:\/\/electrobennjima.tn\/en\/wp-json\/wp\/v2\/product_tag?post=9074"}],"curies":[{"name":"wp","href":"https:\/\/api.w.org\/{rel}","templated":true}]}}