{"id":9080,"date":"2026-03-30T14:48:42","date_gmt":"2026-03-30T14:48:42","guid":{"rendered":"https:\/\/electrobennjima.tn\/?post_type=product&#038;p=9080"},"modified":"2026-03-30T14:48:42","modified_gmt":"2026-03-30T14:48:42","slug":"m-a-l-condor-9kg-silver-1200trs","status":"publish","type":"product","link":"https:\/\/electrobennjima.tn\/en\/m-a-l-condor-9kg-silver-1200trs\/","title":{"rendered":"M.A.L CONDOR 9KG &#8211; SILVER 1200TRS"},"content":{"rendered":"<table id=\"product-attribute-specs-table\" class=\"data table additional-attributes\">\n<tbody>\n<tr>\n<th class=\"col label\" scope=\"row\">R\u00e9f\u00e9rence<\/th>\n<td class=\"col data\" data-th=\"gtin\">MLCON-F912DS<\/td>\n<\/tr>\n<tr>\n<th class=\"col label\" scope=\"row\">Marque<\/th>\n<td class=\"col data\" data-th=\"Marque\">CONDOR<\/td>\n<\/tr>\n<tr>\n<th class=\"col label\" scope=\"row\">Capacit\u00e9 (Kg\/gr)<\/th>\n<td class=\"col data\" data-th=\"Type\">9 Kg<\/td>\n<\/tr>\n<tr>\n<th class=\"col label\" scope=\"row\">Dimensions<\/th>\n<td class=\"col data\" data-th=\"Type d'ouverture\">84 x 55 x 60 cm<\/td>\n<\/tr>\n<tr>\n<th class=\"col label\" scope=\"row\">Classe \u00e9nerg\u00e9tique<\/th>\n<td class=\"col data\" data-th=\"Capacit\u00e9\">A+++<\/td>\n<\/tr>\n<tr>\n<th class=\"col label\" scope=\"row\">Type d&rsquo;ouverture<\/th>\n<td class=\"col data\" data-th=\"Afficheur \">Frontale<\/td>\n<\/tr>\n<tr>\n<th class=\"col label\" scope=\"row\">Vitesse d&rsquo;essorage<\/th>\n<td class=\"col data\" data-th=\"Ecran Tactile\">1200 tours<\/td>\n<\/tr>\n<tr>\n<th class=\"col label\" scope=\"row\">Nombre de programmes<\/th>\n<td class=\"col data\" data-th=\"Inverter\">15 programmes<\/td>\n<\/tr>\n<tr>\n<th class=\"col label\" scope=\"row\">Couleur<\/th>\n<td class=\"col data\" data-th=\"Nombre de Programmes\">Silver<\/td>\n<\/tr>\n<tr>\n<th class=\"col label\" scope=\"row\">Garantie<\/th>\n<td class=\"col data\" data-th=\"Classe \u00c9nerg\u00e9tique\">2 ans<\/td>\n<\/tr>\n<tr>\n<th class=\"col label\" scope=\"row\">Disponibilit\u00e9<\/th>\n<td class=\"col data\" data-th=\"Nombre de Tours\">Epuis\u00e9<\/td>\n<\/tr>\n<\/tbody>\n<\/table>","protected":false},"excerpt":{"rendered":"<p>R\u00e9f\u00e9rence MLCON-F912DS Marque CONDOR Capacit\u00e9 (Kg\/gr) 9 Kg Dimensions 84 x 55 x 60 cm Classe \u00e9nerg\u00e9tique A+++ Type d&rsquo;ouverture Frontale Vitesse d&rsquo;essorage 1200 tours Nombre de programmes 15 programmes Couleur Silver Garantie 2 ans Disponibilit\u00e9 Epuis\u00e9<\/p>","protected":false},"featured_media":9081,"comment_status":"open","ping_status":"closed","template":"","meta":[],"product_brand":[52],"product_cat":[541],"product_tag":[],"class_list":{"0":"post-9080","1":"product","2":"type-product","3":"status-publish","4":"has-post-thumbnail","6":"product_brand-condor","7":"product_cat-machine-a-laver-2","9":"first","10":"instock","11":"shipping-taxable","12":"purchasable","13":"product-type-simple"},"_links":{"self":[{"href":"https:\/\/electrobennjima.tn\/en\/wp-json\/wp\/v2\/product\/9080","targetHints":{"allow":["GET"]}}],"collection":[{"href":"https:\/\/electrobennjima.tn\/en\/wp-json\/wp\/v2\/product"}],"about":[{"href":"https:\/\/electrobennjima.tn\/en\/wp-json\/wp\/v2\/types\/product"}],"replies":[{"embeddable":true,"href":"https:\/\/electrobennjima.tn\/en\/wp-json\/wp\/v2\/comments?post=9080"}],"wp:featuredmedia":[{"embeddable":true,"href":"https:\/\/electrobennjima.tn\/en\/wp-json\/wp\/v2\/media\/9081"}],"wp:attachment":[{"href":"https:\/\/electrobennjima.tn\/en\/wp-json\/wp\/v2\/media?parent=9080"}],"wp:term":[{"taxonomy":"product_brand","embeddable":true,"href":"https:\/\/electrobennjima.tn\/en\/wp-json\/wp\/v2\/product_brand?post=9080"},{"taxonomy":"product_cat","embeddable":true,"href":"https:\/\/electrobennjima.tn\/en\/wp-json\/wp\/v2\/product_cat?post=9080"},{"taxonomy":"product_tag","embeddable":true,"href":"https:\/\/electrobennjima.tn\/en\/wp-json\/wp\/v2\/product_tag?post=9080"}],"curies":[{"name":"wp","href":"https:\/\/api.w.org\/{rel}","templated":true}]}}