{"id":9082,"date":"2026-03-30T14:53:12","date_gmt":"2026-03-30T14:53:12","guid":{"rendered":"https:\/\/electrobennjima.tn\/?post_type=product&#038;p=9082"},"modified":"2026-03-30T14:53:13","modified_gmt":"2026-03-30T14:53:13","slug":"m-a-l-condor-top-10-5kg-blanc","status":"publish","type":"product","link":"https:\/\/electrobennjima.tn\/en\/m-a-l-condor-top-10-5kg-blanc\/","title":{"rendered":"M.A.L CONDOR TOP 10.5KG BLANC"},"content":{"rendered":"<table class=\"additional-attributes w-full\">\n<tbody>\n<tr class=\"border-b border-grey-400 last:border-b-0 first:border-t text-sm\ttransition-all duration-200 ease-in\">\n<th class=\"col label w-1\/3 py-4 pl-4 text-left text-primary font-semibold product-attribute-label\" scope=\"row\">R\u00e9f\u00e9rence<\/th>\n<td class=\"col data w-1\/2 py-4 pl-2 text-left text-primary product-attribute-value\" data-th=\"R\u00e9f\u00e9rence\">MLWL10-MS35W<\/td>\n<\/tr>\n<tr class=\"border-b border-grey-400 last:border-b-0 first:border-t text-sm\ttransition-all duration-200 ease-in\">\n<th class=\"col label w-1\/3 py-4 pl-4 text-left text-primary font-semibold product-attribute-label\" scope=\"row\">Marque<\/th>\n<td class=\"col data w-1\/2 py-4 pl-2 text-left text-primary product-attribute-value\" data-th=\"Marque\">CONDOR<\/td>\n<\/tr>\n<tr class=\"border-b border-grey-400 last:border-b-0 first:border-t text-sm\ttransition-all duration-200 ease-in\">\n<th class=\"col label w-1\/3 py-4 pl-4 text-left text-primary font-semibold product-attribute-label\" scope=\"row\">Type d&rsquo;ouverture<\/th>\n<td class=\"col data w-1\/2 py-4 pl-2 text-left text-primary product-attribute-value\" data-th=\"Type d'ouverture\">Top<\/td>\n<\/tr>\n<tr class=\"border-b border-grey-400 last:border-b-0 first:border-t text-sm\ttransition-all duration-200 ease-in\">\n<th class=\"col label w-1\/3 py-4 pl-4 text-left text-primary font-semibold product-attribute-label\" scope=\"row\">Capacit\u00e9<\/th>\n<td class=\"col data w-1\/2 py-4 pl-2 text-left text-primary product-attribute-value\" data-th=\"Capacit\u00e9\">10,5 kg<\/td>\n<\/tr>\n<tr class=\"border-b border-grey-400 last:border-b-0 first:border-t text-sm\ttransition-all duration-200 ease-in\">\n<th class=\"col label w-1\/3 py-4 pl-4 text-left text-primary font-semibold product-attribute-label\" scope=\"row\">Afficheur<\/th>\n<td class=\"col data w-1\/2 py-4 pl-2 text-left text-primary product-attribute-value\" data-th=\"Afficheur\">LED<\/td>\n<\/tr>\n<tr class=\"border-b border-grey-400 last:border-b-0 first:border-t text-sm\ttransition-all duration-200 ease-in\">\n<th class=\"col label w-1\/3 py-4 pl-4 text-left text-primary font-semibold product-attribute-label\" scope=\"row\">Vitesse d&rsquo;essorage<\/th>\n<td class=\"col data w-1\/2 py-4 pl-2 text-left text-primary product-attribute-value\" data-th=\"Vitesse d'essorage\">800 tr\/min<\/td>\n<\/tr>\n<tr class=\"border-b border-grey-400 last:border-b-0 first:border-t text-sm\ttransition-all duration-200 ease-in\">\n<th class=\"col label w-1\/3 py-4 pl-4 text-left text-primary font-semibold product-attribute-label\" scope=\"row\">Nombre de programmes<\/th>\n<td class=\"col data w-1\/2 py-4 pl-2 text-left text-primary product-attribute-value\" data-th=\"Nombre de programmes\">8<\/td>\n<\/tr>\n<\/tbody>\n<\/table>","protected":false},"excerpt":{"rendered":"<p>R\u00e9f\u00e9rence MLWL10-MS35W Marque CONDOR Type d&rsquo;ouverture Top Capacit\u00e9 10,5 kg Afficheur LED Vitesse d&rsquo;essorage 800 tr\/min Nombre de programmes 8<\/p>","protected":false},"featured_media":9083,"comment_status":"open","ping_status":"closed","template":"","meta":[],"product_brand":[52],"product_cat":[541],"product_tag":[],"class_list":{"0":"post-9082","1":"product","2":"type-product","3":"status-publish","4":"has-post-thumbnail","6":"product_brand-condor","7":"product_cat-machine-a-laver-2","9":"first","10":"instock","11":"shipping-taxable","12":"purchasable","13":"product-type-simple"},"_links":{"self":[{"href":"https:\/\/electrobennjima.tn\/en\/wp-json\/wp\/v2\/product\/9082","targetHints":{"allow":["GET"]}}],"collection":[{"href":"https:\/\/electrobennjima.tn\/en\/wp-json\/wp\/v2\/product"}],"about":[{"href":"https:\/\/electrobennjima.tn\/en\/wp-json\/wp\/v2\/types\/product"}],"replies":[{"embeddable":true,"href":"https:\/\/electrobennjima.tn\/en\/wp-json\/wp\/v2\/comments?post=9082"}],"wp:featuredmedia":[{"embeddable":true,"href":"https:\/\/electrobennjima.tn\/en\/wp-json\/wp\/v2\/media\/9083"}],"wp:attachment":[{"href":"https:\/\/electrobennjima.tn\/en\/wp-json\/wp\/v2\/media?parent=9082"}],"wp:term":[{"taxonomy":"product_brand","embeddable":true,"href":"https:\/\/electrobennjima.tn\/en\/wp-json\/wp\/v2\/product_brand?post=9082"},{"taxonomy":"product_cat","embeddable":true,"href":"https:\/\/electrobennjima.tn\/en\/wp-json\/wp\/v2\/product_cat?post=9082"},{"taxonomy":"product_tag","embeddable":true,"href":"https:\/\/electrobennjima.tn\/en\/wp-json\/wp\/v2\/product_tag?post=9082"}],"curies":[{"name":"wp","href":"https:\/\/api.w.org\/{rel}","templated":true}]}}