{"id":9095,"date":"2026-03-30T15:23:08","date_gmt":"2026-03-30T15:23:08","guid":{"rendered":"https:\/\/electrobennjima.tn\/?post_type=product&#038;p=9095"},"modified":"2026-03-30T15:23:18","modified_gmt":"2026-03-30T15:23:18","slug":"m-a-l-hisense-6kg-1000trs-silver","status":"publish","type":"product","link":"https:\/\/electrobennjima.tn\/en\/m-a-l-hisense-6kg-1000trs-silver\/","title":{"rendered":"M.A.L HISENSE 6KG \/ 1000TRS SILVER"},"content":{"rendered":"<p>&nbsp;<\/p>\n<table id=\"product-attribute-specs-table\" class=\"data table additional-attributes\">\n<tbody>\n<tr>\n<th class=\"col label\" scope=\"row\">R\u00e9f\u00e9rence<\/th>\n<td class=\"col data\" data-th=\"gtin\">SOFT-1411<\/td>\n<\/tr>\n<tr>\n<th class=\"col label\" scope=\"row\">Marque<\/th>\n<td class=\"col data\" data-th=\"Marque\">Hisense<\/td>\n<\/tr>\n<tr>\n<th class=\"col label\" scope=\"row\">Type<\/th>\n<td class=\"col data\" data-th=\"Type\">Frontale<\/td>\n<\/tr>\n<tr>\n<th class=\"col label\" scope=\"row\">Efficacit\u00e9 \u00e9nerg\u00e9tique<\/th>\n<td class=\"col data\" data-th=\"Type d'ouverture\">A+++<\/td>\n<\/tr>\n<tr>\n<th class=\"col label\" scope=\"row\">Capacit\u00e9 de lavage (Kg)<\/th>\n<td class=\"col data\" data-th=\"Capacit\u00e9\">6<\/td>\n<\/tr>\n<tr>\n<th class=\"col label\" scope=\"row\">Vitesse d&rsquo;essorage<\/th>\n<td class=\"col data\" data-th=\"Afficheur \">1000 tr\/min<\/td>\n<\/tr>\n<tr>\n<th class=\"col label\" scope=\"row\">Fonction vapeur<\/th>\n<td class=\"col data\" data-th=\"Ecran Tactile\">Non<\/td>\n<\/tr>\n<tr>\n<th class=\"col label\" scope=\"row\">Nombre de Programmes<\/th>\n<td class=\"col data\" data-th=\"Inverter\">15<\/td>\n<\/tr>\n<tr>\n<th class=\"col label\" scope=\"row\">Afficheur<\/th>\n<td class=\"col data\" data-th=\"Nombre de Programmes\">Oui<\/td>\n<\/tr>\n<tr>\n<th class=\"col label\" scope=\"row\">Couleur<\/th>\n<td class=\"col data\" data-th=\"Classe \u00c9nerg\u00e9tique\">Silver<\/td>\n<\/tr>\n<tr>\n<th class=\"col label\" scope=\"row\">Inverter<\/th>\n<td class=\"col data\" data-th=\"Nombre de Tours\">Non<\/td>\n<\/tr>\n<\/tbody>\n<\/table>","protected":false},"excerpt":{"rendered":"<p>&nbsp; R\u00e9f\u00e9rence SOFT-1411 Marque Hisense Type Frontale Efficacit\u00e9 \u00e9nerg\u00e9tique A+++ Capacit\u00e9 de lavage (Kg) 6 Vitesse d&rsquo;essorage 1000 tr\/min Fonction vapeur Non Nombre de Programmes 15 Afficheur Oui Couleur Silver Inverter Non<\/p>","protected":false},"featured_media":9096,"comment_status":"open","ping_status":"closed","template":"","meta":[],"product_brand":[210],"product_cat":[541],"product_tag":[],"class_list":{"0":"post-9095","1":"product","2":"type-product","3":"status-publish","4":"has-post-thumbnail","6":"product_brand-hisense","7":"product_cat-machine-a-laver-2","9":"first","10":"instock","11":"shipping-taxable","12":"purchasable","13":"product-type-simple"},"_links":{"self":[{"href":"https:\/\/electrobennjima.tn\/en\/wp-json\/wp\/v2\/product\/9095","targetHints":{"allow":["GET"]}}],"collection":[{"href":"https:\/\/electrobennjima.tn\/en\/wp-json\/wp\/v2\/product"}],"about":[{"href":"https:\/\/electrobennjima.tn\/en\/wp-json\/wp\/v2\/types\/product"}],"replies":[{"embeddable":true,"href":"https:\/\/electrobennjima.tn\/en\/wp-json\/wp\/v2\/comments?post=9095"}],"wp:featuredmedia":[{"embeddable":true,"href":"https:\/\/electrobennjima.tn\/en\/wp-json\/wp\/v2\/media\/9096"}],"wp:attachment":[{"href":"https:\/\/electrobennjima.tn\/en\/wp-json\/wp\/v2\/media?parent=9095"}],"wp:term":[{"taxonomy":"product_brand","embeddable":true,"href":"https:\/\/electrobennjima.tn\/en\/wp-json\/wp\/v2\/product_brand?post=9095"},{"taxonomy":"product_cat","embeddable":true,"href":"https:\/\/electrobennjima.tn\/en\/wp-json\/wp\/v2\/product_cat?post=9095"},{"taxonomy":"product_tag","embeddable":true,"href":"https:\/\/electrobennjima.tn\/en\/wp-json\/wp\/v2\/product_tag?post=9095"}],"curies":[{"name":"wp","href":"https:\/\/api.w.org\/{rel}","templated":true}]}}