{"id":9106,"date":"2026-03-30T15:49:04","date_gmt":"2026-03-30T15:49:04","guid":{"rendered":"https:\/\/electrobennjima.tn\/?post_type=product&#038;p=9106"},"modified":"2026-03-30T15:49:04","modified_gmt":"2026-03-30T15:49:04","slug":"m-a-l-hoover-8kg-1400tr-blanc-smart","status":"publish","type":"product","link":"https:\/\/electrobennjima.tn\/en\/m-a-l-hoover-8kg-1400tr-blanc-smart\/","title":{"rendered":"M.A.L HOOVER \/ 8KG 1400TR &#8211; BLANC SMART"},"content":{"rendered":"<table id=\"product-attribute-specs-table\" class=\"data table additional-attributes\">\n<tbody>\n<tr>\n<th class=\"col label\" scope=\"row\">R\u00e9f\u00e9rence<\/th>\n<td class=\"col data\" data-th=\"gtin\">MLHL1482D3-80<\/td>\n<\/tr>\n<tr>\n<th class=\"col label\" scope=\"row\">Marque<\/th>\n<td class=\"col data\" data-th=\"Marque\">HOOVER<\/td>\n<\/tr>\n<tr>\n<th class=\"col label\" scope=\"row\"><strong>Garantie\u00a0<\/strong><\/th>\n<td class=\"col data\" data-th=\"Type\">3 ans<\/td>\n<\/tr>\n<tr>\n<th class=\"col label\" scope=\"row\">Poids Brut<\/th>\n<td class=\"col data\" data-th=\"Type d'ouverture\">152.1kg<\/td>\n<\/tr>\n<tr>\n<th class=\"col label\" scope=\"row\"><strong>Couleur<\/strong><\/th>\n<td class=\"col data\" data-th=\"Capacit\u00e9\">Blanc<\/td>\n<\/tr>\n<tr>\n<th class=\"col label\" scope=\"row\">Type d\u2019installation<\/th>\n<td class=\"col data\" data-th=\"Afficheur \">Frontal<\/td>\n<\/tr>\n<tr>\n<th class=\"col label\" scope=\"row\">Vitesse d\u2019essorage<\/th>\n<td class=\"col data\" data-th=\"Ecran Tactile\">1400 tours\/mn<\/td>\n<\/tr>\n<tr>\n<th class=\"col label\" scope=\"row\">Consommation d\u2019eau annuelle<\/th>\n<td class=\"col data\" data-th=\"Inverter\">9850 litres\/an<\/td>\n<\/tr>\n<tr>\n<th class=\"col label\" scope=\"row\">Consommation \u00e9lectrique annuelle<\/th>\n<td class=\"col data\" data-th=\"Nombre de Programmes\">196kwh\/an<\/td>\n<\/tr>\n<tr>\n<th class=\"col label\" scope=\"row\">Consommation d\u2019eau<\/th>\n<td class=\"col data\" data-th=\"Classe \u00c9nerg\u00e9tique\">60 litres<\/td>\n<\/tr>\n<tr>\n<th class=\"col label\" scope=\"row\">Capacit\u00e9<\/th>\n<td class=\"col data\" data-th=\"Nombre de Tours\">8 kilogrammes<\/td>\n<\/tr>\n<tr>\n<th class=\"col label\" scope=\"row\">Efficacit\u00e9 \u00e9nerg\u00e9tique<\/th>\n<td class=\"col data\" data-th=\"Vitesse d essorage\">\u00a0A+++<\/td>\n<\/tr>\n<tr>\n<th class=\"col label\" scope=\"row\">Dimensions<\/th>\n<td class=\"col data\" data-th=\"Dimensions\">L x H x P: 52 x 60 x 85 cm<\/td>\n<\/tr>\n<\/tbody>\n<\/table>","protected":false},"excerpt":{"rendered":"<p>R\u00e9f\u00e9rence MLHL1482D3-80 Marque HOOVER Garantie\u00a0 3 ans Poids Brut 152.1kg Couleur Blanc Type d\u2019installation Frontal Vitesse d\u2019essorage 1400 tours\/mn Consommation d\u2019eau annuelle 9850 litres\/an Consommation \u00e9lectrique annuelle 196kwh\/an Consommation d\u2019eau 60 litres Capacit\u00e9 8 kilogrammes Efficacit\u00e9 \u00e9nerg\u00e9tique \u00a0A+++ Dimensions L x H x P: 52 x 60 x 85 cm<\/p>","protected":false},"featured_media":9107,"comment_status":"open","ping_status":"closed","template":"","meta":[],"product_brand":[98],"product_cat":[541],"product_tag":[],"class_list":{"0":"post-9106","1":"product","2":"type-product","3":"status-publish","4":"has-post-thumbnail","6":"product_brand-hoover","7":"product_cat-machine-a-laver-2","9":"first","10":"instock","11":"shipping-taxable","12":"purchasable","13":"product-type-simple"},"_links":{"self":[{"href":"https:\/\/electrobennjima.tn\/en\/wp-json\/wp\/v2\/product\/9106","targetHints":{"allow":["GET"]}}],"collection":[{"href":"https:\/\/electrobennjima.tn\/en\/wp-json\/wp\/v2\/product"}],"about":[{"href":"https:\/\/electrobennjima.tn\/en\/wp-json\/wp\/v2\/types\/product"}],"replies":[{"embeddable":true,"href":"https:\/\/electrobennjima.tn\/en\/wp-json\/wp\/v2\/comments?post=9106"}],"wp:featuredmedia":[{"embeddable":true,"href":"https:\/\/electrobennjima.tn\/en\/wp-json\/wp\/v2\/media\/9107"}],"wp:attachment":[{"href":"https:\/\/electrobennjima.tn\/en\/wp-json\/wp\/v2\/media?parent=9106"}],"wp:term":[{"taxonomy":"product_brand","embeddable":true,"href":"https:\/\/electrobennjima.tn\/en\/wp-json\/wp\/v2\/product_brand?post=9106"},{"taxonomy":"product_cat","embeddable":true,"href":"https:\/\/electrobennjima.tn\/en\/wp-json\/wp\/v2\/product_cat?post=9106"},{"taxonomy":"product_tag","embeddable":true,"href":"https:\/\/electrobennjima.tn\/en\/wp-json\/wp\/v2\/product_tag?post=9106"}],"curies":[{"name":"wp","href":"https:\/\/api.w.org\/{rel}","templated":true}]}}