{"id":9114,"date":"2026-03-31T07:23:46","date_gmt":"2026-03-31T07:23:46","guid":{"rendered":"https:\/\/electrobennjima.tn\/?post_type=product&#038;p=9114"},"modified":"2026-03-31T07:23:47","modified_gmt":"2026-03-31T07:23:47","slug":"m-a-l-hyundai-10kg-noir-inverter","status":"publish","type":"product","link":"https:\/\/electrobennjima.tn\/en\/m-a-l-hyundai-10kg-noir-inverter\/","title":{"rendered":"M.A.L HYUNDAI \/ 10KG &#8211; NOIR INVERTER"},"content":{"rendered":"<table class=\"table table-striped\">\n<tbody>\n<tr>\n<td>R\u00e9f\u00e9rence<\/td>\n<td>MLHYN.WM0114001.B01<\/td>\n<\/tr>\n<tr>\n<td>Marque<\/td>\n<td>Hyundai<\/td>\n<\/tr>\n<tr>\n<td>Type<\/td>\n<td>Lave\u00a0\u00bblinge frontal<\/td>\n<\/tr>\n<tr>\n<td>Capacit\u00e9 de lavage<\/td>\n<td>10 kg<\/td>\n<\/tr>\n<tr>\n<td>Technologie<\/td>\n<td>Inverter, \u00e9conomie d\u2019\u00e9nergie<\/td>\n<\/tr>\n<tr>\n<td>Programmes<\/td>\n<td>Multiples (coton, d\u00e9licat, rapide, etc.)<\/td>\n<\/tr>\n<tr>\n<td>Vitesse d\u2019essorage<\/td>\n<td>\u00c9lev\u00e9e, s\u00e9chage plus rapide<\/td>\n<\/tr>\n<tr>\n<td>Contr\u00f4le<\/td>\n<td>Panneau digital, d\u00e9part diff\u00e9r\u00e9<\/td>\n<\/tr>\n<tr>\n<td>Consommation \u00e9nerg\u00e9tique<\/td>\n<td>Optimis\u00e9e, silencieuse<\/td>\n<\/tr>\n<tr>\n<td>Design<\/td>\n<td>\u00c9l\u00e9gant, moderne, finition blanche<\/td>\n<\/tr>\n<tr>\n<td>Dimensions<\/td>\n<td>Adapt\u00e9 aux buanderies familiales<\/td>\n<\/tr>\n<tr>\n<td>Garantie<\/td>\n<td>2 ans<\/td>\n<\/tr>\n<\/tbody>\n<\/table>","protected":false},"excerpt":{"rendered":"<p>R\u00e9f\u00e9rence MLHYN.WM0114001.B01 Marque Hyundai Type Lave\u00a0\u00bblinge frontal Capacit\u00e9 de lavage 10 kg Technologie Inverter, \u00e9conomie d\u2019\u00e9nergie Programmes Multiples (coton, d\u00e9licat, rapide, etc.) Vitesse d\u2019essorage \u00c9lev\u00e9e, s\u00e9chage plus rapide Contr\u00f4le Panneau digital, d\u00e9part diff\u00e9r\u00e9 Consommation \u00e9nerg\u00e9tique Optimis\u00e9e, silencieuse Design \u00c9l\u00e9gant, moderne, finition blanche Dimensions Adapt\u00e9 aux buanderies familiales Garantie 2 ans<\/p>","protected":false},"featured_media":9115,"comment_status":"open","ping_status":"closed","template":"","meta":[],"product_brand":[254],"product_cat":[541],"product_tag":[],"class_list":{"0":"post-9114","1":"product","2":"type-product","3":"status-publish","4":"has-post-thumbnail","6":"product_brand-hyundai","7":"product_cat-machine-a-laver-2","9":"first","10":"instock","11":"shipping-taxable","12":"purchasable","13":"product-type-simple"},"_links":{"self":[{"href":"https:\/\/electrobennjima.tn\/en\/wp-json\/wp\/v2\/product\/9114","targetHints":{"allow":["GET"]}}],"collection":[{"href":"https:\/\/electrobennjima.tn\/en\/wp-json\/wp\/v2\/product"}],"about":[{"href":"https:\/\/electrobennjima.tn\/en\/wp-json\/wp\/v2\/types\/product"}],"replies":[{"embeddable":true,"href":"https:\/\/electrobennjima.tn\/en\/wp-json\/wp\/v2\/comments?post=9114"}],"wp:featuredmedia":[{"embeddable":true,"href":"https:\/\/electrobennjima.tn\/en\/wp-json\/wp\/v2\/media\/9115"}],"wp:attachment":[{"href":"https:\/\/electrobennjima.tn\/en\/wp-json\/wp\/v2\/media?parent=9114"}],"wp:term":[{"taxonomy":"product_brand","embeddable":true,"href":"https:\/\/electrobennjima.tn\/en\/wp-json\/wp\/v2\/product_brand?post=9114"},{"taxonomy":"product_cat","embeddable":true,"href":"https:\/\/electrobennjima.tn\/en\/wp-json\/wp\/v2\/product_cat?post=9114"},{"taxonomy":"product_tag","embeddable":true,"href":"https:\/\/electrobennjima.tn\/en\/wp-json\/wp\/v2\/product_tag?post=9114"}],"curies":[{"name":"wp","href":"https:\/\/api.w.org\/{rel}","templated":true}]}}