{"id":9124,"date":"2026-03-31T07:37:02","date_gmt":"2026-03-31T07:37:02","guid":{"rendered":"https:\/\/electrobennjima.tn\/?post_type=product&#038;p=9124"},"modified":"2026-03-31T07:37:02","modified_gmt":"2026-03-31T07:37:02","slug":"m-a-l-lg-8kg-1200trs-silver-fh2j3tng5p","status":"publish","type":"product","link":"https:\/\/electrobennjima.tn\/en\/m-a-l-lg-8kg-1200trs-silver-fh2j3tng5p\/","title":{"rendered":"M.A.L LG 8KG 1200TRS &#8211; SILVER \/ FH2J3TNG5P"},"content":{"rendered":"<table id=\"product-attribute-specs-table\" class=\"data table additional-attributes\">\n<tbody>\n<tr>\n<th class=\"col label\" scope=\"row\">R\u00e9f\u00e9rence<\/th>\n<td class=\"col data\" data-th=\"gtin\">MLFH2J3TNG5P<\/td>\n<\/tr>\n<tr>\n<th class=\"col label\" scope=\"row\">Marque<\/th>\n<td class=\"col data\" data-th=\"Marque\">LG<\/td>\n<\/tr>\n<tr>\n<th class=\"col label\" scope=\"row\">Type<\/th>\n<td class=\"col data\" data-th=\"Type\">Lave Linge<\/td>\n<\/tr>\n<tr>\n<th class=\"col label\" scope=\"row\">Type d&rsquo;ouverture<\/th>\n<td class=\"col data\" data-th=\"Type d'ouverture\">Frontal<\/td>\n<\/tr>\n<tr>\n<th class=\"col label\" scope=\"row\">Capacit\u00e9<\/th>\n<td class=\"col data\" data-th=\"Capacit\u00e9\">8 Kg<\/td>\n<\/tr>\n<tr>\n<th class=\"col label\" scope=\"row\">Afficheur<\/th>\n<td class=\"col data\" data-th=\"Afficheur \">Avec Afficheur<\/td>\n<\/tr>\n<tr>\n<th class=\"col label\" scope=\"row\">Ecran Tactile<\/th>\n<td class=\"col data\" data-th=\"Ecran Tactile\">Oui<\/td>\n<\/tr>\n<tr>\n<th class=\"col label\" scope=\"row\">Inverter<\/th>\n<td class=\"col data\" data-th=\"Inverter\">Oui<\/td>\n<\/tr>\n<tr>\n<th class=\"col label\" scope=\"row\">Nombre de Programmes<\/th>\n<td class=\"col data\" data-th=\"Nombre de Programmes\">Autres<\/td>\n<\/tr>\n<tr>\n<th class=\"col label\" scope=\"row\">Classe \u00c9nerg\u00e9tique<\/th>\n<td class=\"col data\" data-th=\"Classe \u00c9nerg\u00e9tique\">A+++<\/td>\n<\/tr>\n<tr>\n<th class=\"col label\" scope=\"row\">Nombre de Tours<\/th>\n<td class=\"col data\" data-th=\"Nombre de Tours\">de 1001 \u00e0 1500 tours<\/td>\n<\/tr>\n<tr>\n<th class=\"col label\" scope=\"row\">Vitesse d essorage<\/th>\n<td class=\"col data\" data-th=\"Vitesse d essorage\">1200 tours<\/td>\n<\/tr>\n<tr>\n<th class=\"col label\" scope=\"row\">technologie<\/th>\n<td class=\"col data\" data-th=\"technologie\">Smart Diagnosis\u2122<\/td>\n<\/tr>\n<tr>\n<th class=\"col label\" scope=\"row\">Dimensions<\/th>\n<td class=\"col data\" data-th=\"Dimensions\">H x L x P: 85 x 60 x 56 cm<\/td>\n<\/tr>\n<tr>\n<th class=\"col label\" scope=\"row\">Couleur<\/th>\n<td class=\"col data\" data-th=\"Couleur\">Silver<\/td>\n<\/tr>\n<tr>\n<th class=\"col label\" scope=\"row\">Garantie<\/th>\n<td class=\"col data\" data-th=\"Garantie\">3 ans<\/td>\n<\/tr>\n<\/tbody>\n<\/table>","protected":false},"excerpt":{"rendered":"<p>R\u00e9f\u00e9rence MLFH2J3TNG5P Marque LG Type Lave Linge Type d&rsquo;ouverture Frontal Capacit\u00e9 8 Kg Afficheur Avec Afficheur Ecran Tactile Oui Inverter Oui Nombre de Programmes Autres Classe \u00c9nerg\u00e9tique A+++ Nombre de Tours de 1001 \u00e0 1500 tours Vitesse d essorage 1200 tours technologie Smart Diagnosis\u2122 Dimensions H x L x P: 85 x 60 x 56 [&hellip;]<\/p>","protected":false},"featured_media":9125,"comment_status":"open","ping_status":"closed","template":"","meta":[],"product_brand":[113],"product_cat":[541],"product_tag":[],"class_list":{"0":"post-9124","1":"product","2":"type-product","3":"status-publish","4":"has-post-thumbnail","6":"product_brand-lg","7":"product_cat-machine-a-laver-2","9":"first","10":"instock","11":"shipping-taxable","12":"purchasable","13":"product-type-simple"},"_links":{"self":[{"href":"https:\/\/electrobennjima.tn\/en\/wp-json\/wp\/v2\/product\/9124","targetHints":{"allow":["GET"]}}],"collection":[{"href":"https:\/\/electrobennjima.tn\/en\/wp-json\/wp\/v2\/product"}],"about":[{"href":"https:\/\/electrobennjima.tn\/en\/wp-json\/wp\/v2\/types\/product"}],"replies":[{"embeddable":true,"href":"https:\/\/electrobennjima.tn\/en\/wp-json\/wp\/v2\/comments?post=9124"}],"wp:featuredmedia":[{"embeddable":true,"href":"https:\/\/electrobennjima.tn\/en\/wp-json\/wp\/v2\/media\/9125"}],"wp:attachment":[{"href":"https:\/\/electrobennjima.tn\/en\/wp-json\/wp\/v2\/media?parent=9124"}],"wp:term":[{"taxonomy":"product_brand","embeddable":true,"href":"https:\/\/electrobennjima.tn\/en\/wp-json\/wp\/v2\/product_brand?post=9124"},{"taxonomy":"product_cat","embeddable":true,"href":"https:\/\/electrobennjima.tn\/en\/wp-json\/wp\/v2\/product_cat?post=9124"},{"taxonomy":"product_tag","embeddable":true,"href":"https:\/\/electrobennjima.tn\/en\/wp-json\/wp\/v2\/product_tag?post=9124"}],"curies":[{"name":"wp","href":"https:\/\/api.w.org\/{rel}","templated":true}]}}