{"id":9168,"date":"2026-03-31T08:39:25","date_gmt":"2026-03-31T08:39:25","guid":{"rendered":"https:\/\/electrobennjima.tn\/?post_type=product&#038;p=9168"},"modified":"2026-03-31T08:39:25","modified_gmt":"2026-03-31T08:39:25","slug":"m-a-l-samsung-8kg-grix-inverter-ww80ta046ax","status":"publish","type":"product","link":"https:\/\/electrobennjima.tn\/en\/m-a-l-samsung-8kg-grix-inverter-ww80ta046ax\/","title":{"rendered":"M.A.L SAMSUNG  8KG &#8211; GRIX INVERTER \/ WW80TA046AX"},"content":{"rendered":"<table id=\"product-attribute-specs-table\" class=\"data table additional-attributes\">\n<tbody>\n<tr>\n<th class=\"col label\" scope=\"row\">R\u00e9f\u00e9rence<\/th>\n<td class=\"col data\" data-th=\"Prix\"><span class=\"price\">MLWW80TA046AX<\/span><\/td>\n<\/tr>\n<tr>\n<th class=\"col label\" scope=\"row\">Marque<\/th>\n<td class=\"col data\" data-th=\"R\u00e9f\u00e9rence:\">Samsung<\/td>\n<\/tr>\n<tr>\n<th class=\"col label\" scope=\"row\">Garantie:<\/th>\n<td class=\"col data\" data-th=\"Garantie:\">2 ans<\/td>\n<\/tr>\n<tr>\n<th class=\"col label\" scope=\"row\">Classe \u00e9nerg\u00e9tique<\/th>\n<td class=\"col data\" data-th=\"Classe \u00e9nerg\u00e9tique\">1<\/td>\n<\/tr>\n<tr>\n<th class=\"col label\" scope=\"row\">Nombre de programmes<\/th>\n<td class=\"col data\" data-th=\"Nombre de programmes\">7<\/td>\n<\/tr>\n<tr>\n<th class=\"col label\" scope=\"row\">Type Machin \u00e0 Laver<\/th>\n<td class=\"col data\" data-th=\"Type Machin \u00e0 Laver \">Frontale<\/td>\n<\/tr>\n<tr>\n<th class=\"col label\" scope=\"row\">Fonctions &amp; Technologie<\/th>\n<td class=\"col data\" data-th=\"Fonctions &amp; Technologie\">Syst\u00e8me de s\u00e9curit\u00e9 anti-d\u00e9bordement<\/td>\n<\/tr>\n<tr>\n<th class=\"col label\" scope=\"row\">Capacit\u00e9<\/th>\n<td class=\"col data\" data-th=\"Capacit\u00e9\">8 kg<\/td>\n<\/tr>\n<tr>\n<th class=\"col label\" scope=\"row\">Couleur:<\/th>\n<td class=\"col data\" data-th=\"Couleur:\">Gris<\/td>\n<\/tr>\n<\/tbody>\n<\/table>","protected":false},"excerpt":{"rendered":"<p>R\u00e9f\u00e9rence MLWW80TA046AX Marque Samsung Garantie: 2 ans Classe \u00e9nerg\u00e9tique 1 Nombre de programmes 7 Type Machin \u00e0 Laver Frontale Fonctions &amp; Technologie Syst\u00e8me de s\u00e9curit\u00e9 anti-d\u00e9bordement Capacit\u00e9 8 kg Couleur: Gris<\/p>","protected":false},"featured_media":9169,"comment_status":"open","ping_status":"closed","template":"","meta":[],"product_brand":[490],"product_cat":[541],"product_tag":[],"class_list":{"0":"post-9168","1":"product","2":"type-product","3":"status-publish","4":"has-post-thumbnail","6":"product_brand-samsung","7":"product_cat-machine-a-laver-2","9":"first","10":"instock","11":"shipping-taxable","12":"purchasable","13":"product-type-simple"},"_links":{"self":[{"href":"https:\/\/electrobennjima.tn\/en\/wp-json\/wp\/v2\/product\/9168","targetHints":{"allow":["GET"]}}],"collection":[{"href":"https:\/\/electrobennjima.tn\/en\/wp-json\/wp\/v2\/product"}],"about":[{"href":"https:\/\/electrobennjima.tn\/en\/wp-json\/wp\/v2\/types\/product"}],"replies":[{"embeddable":true,"href":"https:\/\/electrobennjima.tn\/en\/wp-json\/wp\/v2\/comments?post=9168"}],"wp:featuredmedia":[{"embeddable":true,"href":"https:\/\/electrobennjima.tn\/en\/wp-json\/wp\/v2\/media\/9169"}],"wp:attachment":[{"href":"https:\/\/electrobennjima.tn\/en\/wp-json\/wp\/v2\/media?parent=9168"}],"wp:term":[{"taxonomy":"product_brand","embeddable":true,"href":"https:\/\/electrobennjima.tn\/en\/wp-json\/wp\/v2\/product_brand?post=9168"},{"taxonomy":"product_cat","embeddable":true,"href":"https:\/\/electrobennjima.tn\/en\/wp-json\/wp\/v2\/product_cat?post=9168"},{"taxonomy":"product_tag","embeddable":true,"href":"https:\/\/electrobennjima.tn\/en\/wp-json\/wp\/v2\/product_tag?post=9168"}],"curies":[{"name":"wp","href":"https:\/\/api.w.org\/{rel}","templated":true}]}}