{"id":9177,"date":"2026-03-31T08:50:16","date_gmt":"2026-03-31T08:50:16","guid":{"rendered":"https:\/\/electrobennjima.tn\/?post_type=product&#038;p=9177"},"modified":"2026-03-31T08:50:16","modified_gmt":"2026-03-31T08:50:16","slug":"m-a-l-sharp-8kg-blanc-1400trs","status":"publish","type":"product","link":"https:\/\/electrobennjima.tn\/en\/m-a-l-sharp-8kg-blanc-1400trs\/","title":{"rendered":"M.A.L SHARP 8KG BLANC &#8211; 1400TRS"},"content":{"rendered":"<table id=\"product-attribute-specs-table\" class=\"data table additional-attributes\">\n<tbody>\n<tr>\n<th class=\"col label\" scope=\"row\">R\u00e9f\u00e9rence<\/th>\n<td class=\"col data\" data-th=\"Prix\">MLES-FP814CX-W<\/td>\n<\/tr>\n<tr>\n<th class=\"col label\" scope=\"row\">Garantie<\/th>\n<td class=\"col data\" data-th=\"Garantie:\">3 ans<\/td>\n<\/tr>\n<tr>\n<th class=\"col label\" scope=\"row\">Classe \u00e9nerg\u00e9tique<\/th>\n<td class=\"col data\" data-th=\"Classe \u00e9nerg\u00e9tique\">3<\/td>\n<\/tr>\n<tr>\n<th class=\"col label\" scope=\"row\">Nombre de programmes<\/th>\n<td class=\"col data\" data-th=\"Nombre de programmes\">8<\/td>\n<\/tr>\n<tr>\n<th class=\"col label\" scope=\"row\">Type Machin \u00e0 Laver<\/th>\n<td class=\"col data\" data-th=\"Type Machin \u00e0 Laver \">Frontale<\/td>\n<\/tr>\n<tr>\n<th class=\"col label\" scope=\"row\">Fonctions &amp; Technologie<\/th>\n<td class=\"col data\" data-th=\"Fonctions &amp; Technologie\">Traitement Antibact\u00e9rien, Anti-Allergie, Turbo Drum\u2122<\/td>\n<\/tr>\n<tr>\n<th class=\"col label\" scope=\"row\">Capacit\u00e9<\/th>\n<td class=\"col data\" data-th=\"Capacit\u00e9\">8 \u00e0 9 Kg<\/td>\n<\/tr>\n<tr>\n<th class=\"col label\" scope=\"row\">Couleur<\/th>\n<td class=\"col data\" data-th=\"Couleur:\">Blanc<\/td>\n<\/tr>\n<\/tbody>\n<\/table>","protected":false},"excerpt":{"rendered":"<p>R\u00e9f\u00e9rence MLES-FP814CX-W Garantie 3 ans Classe \u00e9nerg\u00e9tique 3 Nombre de programmes 8 Type Machin \u00e0 Laver Frontale Fonctions &amp; Technologie Traitement Antibact\u00e9rien, Anti-Allergie, Turbo Drum\u2122 Capacit\u00e9 8 \u00e0 9 Kg Couleur Blanc<\/p>","protected":false},"featured_media":9178,"comment_status":"open","ping_status":"closed","template":"","meta":[],"product_brand":[118],"product_cat":[541],"product_tag":[],"class_list":{"0":"post-9177","1":"product","2":"type-product","3":"status-publish","4":"has-post-thumbnail","6":"product_brand-sharp","7":"product_cat-machine-a-laver-2","9":"first","10":"instock","11":"shipping-taxable","12":"purchasable","13":"product-type-simple"},"_links":{"self":[{"href":"https:\/\/electrobennjima.tn\/en\/wp-json\/wp\/v2\/product\/9177","targetHints":{"allow":["GET"]}}],"collection":[{"href":"https:\/\/electrobennjima.tn\/en\/wp-json\/wp\/v2\/product"}],"about":[{"href":"https:\/\/electrobennjima.tn\/en\/wp-json\/wp\/v2\/types\/product"}],"replies":[{"embeddable":true,"href":"https:\/\/electrobennjima.tn\/en\/wp-json\/wp\/v2\/comments?post=9177"}],"wp:featuredmedia":[{"embeddable":true,"href":"https:\/\/electrobennjima.tn\/en\/wp-json\/wp\/v2\/media\/9178"}],"wp:attachment":[{"href":"https:\/\/electrobennjima.tn\/en\/wp-json\/wp\/v2\/media?parent=9177"}],"wp:term":[{"taxonomy":"product_brand","embeddable":true,"href":"https:\/\/electrobennjima.tn\/en\/wp-json\/wp\/v2\/product_brand?post=9177"},{"taxonomy":"product_cat","embeddable":true,"href":"https:\/\/electrobennjima.tn\/en\/wp-json\/wp\/v2\/product_cat?post=9177"},{"taxonomy":"product_tag","embeddable":true,"href":"https:\/\/electrobennjima.tn\/en\/wp-json\/wp\/v2\/product_tag?post=9177"}],"curies":[{"name":"wp","href":"https:\/\/api.w.org\/{rel}","templated":true}]}}