{"id":9190,"date":"2026-03-31T09:36:38","date_gmt":"2026-03-31T09:36:38","guid":{"rendered":"https:\/\/electrobennjima.tn\/?post_type=product&#038;p=9190"},"modified":"2026-03-31T09:36:38","modified_gmt":"2026-03-31T09:36:38","slug":"m-a-l-geant-semi-automatique-12kg-pompe","status":"publish","type":"product","link":"https:\/\/electrobennjima.tn\/en\/m-a-l-geant-semi-automatique-12kg-pompe\/","title":{"rendered":"M.A.L GEANT SEMI AUTOMATIQUE 12KG +POMPE"},"content":{"rendered":"<table id=\"product-attribute-specs-table\" class=\"data table additional-attributes\">\n<tbody>\n<tr>\n<th class=\"col label\" scope=\"row\">R\u00e9f\u00e9rence<\/th>\n<td class=\"col data\" data-th=\"gtin\">MLGN-MLSA1<\/td>\n<\/tr>\n<tr>\n<th class=\"col label\" scope=\"row\">Marque<\/th>\n<td class=\"col data\" data-th=\"Marque\">Geant<\/td>\n<\/tr>\n<tr>\n<th class=\"col label\" scope=\"row\">Type<\/th>\n<td class=\"col data\" data-th=\"Type\">Casquette<\/td>\n<\/tr>\n<tr>\n<th class=\"col label\" scope=\"row\">Garantie<\/th>\n<td class=\"col data\" data-th=\"Type d'ouverture\">2 ans<\/td>\n<\/tr>\n<tr>\n<th class=\"col label\" scope=\"row\">Capacit\u00e9 de lavage (Kg)<\/th>\n<td class=\"col data\" data-th=\"Capacit\u00e9\">12<\/td>\n<\/tr>\n<tr>\n<th class=\"col label\" scope=\"row\">Couleur<\/th>\n<td class=\"col data\" data-th=\"Afficheur \">Noir<\/td>\n<\/tr>\n<tr>\n<th class=\"col label\" scope=\"row\"><strong>Dimensions<\/strong><\/th>\n<td class=\"col data\" data-th=\"Ecran Tactile\">LxPxH : 876 x 496 x 1050mm<\/td>\n<\/tr>\n<tr>\n<th class=\"col label\" scope=\"row\"><strong>Puissance de Lavage<\/strong><\/th>\n<td class=\"col data\" data-th=\"Inverter\">580 W<\/td>\n<\/tr>\n<tr>\n<th class=\"col label\" scope=\"row\"><strong>Poids Net<\/strong><\/th>\n<td class=\"col data\" data-th=\"Nombre de Programmes\">28 Kg<\/td>\n<\/tr>\n<tr>\n<th class=\"col label\" scope=\"row\"><strong>Capacit\u00e9 d&rsquo;essorage<\/strong><\/th>\n<td class=\"col data\" data-th=\"Classe \u00c9nerg\u00e9tique\">6 kg<\/td>\n<\/tr>\n<\/tbody>\n<\/table>","protected":false},"excerpt":{"rendered":"<p>R\u00e9f\u00e9rence MLGN-MLSA1 Marque Geant Type Casquette Garantie 2 ans Capacit\u00e9 de lavage (Kg) 12 Couleur Noir Dimensions LxPxH : 876 x 496 x 1050mm Puissance de Lavage 580 W Poids Net 28 Kg Capacit\u00e9 d&rsquo;essorage 6 kg<\/p>","protected":false},"featured_media":9191,"comment_status":"open","ping_status":"closed","template":"","meta":[],"product_brand":[545],"product_cat":[541],"product_tag":[],"class_list":{"0":"post-9190","1":"product","2":"type-product","3":"status-publish","4":"has-post-thumbnail","6":"product_brand-geant","7":"product_cat-machine-a-laver-2","9":"first","10":"instock","11":"shipping-taxable","12":"purchasable","13":"product-type-simple"},"_links":{"self":[{"href":"https:\/\/electrobennjima.tn\/en\/wp-json\/wp\/v2\/product\/9190","targetHints":{"allow":["GET"]}}],"collection":[{"href":"https:\/\/electrobennjima.tn\/en\/wp-json\/wp\/v2\/product"}],"about":[{"href":"https:\/\/electrobennjima.tn\/en\/wp-json\/wp\/v2\/types\/product"}],"replies":[{"embeddable":true,"href":"https:\/\/electrobennjima.tn\/en\/wp-json\/wp\/v2\/comments?post=9190"}],"wp:featuredmedia":[{"embeddable":true,"href":"https:\/\/electrobennjima.tn\/en\/wp-json\/wp\/v2\/media\/9191"}],"wp:attachment":[{"href":"https:\/\/electrobennjima.tn\/en\/wp-json\/wp\/v2\/media?parent=9190"}],"wp:term":[{"taxonomy":"product_brand","embeddable":true,"href":"https:\/\/electrobennjima.tn\/en\/wp-json\/wp\/v2\/product_brand?post=9190"},{"taxonomy":"product_cat","embeddable":true,"href":"https:\/\/electrobennjima.tn\/en\/wp-json\/wp\/v2\/product_cat?post=9190"},{"taxonomy":"product_tag","embeddable":true,"href":"https:\/\/electrobennjima.tn\/en\/wp-json\/wp\/v2\/product_tag?post=9190"}],"curies":[{"name":"wp","href":"https:\/\/api.w.org\/{rel}","templated":true}]}}