{"id":9193,"date":"2026-03-31T10:02:04","date_gmt":"2026-03-31T10:02:04","guid":{"rendered":"https:\/\/electrobennjima.tn\/?post_type=product&#038;p=9193"},"modified":"2026-03-31T10:02:04","modified_gmt":"2026-03-31T10:02:04","slug":"lave-vaiselle-15c-inverter-dark","status":"publish","type":"product","link":"https:\/\/electrobennjima.tn\/en\/lave-vaiselle-15c-inverter-dark\/","title":{"rendered":"LAVE VAISELLE 15C INVERTER DARK"},"content":{"rendered":"<table id=\"product-attribute-specs-table\" class=\"data table additional-attributes\">\n<tbody>\n<tr>\n<th class=\"col label\" scope=\"row\">R\u00e9f\u00e9rence<\/th>\n<td class=\"col data\" data-th=\"gtin\">MLHYN-FSDW15.PB.BIX<\/td>\n<\/tr>\n<tr>\n<th class=\"col label\" scope=\"row\">Marque<\/th>\n<td class=\"col data\" data-th=\"Marque\">Hyundai<\/td>\n<\/tr>\n<tr>\n<th class=\"col label\" scope=\"row\">Nombre de couverts<\/th>\n<td class=\"col data\" data-th=\"Type de Pose\">15 Couverts<\/td>\n<\/tr>\n<tr>\n<th class=\"col label\" scope=\"row\">Classe \u00c9nerg\u00e9tique<\/th>\n<td class=\"col data\" data-th=\"Nombre de Couverts\">A+++<\/td>\n<\/tr>\n<tr>\n<th class=\"col label\" scope=\"row\">Moteur<\/th>\n<td class=\"col data\" data-th=\"Nombre de Programmes\">Inverter<\/td>\n<\/tr>\n<tr>\n<th class=\"col label\" scope=\"row\">Nombre de programmes<\/th>\n<td class=\"col data\" data-th=\"Inverter\">8<\/td>\n<\/tr>\n<tr>\n<th class=\"col label\" scope=\"row\">\u00c9crans tactile<\/th>\n<td class=\"col data\" data-th=\"Consommation D'eau\/Cycle\">Oui<\/td>\n<\/tr>\n<tr>\n<th class=\"col label\" scope=\"row\">Niveaux sonore<\/th>\n<td class=\"col data\" data-th=\"Classe \u00c9nerg\u00e9tique\">47db<\/td>\n<\/tr>\n<tr>\n<th class=\"col label\" scope=\"row\">\u00c9clairage<\/th>\n<td class=\"col data\" data-th=\"D\u00e9bit Sonore\">LED<\/td>\n<\/tr>\n<tr>\n<th class=\"col label\" scope=\"row\">Garantie<\/th>\n<td class=\"col data\" data-th=\"Dimensions\">3 ans<\/td>\n<\/tr>\n<tr>\n<th class=\"col label\" scope=\"row\">Panier r\u00e9glables<\/th>\n<td class=\"col data\" data-th=\"Couleur\">3<\/td>\n<\/tr>\n<tr>\n<th class=\"col label\" scope=\"row\">Couleur<\/th>\n<td class=\"col data\" data-th=\"Garantie\">Noir<\/td>\n<\/tr>\n<\/tbody>\n<\/table>","protected":false},"excerpt":{"rendered":"<p>R\u00e9f\u00e9rence MLHYN-FSDW15.PB.BIX Marque Hyundai Nombre de couverts 15 Couverts Classe \u00c9nerg\u00e9tique A+++ Moteur Inverter Nombre de programmes 8 \u00c9crans tactile Oui Niveaux sonore 47db \u00c9clairage LED Garantie 3 ans Panier r\u00e9glables 3 Couleur Noir<\/p>","protected":false},"featured_media":9194,"comment_status":"open","ping_status":"closed","template":"","meta":[],"product_brand":[254],"product_cat":[87],"product_tag":[],"class_list":{"0":"post-9193","1":"product","2":"type-product","3":"status-publish","4":"has-post-thumbnail","6":"product_brand-hyundai","7":"product_cat-lave-vaisselle","9":"first","10":"instock","11":"shipping-taxable","12":"purchasable","13":"product-type-simple"},"_links":{"self":[{"href":"https:\/\/electrobennjima.tn\/en\/wp-json\/wp\/v2\/product\/9193","targetHints":{"allow":["GET"]}}],"collection":[{"href":"https:\/\/electrobennjima.tn\/en\/wp-json\/wp\/v2\/product"}],"about":[{"href":"https:\/\/electrobennjima.tn\/en\/wp-json\/wp\/v2\/types\/product"}],"replies":[{"embeddable":true,"href":"https:\/\/electrobennjima.tn\/en\/wp-json\/wp\/v2\/comments?post=9193"}],"wp:featuredmedia":[{"embeddable":true,"href":"https:\/\/electrobennjima.tn\/en\/wp-json\/wp\/v2\/media\/9194"}],"wp:attachment":[{"href":"https:\/\/electrobennjima.tn\/en\/wp-json\/wp\/v2\/media?parent=9193"}],"wp:term":[{"taxonomy":"product_brand","embeddable":true,"href":"https:\/\/electrobennjima.tn\/en\/wp-json\/wp\/v2\/product_brand?post=9193"},{"taxonomy":"product_cat","embeddable":true,"href":"https:\/\/electrobennjima.tn\/en\/wp-json\/wp\/v2\/product_cat?post=9193"},{"taxonomy":"product_tag","embeddable":true,"href":"https:\/\/electrobennjima.tn\/en\/wp-json\/wp\/v2\/product_tag?post=9193"}],"curies":[{"name":"wp","href":"https:\/\/api.w.org\/{rel}","templated":true}]}}