{"id":9196,"date":"2026-03-31T10:15:27","date_gmt":"2026-03-31T10:15:27","guid":{"rendered":"https:\/\/electrobennjima.tn\/?post_type=product&#038;p=9196"},"modified":"2026-03-31T10:15:28","modified_gmt":"2026-03-31T10:15:28","slug":"lave-vaisselle-beko-13c-5-prg-inox","status":"publish","type":"product","link":"https:\/\/electrobennjima.tn\/en\/lave-vaisselle-beko-13c-5-prg-inox\/","title":{"rendered":"LAVE VAISSELLE  BEKO 13C 5 PRG INOX"},"content":{"rendered":"<table id=\"product-attribute-specs-table\" class=\"data table additional-attributes\">\n<tbody>\n<tr>\n<th class=\"col label\" scope=\"row\">R\u00e9f\u00e9rence<\/th>\n<td class=\"col data\" data-th=\"gtin\">MLDVN05321X<\/td>\n<\/tr>\n<tr>\n<th class=\"col label\" scope=\"row\">Marque<\/th>\n<td class=\"col data\" data-th=\"Marque\">beko<\/td>\n<\/tr>\n<tr>\n<th class=\"col label\" scope=\"row\"><strong>Capacit\u00e9<\/strong><\/th>\n<td class=\"col data\" data-th=\"Type de Pose\">13 Couverts<\/td>\n<\/tr>\n<tr>\n<th class=\"col label\" scope=\"row\"><strong>Classe \u00e9nerg\u00e9tique<\/strong><\/th>\n<td class=\"col data\" data-th=\"Nombre de Couverts\">A++<\/td>\n<\/tr>\n<tr>\n<th class=\"col label\" scope=\"row\">Nombre de Programmes<\/th>\n<td class=\"col data\" data-th=\"Nombre de Programmes\">7 Programmes<\/td>\n<\/tr>\n<tr>\n<th class=\"col label\" scope=\"row\"><strong>Niveau sonore<\/strong><\/th>\n<td class=\"col data\" data-th=\"Inverter\">49.0 dBA<\/td>\n<\/tr>\n<tr>\n<th class=\"col label\" scope=\"row\"><strong>Garantie<\/strong><\/th>\n<td class=\"col data\" data-th=\"Consommation D'eau\/Cycle\">2 ans<\/td>\n<\/tr>\n<tr>\n<th class=\"col label\" scope=\"row\">Dimensions<\/th>\n<td class=\"col data\" data-th=\"Classe \u00c9nerg\u00e9tique\">60 x 59.8 x 85 cm<\/td>\n<\/tr>\n<tr>\n<th class=\"col label\" scope=\"row\">Couleur<\/th>\n<td class=\"col data\" data-th=\"D\u00e9bit Sonore\">Inox<\/td>\n<\/tr>\n<\/tbody>\n<\/table>","protected":false},"excerpt":{"rendered":"<p>R\u00e9f\u00e9rence MLDVN05321X Marque beko Capacit\u00e9 13 Couverts Classe \u00e9nerg\u00e9tique A++ Nombre de Programmes 7 Programmes Niveau sonore 49.0 dBA Garantie 2 ans Dimensions 60 x 59.8 x 85 cm Couleur Inox<\/p>","protected":false},"featured_media":9197,"comment_status":"open","ping_status":"closed","template":"","meta":[],"product_brand":[101],"product_cat":[87],"product_tag":[],"class_list":{"0":"post-9196","1":"product","2":"type-product","3":"status-publish","4":"has-post-thumbnail","6":"product_brand-beko","7":"product_cat-lave-vaisselle","9":"first","10":"instock","11":"shipping-taxable","12":"purchasable","13":"product-type-simple"},"_links":{"self":[{"href":"https:\/\/electrobennjima.tn\/en\/wp-json\/wp\/v2\/product\/9196","targetHints":{"allow":["GET"]}}],"collection":[{"href":"https:\/\/electrobennjima.tn\/en\/wp-json\/wp\/v2\/product"}],"about":[{"href":"https:\/\/electrobennjima.tn\/en\/wp-json\/wp\/v2\/types\/product"}],"replies":[{"embeddable":true,"href":"https:\/\/electrobennjima.tn\/en\/wp-json\/wp\/v2\/comments?post=9196"}],"wp:featuredmedia":[{"embeddable":true,"href":"https:\/\/electrobennjima.tn\/en\/wp-json\/wp\/v2\/media\/9197"}],"wp:attachment":[{"href":"https:\/\/electrobennjima.tn\/en\/wp-json\/wp\/v2\/media?parent=9196"}],"wp:term":[{"taxonomy":"product_brand","embeddable":true,"href":"https:\/\/electrobennjima.tn\/en\/wp-json\/wp\/v2\/product_brand?post=9196"},{"taxonomy":"product_cat","embeddable":true,"href":"https:\/\/electrobennjima.tn\/en\/wp-json\/wp\/v2\/product_cat?post=9196"},{"taxonomy":"product_tag","embeddable":true,"href":"https:\/\/electrobennjima.tn\/en\/wp-json\/wp\/v2\/product_tag?post=9196"}],"curies":[{"name":"wp","href":"https:\/\/api.w.org\/{rel}","templated":true}]}}