{"id":9200,"date":"2026-03-31T10:22:52","date_gmt":"2026-03-31T10:22:52","guid":{"rendered":"https:\/\/electrobennjima.tn\/?post_type=product&#038;p=9200"},"modified":"2026-03-31T10:22:52","modified_gmt":"2026-03-31T10:22:52","slug":"lave-vaisselle-beko-13c-encastrable","status":"publish","type":"product","link":"https:\/\/electrobennjima.tn\/en\/lave-vaisselle-beko-13c-encastrable\/","title":{"rendered":"LAVE VAISSELLE BEKO &#8211; 13C ENCASTRABLE"},"content":{"rendered":"<table id=\"product-attribute-specs-table\" class=\"data table additional-attributes\">\n<tbody>\n<tr>\n<th class=\"col label\" scope=\"row\">R\u00e9f\u00e9rence<\/th>\n<td class=\"col data\" data-th=\"gtin\">MLDIN34322<\/td>\n<\/tr>\n<tr>\n<th class=\"col label\" scope=\"row\">Marque<\/th>\n<td class=\"col data\" data-th=\"Marque\">Beko<\/td>\n<\/tr>\n<tr>\n<th class=\"col label\" scope=\"row\">Dimensions<\/th>\n<td class=\"col data\" data-th=\"Type de Pose\">HxLxP : 818x598x550mm<\/td>\n<\/tr>\n<tr>\n<th class=\"col label\" scope=\"row\">Classe \u00e9nerg\u00e9tique<\/th>\n<td class=\"col data\" data-th=\"Nombre de Couverts\">A++<\/td>\n<\/tr>\n<tr>\n<th class=\"col label\" scope=\"row\">Niveau sonore<\/th>\n<td class=\"col data\" data-th=\"Nombre de Programmes\">49 dB<\/td>\n<\/tr>\n<tr>\n<th class=\"col label\" scope=\"row\">Couleur<\/th>\n<td class=\"col data\" data-th=\"Inverter\">Blanc<\/td>\n<\/tr>\n<\/tbody>\n<\/table>","protected":false},"excerpt":{"rendered":"<p>R\u00e9f\u00e9rence MLDIN34322 Marque Beko Dimensions HxLxP : 818x598x550mm Classe \u00e9nerg\u00e9tique A++ Niveau sonore 49 dB Couleur Blanc<\/p>","protected":false},"featured_media":9201,"comment_status":"open","ping_status":"closed","template":"","meta":[],"product_brand":[101],"product_cat":[87],"product_tag":[],"class_list":{"0":"post-9200","1":"product","2":"type-product","3":"status-publish","4":"has-post-thumbnail","6":"product_brand-beko","7":"product_cat-lave-vaisselle","9":"first","10":"instock","11":"shipping-taxable","12":"purchasable","13":"product-type-simple"},"_links":{"self":[{"href":"https:\/\/electrobennjima.tn\/en\/wp-json\/wp\/v2\/product\/9200","targetHints":{"allow":["GET"]}}],"collection":[{"href":"https:\/\/electrobennjima.tn\/en\/wp-json\/wp\/v2\/product"}],"about":[{"href":"https:\/\/electrobennjima.tn\/en\/wp-json\/wp\/v2\/types\/product"}],"replies":[{"embeddable":true,"href":"https:\/\/electrobennjima.tn\/en\/wp-json\/wp\/v2\/comments?post=9200"}],"wp:featuredmedia":[{"embeddable":true,"href":"https:\/\/electrobennjima.tn\/en\/wp-json\/wp\/v2\/media\/9201"}],"wp:attachment":[{"href":"https:\/\/electrobennjima.tn\/en\/wp-json\/wp\/v2\/media?parent=9200"}],"wp:term":[{"taxonomy":"product_brand","embeddable":true,"href":"https:\/\/electrobennjima.tn\/en\/wp-json\/wp\/v2\/product_brand?post=9200"},{"taxonomy":"product_cat","embeddable":true,"href":"https:\/\/electrobennjima.tn\/en\/wp-json\/wp\/v2\/product_cat?post=9200"},{"taxonomy":"product_tag","embeddable":true,"href":"https:\/\/electrobennjima.tn\/en\/wp-json\/wp\/v2\/product_tag?post=9200"}],"curies":[{"name":"wp","href":"https:\/\/api.w.org\/{rel}","templated":true}]}}