{"id":9229,"date":"2026-03-31T11:28:03","date_gmt":"2026-03-31T11:28:03","guid":{"rendered":"https:\/\/electrobennjima.tn\/?post_type=product&#038;p=9229"},"modified":"2026-04-01T22:12:00","modified_gmt":"2026-04-01T22:12:00","slug":"lave-vaisselle-hoover-13-couverts-silver-2","status":"publish","type":"product","link":"https:\/\/electrobennjima.tn\/en\/lave-vaisselle-hoover-13-couverts-silver-2\/","title":{"rendered":"LAVE VAISSELLE HOOVER 13 COUVERTS &#8211; SILVER"},"content":{"rendered":"<table id=\"product-attribute-specs-table\" class=\"data table additional-attributes\">\n<tbody>\n<tr>\n<th class=\"col label\" scope=\"row\">R\u00e9f\u00e9rence<\/th>\n<td class=\"col data\" data-th=\"Prix\">MLHSPN1L390P<\/td>\n<\/tr>\n<tr>\n<th class=\"col label\" scope=\"row\">Garantie<\/th>\n<td class=\"col data\" data-th=\"Garantie:\">2 ans<\/td>\n<\/tr>\n<tr>\n<th class=\"col label\" scope=\"row\">Classe \u00e9nerg\u00e9tique<\/th>\n<td class=\"col data\" data-th=\"Classe \u00e9nerg\u00e9tique\">2<\/td>\n<\/tr>\n<tr>\n<th class=\"col label\" scope=\"row\">Fonctions &amp; Technologie<\/th>\n<td class=\"col data\" data-th=\"Fonctions &amp; Technologie\">&#8211;<\/td>\n<\/tr>\n<tr>\n<th class=\"col label\" scope=\"row\">Mati\u00e8re<\/th>\n<td class=\"col data\" data-th=\"Mati\u00e8re \">Rev\u00eatement anti-adh\u00e9sif<\/td>\n<\/tr>\n<tr>\n<th class=\"col label\" scope=\"row\">Nombre de programmes<\/th>\n<td class=\"col data\" data-th=\"Nombre de programmes\">8<\/td>\n<\/tr>\n<tr>\n<th class=\"col label\" scope=\"row\">Pose<\/th>\n<td class=\"col data\" data-th=\"Pose \">Libre<\/td>\n<\/tr>\n<tr>\n<th class=\"col label\" scope=\"row\">Wifi<\/th>\n<td class=\"col data\" data-th=\"Wifi\">Oui<\/td>\n<\/tr>\n<tr>\n<th class=\"col label\" scope=\"row\">Couleur:<\/th>\n<td class=\"col data\" data-th=\"Couleur:\">Gris<\/td>\n<\/tr>\n<\/tbody>\n<\/table>","protected":false},"excerpt":{"rendered":"<p>R\u00e9f\u00e9rence MLHSPN1L390P Garantie 2 ans Classe \u00e9nerg\u00e9tique 2 Fonctions &amp; Technologie &#8211; Mati\u00e8re Rev\u00eatement anti-adh\u00e9sif Nombre de programmes 8 Pose Libre Wifi Oui Couleur: Gris<\/p>","protected":false},"featured_media":9230,"comment_status":"open","ping_status":"closed","template":"","meta":[],"product_brand":[98],"product_cat":[87],"product_tag":[],"class_list":{"0":"post-9229","1":"product","2":"type-product","3":"status-publish","4":"has-post-thumbnail","6":"product_brand-hoover","7":"product_cat-lave-vaisselle","9":"first","10":"instock","11":"shipping-taxable","12":"purchasable","13":"product-type-simple"},"_links":{"self":[{"href":"https:\/\/electrobennjima.tn\/en\/wp-json\/wp\/v2\/product\/9229","targetHints":{"allow":["GET"]}}],"collection":[{"href":"https:\/\/electrobennjima.tn\/en\/wp-json\/wp\/v2\/product"}],"about":[{"href":"https:\/\/electrobennjima.tn\/en\/wp-json\/wp\/v2\/types\/product"}],"replies":[{"embeddable":true,"href":"https:\/\/electrobennjima.tn\/en\/wp-json\/wp\/v2\/comments?post=9229"}],"wp:featuredmedia":[{"embeddable":true,"href":"https:\/\/electrobennjima.tn\/en\/wp-json\/wp\/v2\/media\/9230"}],"wp:attachment":[{"href":"https:\/\/electrobennjima.tn\/en\/wp-json\/wp\/v2\/media?parent=9229"}],"wp:term":[{"taxonomy":"product_brand","embeddable":true,"href":"https:\/\/electrobennjima.tn\/en\/wp-json\/wp\/v2\/product_brand?post=9229"},{"taxonomy":"product_cat","embeddable":true,"href":"https:\/\/electrobennjima.tn\/en\/wp-json\/wp\/v2\/product_cat?post=9229"},{"taxonomy":"product_tag","embeddable":true,"href":"https:\/\/electrobennjima.tn\/en\/wp-json\/wp\/v2\/product_tag?post=9229"}],"curies":[{"name":"wp","href":"https:\/\/api.w.org\/{rel}","templated":true}]}}