{"id":9237,"date":"2026-03-31T11:38:12","date_gmt":"2026-03-31T11:38:12","guid":{"rendered":"https:\/\/electrobennjima.tn\/?post_type=product&#038;p=9237"},"modified":"2026-03-31T11:38:27","modified_gmt":"2026-03-31T11:38:27","slug":"lave-vaisselle-hyundai-12c-inox","status":"publish","type":"product","link":"https:\/\/electrobennjima.tn\/en\/lave-vaisselle-hyundai-12c-inox\/","title":{"rendered":"LAVE VAISSELLE HYUNDAI 12C- INOX"},"content":{"rendered":"<table id=\"product-attribute-specs-table\" class=\"data table additional-attributes\">\n<tbody>\n<tr>\n<th class=\"col label\" scope=\"row\">R\u00e9f\u00e9rence<\/th>\n<td class=\"col data\" data-th=\"Prix\">HYN-FSDW12.P7.IX<\/td>\n<\/tr>\n<tr>\n<th class=\"col label\" scope=\"row\">Marque<\/th>\n<td class=\"col data\" data-th=\"R\u00e9f\u00e9rence:\">hyundai<\/td>\n<\/tr>\n<tr>\n<th class=\"col label\" scope=\"row\">Garantie<\/th>\n<td class=\"col data\" data-th=\"Garantie:\">3 ans<\/td>\n<\/tr>\n<tr>\n<th class=\"col label\" scope=\"row\">Classe \u00e9nerg\u00e9tique<\/th>\n<td class=\"col data\" data-th=\"Classe \u00e9nerg\u00e9tique\">2<\/td>\n<\/tr>\n<tr>\n<th class=\"col label\" scope=\"row\">Fonctions &amp; Technologie<\/th>\n<td class=\"col data\" data-th=\"Fonctions &amp; Technologie\">D\u00e9part Diff\u00e9r\u00e9<\/td>\n<\/tr>\n<tr>\n<th class=\"col label\" scope=\"row\">Mati\u00e8re<\/th>\n<td class=\"col data\" data-th=\"Mati\u00e8re \">Acier inoxydable<\/td>\n<\/tr>\n<tr>\n<th class=\"col label\" scope=\"row\">Nombre de programmes<\/th>\n<td class=\"col data\" data-th=\"Nombre de programmes\">7<\/td>\n<\/tr>\n<tr>\n<th class=\"col label\" scope=\"row\">Pose<\/th>\n<td class=\"col data\" data-th=\"Pose \">Semi-Encastrable<\/td>\n<\/tr>\n<tr>\n<th class=\"col label\" scope=\"row\">Wifi<\/th>\n<td class=\"col data\" data-th=\"Wifi\">Non<\/td>\n<\/tr>\n<tr>\n<th class=\"col label\" scope=\"row\">Couleur<\/th>\n<td class=\"col data\" data-th=\"Couleur:\">Silver<\/td>\n<\/tr>\n<\/tbody>\n<\/table>","protected":false},"excerpt":{"rendered":"<p>R\u00e9f\u00e9rence HYN-FSDW12.P7.IX Marque hyundai Garantie 3 ans Classe \u00e9nerg\u00e9tique 2 Fonctions &amp; Technologie D\u00e9part Diff\u00e9r\u00e9 Mati\u00e8re Acier inoxydable Nombre de programmes 7 Pose Semi-Encastrable Wifi Non Couleur Silver<\/p>","protected":false},"featured_media":9238,"comment_status":"open","ping_status":"closed","template":"","meta":[],"product_brand":[254],"product_cat":[87],"product_tag":[],"class_list":{"0":"post-9237","1":"product","2":"type-product","3":"status-publish","4":"has-post-thumbnail","6":"product_brand-hyundai","7":"product_cat-lave-vaisselle","9":"first","10":"instock","11":"shipping-taxable","12":"purchasable","13":"product-type-simple"},"_links":{"self":[{"href":"https:\/\/electrobennjima.tn\/en\/wp-json\/wp\/v2\/product\/9237","targetHints":{"allow":["GET"]}}],"collection":[{"href":"https:\/\/electrobennjima.tn\/en\/wp-json\/wp\/v2\/product"}],"about":[{"href":"https:\/\/electrobennjima.tn\/en\/wp-json\/wp\/v2\/types\/product"}],"replies":[{"embeddable":true,"href":"https:\/\/electrobennjima.tn\/en\/wp-json\/wp\/v2\/comments?post=9237"}],"wp:featuredmedia":[{"embeddable":true,"href":"https:\/\/electrobennjima.tn\/en\/wp-json\/wp\/v2\/media\/9238"}],"wp:attachment":[{"href":"https:\/\/electrobennjima.tn\/en\/wp-json\/wp\/v2\/media?parent=9237"}],"wp:term":[{"taxonomy":"product_brand","embeddable":true,"href":"https:\/\/electrobennjima.tn\/en\/wp-json\/wp\/v2\/product_brand?post=9237"},{"taxonomy":"product_cat","embeddable":true,"href":"https:\/\/electrobennjima.tn\/en\/wp-json\/wp\/v2\/product_cat?post=9237"},{"taxonomy":"product_tag","embeddable":true,"href":"https:\/\/electrobennjima.tn\/en\/wp-json\/wp\/v2\/product_tag?post=9237"}],"curies":[{"name":"wp","href":"https:\/\/api.w.org\/{rel}","templated":true}]}}