{"id":9248,"date":"2026-03-31T13:40:11","date_gmt":"2026-03-31T13:40:11","guid":{"rendered":"https:\/\/electrobennjima.tn\/?post_type=product&#038;p=9248"},"modified":"2026-03-31T13:40:11","modified_gmt":"2026-03-31T13:40:11","slug":"lave-vaiselle-semi-encastrable-13c-5-pr","status":"publish","type":"product","link":"https:\/\/electrobennjima.tn\/en\/lave-vaiselle-semi-encastrable-13c-5-pr\/","title":{"rendered":"LAVE VAISELLE SEMI ENCASTRABLE &#8211; 13C 5 PR"},"content":{"rendered":"<table id=\"product-attribute-specs-table\" class=\"data table additional-attributes\">\n<tbody>\n<tr>\n<th class=\"col label\" scope=\"row\">R\u00e9f\u00e9rence<\/th>\n<td class=\"col data\" data-th=\"DISPONIBILIT\u00c9\">MLBDSN153E3X<\/td>\n<\/tr>\n<tr>\n<th class=\"col label\" scope=\"row\">Marque<\/th>\n<td class=\"col data\" data-th=\"gtin\">Beko<\/td>\n<\/tr>\n<tr>\n<th class=\"col label\" scope=\"row\">Nombre de couverts<\/th>\n<td class=\"col data\" data-th=\"Marque\">13 Couverts<\/td>\n<\/tr>\n<tr>\n<th class=\"col label\" scope=\"row\">Consommation d\u2019eau<\/th>\n<td class=\"col data\" data-th=\"Gamme PC\">12.9 Litres<\/td>\n<\/tr>\n<tr>\n<th class=\"col label\" scope=\"row\">Classe \u00e9nerg\u00e9tique<\/th>\n<td class=\"col data\" data-th=\"Gamer\">A++<\/td>\n<\/tr>\n<tr>\n<th class=\"col label\" scope=\"row\">Consommation d&rsquo;\u00e9nergie<\/th>\n<td class=\"col data\" data-th=\"Syst\u00e8me d'exploitation\">94 kWh<\/td>\n<\/tr>\n<tr>\n<th class=\"col label\" scope=\"row\">Dimensions<\/th>\n<td class=\"col data\" data-th=\"Taille de l'\u00e9cran\">H x L x P: 81.8 x 59.8 x 57 cm<\/td>\n<\/tr>\n<tr>\n<th class=\"col label\" scope=\"row\">Couleur<\/th>\n<td class=\"col data\" data-th=\"Ecran\">Inox<\/td>\n<\/tr>\n<tr>\n<th class=\"col label\" scope=\"row\">Garantie<\/th>\n<td class=\"col data\" data-th=\"Ecran Tactile\">2 ans<\/td>\n<\/tr>\n<\/tbody>\n<\/table>","protected":false},"excerpt":{"rendered":"<p>R\u00e9f\u00e9rence MLBDSN153E3X Marque Beko Nombre de couverts 13 Couverts Consommation d\u2019eau 12.9 Litres Classe \u00e9nerg\u00e9tique A++ Consommation d&rsquo;\u00e9nergie 94 kWh Dimensions H x L x P: 81.8 x 59.8 x 57 cm Couleur Inox Garantie 2 ans<\/p>","protected":false},"featured_media":9249,"comment_status":"open","ping_status":"closed","template":"","meta":[],"product_brand":[101],"product_cat":[87],"product_tag":[],"class_list":{"0":"post-9248","1":"product","2":"type-product","3":"status-publish","4":"has-post-thumbnail","6":"product_brand-beko","7":"product_cat-lave-vaisselle","9":"first","10":"instock","11":"shipping-taxable","12":"purchasable","13":"product-type-simple"},"_links":{"self":[{"href":"https:\/\/electrobennjima.tn\/en\/wp-json\/wp\/v2\/product\/9248","targetHints":{"allow":["GET"]}}],"collection":[{"href":"https:\/\/electrobennjima.tn\/en\/wp-json\/wp\/v2\/product"}],"about":[{"href":"https:\/\/electrobennjima.tn\/en\/wp-json\/wp\/v2\/types\/product"}],"replies":[{"embeddable":true,"href":"https:\/\/electrobennjima.tn\/en\/wp-json\/wp\/v2\/comments?post=9248"}],"wp:featuredmedia":[{"embeddable":true,"href":"https:\/\/electrobennjima.tn\/en\/wp-json\/wp\/v2\/media\/9249"}],"wp:attachment":[{"href":"https:\/\/electrobennjima.tn\/en\/wp-json\/wp\/v2\/media?parent=9248"}],"wp:term":[{"taxonomy":"product_brand","embeddable":true,"href":"https:\/\/electrobennjima.tn\/en\/wp-json\/wp\/v2\/product_brand?post=9248"},{"taxonomy":"product_cat","embeddable":true,"href":"https:\/\/electrobennjima.tn\/en\/wp-json\/wp\/v2\/product_cat?post=9248"},{"taxonomy":"product_tag","embeddable":true,"href":"https:\/\/electrobennjima.tn\/en\/wp-json\/wp\/v2\/product_tag?post=9248"}],"curies":[{"name":"wp","href":"https:\/\/api.w.org\/{rel}","templated":true}]}}