{"id":9252,"date":"2026-03-31T13:52:44","date_gmt":"2026-03-31T13:52:44","guid":{"rendered":"https:\/\/electrobennjima.tn\/?post_type=product&#038;p=9252"},"modified":"2026-03-31T13:52:44","modified_gmt":"2026-03-31T13:52:44","slug":"lave-vaisselle-sharp-13c-silver","status":"publish","type":"product","link":"https:\/\/electrobennjima.tn\/en\/lave-vaisselle-sharp-13c-silver\/","title":{"rendered":"LAVE VAISSELLE SHARP 13C &#8211; SILVER"},"content":{"rendered":"<table id=\"product-attribute-specs-table\" class=\"data table additional-attributes\">\n<tbody>\n<tr>\n<th class=\"col label\" scope=\"row\">R\u00e9f\u00e9rence<\/th>\n<td class=\"col data\" data-th=\"gtin\">MLQW-V613-SS2<\/td>\n<\/tr>\n<tr>\n<th class=\"col label\" scope=\"row\">Marque<\/th>\n<td class=\"col data\" data-th=\"Marque\">Sharp<\/td>\n<\/tr>\n<tr>\n<th class=\"col label\" scope=\"row\">Nombre de couverts<\/th>\n<td class=\"col data\" data-th=\"Type de Pose\">13<\/td>\n<\/tr>\n<tr>\n<th class=\"col label\" scope=\"row\">Nombre de programmes<\/th>\n<td class=\"col data\" data-th=\"Nombre de Couverts\">6<\/td>\n<\/tr>\n<tr>\n<th class=\"col label\" scope=\"row\">\u00e9tag\u00e8res pour tasses<\/th>\n<td class=\"col data\" data-th=\"Nombre de Programmes\">4<\/td>\n<\/tr>\n<tr>\n<th class=\"col label\" scope=\"row\">Dimension<\/th>\n<td class=\"col data\" data-th=\"Inverter\">L 60 x P 60 x H 84.5cm<\/td>\n<\/tr>\n<tr>\n<th class=\"col label\" scope=\"row\">Poids<\/th>\n<td class=\"col data\" data-th=\"Consommation D'eau\/Cycle\">46 Kg<\/td>\n<\/tr>\n<tr>\n<th class=\"col label\" scope=\"row\">Classe \u00c9nerg\u00e9tique<\/th>\n<td class=\"col data\" data-th=\"Classe \u00c9nerg\u00e9tique\">A++<\/td>\n<\/tr>\n<tr>\n<th class=\"col label\" scope=\"row\">Couleur<\/th>\n<td class=\"col data\" data-th=\"D\u00e9bit Sonore\">silver<\/td>\n<\/tr>\n<tr>\n<th class=\"col label\" scope=\"row\">Garantie<\/th>\n<td class=\"col data\" data-th=\"Couleur\">3 ans<\/td>\n<\/tr>\n<\/tbody>\n<\/table>","protected":false},"excerpt":{"rendered":"<p>R\u00e9f\u00e9rence MLQW-V613-SS2 Marque Sharp Nombre de couverts 13 Nombre de programmes 6 \u00e9tag\u00e8res pour tasses 4 Dimension L 60 x P 60 x H 84.5cm Poids 46 Kg Classe \u00c9nerg\u00e9tique A++ Couleur silver Garantie 3 ans<\/p>","protected":false},"featured_media":9254,"comment_status":"open","ping_status":"closed","template":"","meta":[],"product_brand":[118],"product_cat":[87],"product_tag":[],"class_list":{"0":"post-9252","1":"product","2":"type-product","3":"status-publish","4":"has-post-thumbnail","6":"product_brand-sharp","7":"product_cat-lave-vaisselle","9":"first","10":"instock","11":"shipping-taxable","12":"purchasable","13":"product-type-simple"},"_links":{"self":[{"href":"https:\/\/electrobennjima.tn\/en\/wp-json\/wp\/v2\/product\/9252","targetHints":{"allow":["GET"]}}],"collection":[{"href":"https:\/\/electrobennjima.tn\/en\/wp-json\/wp\/v2\/product"}],"about":[{"href":"https:\/\/electrobennjima.tn\/en\/wp-json\/wp\/v2\/types\/product"}],"replies":[{"embeddable":true,"href":"https:\/\/electrobennjima.tn\/en\/wp-json\/wp\/v2\/comments?post=9252"}],"wp:featuredmedia":[{"embeddable":true,"href":"https:\/\/electrobennjima.tn\/en\/wp-json\/wp\/v2\/media\/9254"}],"wp:attachment":[{"href":"https:\/\/electrobennjima.tn\/en\/wp-json\/wp\/v2\/media?parent=9252"}],"wp:term":[{"taxonomy":"product_brand","embeddable":true,"href":"https:\/\/electrobennjima.tn\/en\/wp-json\/wp\/v2\/product_brand?post=9252"},{"taxonomy":"product_cat","embeddable":true,"href":"https:\/\/electrobennjima.tn\/en\/wp-json\/wp\/v2\/product_cat?post=9252"},{"taxonomy":"product_tag","embeddable":true,"href":"https:\/\/electrobennjima.tn\/en\/wp-json\/wp\/v2\/product_tag?post=9252"}],"curies":[{"name":"wp","href":"https:\/\/api.w.org\/{rel}","templated":true}]}}