{"id":9264,"date":"2026-03-31T14:12:09","date_gmt":"2026-03-31T14:12:09","guid":{"rendered":"https:\/\/electrobennjima.tn\/?post_type=product&#038;p=9264"},"modified":"2026-03-31T14:12:09","modified_gmt":"2026-03-31T14:12:09","slug":"t-v-c-32-hisense-hd-digital","status":"publish","type":"product","link":"https:\/\/electrobennjima.tn\/en\/t-v-c-32-hisense-hd-digital\/","title":{"rendered":"T.V.C 32 HISENSE HD DIGITAL"},"content":{"rendered":"<table class=\"additional-attributes w-full\">\n<tbody>\n<tr class=\"border-b border-grey-400 last:border-b-0 first:border-t text-sm\ttransition-all duration-200 ease-in\">\n<th class=\"col label w-1\/3 py-4 pl-4 text-left text-primary font-semibold product-attribute-label\" scope=\"row\">R\u00e9f\u00e9rence<\/th>\n<td class=\"col data w-1\/2 py-4 pl-2 text-left text-primary product-attribute-value\" data-th=\"Marque\">32A5200F<\/td>\n<\/tr>\n<tr class=\"border-b border-grey-400 last:border-b-0 first:border-t text-sm\ttransition-all duration-200 ease-in\">\n<th class=\"col label w-1\/3 py-4 pl-4 text-left text-primary font-semibold product-attribute-label\" scope=\"row\">Marque<\/th>\n<td class=\"col data w-1\/2 py-4 pl-2 text-left text-primary product-attribute-value\" data-th=\"R\u00e9f\u00e9rence\">Hisense<\/td>\n<\/tr>\n<tr class=\"border-b border-grey-400 last:border-b-0 first:border-t text-sm\ttransition-all duration-200 ease-in\">\n<th class=\"col label w-1\/3 py-4 pl-4 text-left text-primary font-semibold product-attribute-label\" scope=\"row\">Taille de l&rsquo;\u00e9cran<\/th>\n<td class=\"col data w-1\/2 py-4 pl-2 text-left text-primary product-attribute-value\" data-th=\"Taille de l'\u00e9cran\">32\u00a0\u00bb<\/td>\n<\/tr>\n<tr class=\"border-b border-grey-400 last:border-b-0 first:border-t text-sm\ttransition-all duration-200 ease-in\">\n<th class=\"col label w-1\/3 py-4 pl-4 text-left text-primary font-semibold product-attribute-label\" scope=\"row\">\u00c9cran<\/th>\n<td class=\"col data w-1\/2 py-4 pl-2 text-left text-primary product-attribute-value\" data-th=\"\u00c9cran\">HD<\/td>\n<\/tr>\n<tr class=\"border-b border-grey-400 last:border-b-0 first:border-t text-sm\ttransition-all duration-200 ease-in\">\n<th class=\"col label w-1\/3 py-4 pl-4 text-left text-primary font-semibold product-attribute-label\" scope=\"row\">R\u00e9solution<\/th>\n<td class=\"col data w-1\/2 py-4 pl-2 text-left text-primary product-attribute-value\" data-th=\"R\u00e9solution\">1366 x 768<\/td>\n<\/tr>\n<tr class=\"border-b border-grey-400 last:border-b-0 first:border-t text-sm\ttransition-all duration-200 ease-in\">\n<th class=\"col label w-1\/3 py-4 pl-4 text-left text-primary font-semibold product-attribute-label\" scope=\"row\">Smart tv<\/th>\n<td class=\"col data w-1\/2 py-4 pl-2 text-left text-primary product-attribute-value\" data-th=\"Smart tv\">Non<\/td>\n<\/tr>\n<tr class=\"border-b border-grey-400 last:border-b-0 first:border-t text-sm\ttransition-all duration-200 ease-in\">\n<th class=\"col label w-1\/3 py-4 pl-4 text-left text-primary font-semibold product-attribute-label\" scope=\"row\">R\u00e9cepteur int\u00e9gr\u00e9<\/th>\n<td class=\"col data w-1\/2 py-4 pl-2 text-left text-primary product-attribute-value\" data-th=\"R\u00e9cepteur int\u00e9gr\u00e9\">Non<\/td>\n<\/tr>\n<\/tbody>\n<\/table>","protected":false},"excerpt":{"rendered":"<p>R\u00e9f\u00e9rence 32A5200F Marque Hisense Taille de l&rsquo;\u00e9cran 32\u00a0\u00bb \u00c9cran HD R\u00e9solution 1366 x 768 Smart tv Non R\u00e9cepteur int\u00e9gr\u00e9 Non<\/p>","protected":false},"featured_media":9265,"comment_status":"open","ping_status":"closed","template":"","meta":[],"product_brand":[210],"product_cat":[145],"product_tag":[],"class_list":{"0":"post-9264","1":"product","2":"type-product","3":"status-publish","4":"has-post-thumbnail","6":"product_brand-hisense","7":"product_cat-televiseurs","9":"first","10":"instock","11":"shipping-taxable","12":"purchasable","13":"product-type-simple"},"_links":{"self":[{"href":"https:\/\/electrobennjima.tn\/en\/wp-json\/wp\/v2\/product\/9264","targetHints":{"allow":["GET"]}}],"collection":[{"href":"https:\/\/electrobennjima.tn\/en\/wp-json\/wp\/v2\/product"}],"about":[{"href":"https:\/\/electrobennjima.tn\/en\/wp-json\/wp\/v2\/types\/product"}],"replies":[{"embeddable":true,"href":"https:\/\/electrobennjima.tn\/en\/wp-json\/wp\/v2\/comments?post=9264"}],"wp:featuredmedia":[{"embeddable":true,"href":"https:\/\/electrobennjima.tn\/en\/wp-json\/wp\/v2\/media\/9265"}],"wp:attachment":[{"href":"https:\/\/electrobennjima.tn\/en\/wp-json\/wp\/v2\/media?parent=9264"}],"wp:term":[{"taxonomy":"product_brand","embeddable":true,"href":"https:\/\/electrobennjima.tn\/en\/wp-json\/wp\/v2\/product_brand?post=9264"},{"taxonomy":"product_cat","embeddable":true,"href":"https:\/\/electrobennjima.tn\/en\/wp-json\/wp\/v2\/product_cat?post=9264"},{"taxonomy":"product_tag","embeddable":true,"href":"https:\/\/electrobennjima.tn\/en\/wp-json\/wp\/v2\/product_tag?post=9264"}],"curies":[{"name":"wp","href":"https:\/\/api.w.org\/{rel}","templated":true}]}}