{"id":9271,"date":"2026-03-31T14:37:07","date_gmt":"2026-03-31T14:37:07","guid":{"rendered":"https:\/\/electrobennjima.tn\/?post_type=product&#038;p=9271"},"modified":"2026-03-31T14:37:07","modified_gmt":"2026-03-31T14:37:07","slug":"t-v-c-maxwell-40-fhd-recepteur-integrer","status":"publish","type":"product","link":"https:\/\/electrobennjima.tn\/en\/t-v-c-maxwell-40-fhd-recepteur-integrer\/","title":{"rendered":"T.V.C MAXWELL 40 FHD \/ RECEPTEUR INTEGRER"},"content":{"rendered":"<table id=\"product-attribute-specs-table\" class=\"data table additional-attributes\">\n<tbody>\n<tr>\n<th class=\"col label\" scope=\"row\">R\u00e9f\u00e9rence<\/th>\n<td class=\"col data\" data-th=\"gtin\">MAX-Q40M20<\/td>\n<\/tr>\n<tr>\n<th class=\"col label\" scope=\"row\">Marque<\/th>\n<td class=\"col data\" data-th=\"Marque\">Maxwell<\/td>\n<\/tr>\n<tr>\n<th class=\"col label\" scope=\"row\">Type d&rsquo;\u00e9cran<\/th>\n<td class=\"col data\" data-th=\"S\u00e9ries TV\">QLED<\/td>\n<\/tr>\n<tr>\n<th class=\"col label\" scope=\"row\">Fr\u00e9quence d\u2019affichage<\/th>\n<td class=\"col data\" data-th=\"Syst\u00e8me d'exploitation\">Autres<\/td>\n<\/tr>\n<tr>\n<th class=\"col label\" scope=\"row\">Taille de l&rsquo;\u00e9cran<\/th>\n<td class=\"col data\" data-th=\"Taille de l'\u00e9cran\">65 Pouces<\/td>\n<\/tr>\n<tr>\n<th class=\"col label\" scope=\"row\">Smart Tv<\/th>\n<td class=\"col data\" data-th=\"Ecran Incurv\u00e9\">Non<\/td>\n<\/tr>\n<tr>\n<th class=\"col label\" scope=\"row\">Wifi<\/th>\n<td class=\"col data\" data-th=\"Ecran\">Non<\/td>\n<\/tr>\n<tr>\n<th class=\"col label\" scope=\"row\">Norme HD<\/th>\n<td class=\"col data\" data-th=\"R\u00e9solution d'\u00e9crans\">Full HD (1080p)<\/td>\n<\/tr>\n<tr>\n<th class=\"col label\" scope=\"row\">R\u00e9cepteur Int\u00e9gr\u00e9<\/th>\n<td class=\"col data\" data-th=\"Norme HD\">Oui<\/td>\n<\/tr>\n<tr>\n<th class=\"col label\" scope=\"row\">Taille de l&rsquo;\u00e9cran<\/th>\n<td class=\"col data\" data-th=\"R\u00e9cepteur Int\u00e9gr\u00e9\">40 Pouces<\/td>\n<\/tr>\n<tr>\n<th class=\"col label\" scope=\"row\"><strong>R\u00e9solution<\/strong><\/th>\n<td class=\"col data\" data-th=\"Smart TV\">\u00a01920 \u00d7 1080 pixels (Full HD)<\/td>\n<\/tr>\n<tr>\n<th class=\"col label\" scope=\"row\">Garantie<\/th>\n<td class=\"col data\" data-th=\"Compatible HDR\">5 ans<\/td>\n<\/tr>\n<\/tbody>\n<\/table>","protected":false},"excerpt":{"rendered":"<p>R\u00e9f\u00e9rence MAX-Q40M20 Marque Maxwell Type d&rsquo;\u00e9cran QLED Fr\u00e9quence d\u2019affichage Autres Taille de l&rsquo;\u00e9cran 65 Pouces Smart Tv Non Wifi Non Norme HD Full HD (1080p) R\u00e9cepteur Int\u00e9gr\u00e9 Oui Taille de l&rsquo;\u00e9cran 40 Pouces R\u00e9solution \u00a01920 \u00d7 1080 pixels (Full HD) Garantie 5 ans<\/p>","protected":false},"featured_media":9272,"comment_status":"open","ping_status":"closed","template":"","meta":[],"product_brand":[232],"product_cat":[145,144],"product_tag":[],"class_list":{"0":"post-9271","1":"product","2":"type-product","3":"status-publish","4":"has-post-thumbnail","6":"product_brand-maxwell","7":"product_cat-televiseurs","8":"product_cat-tv-image-et-son","10":"first","11":"instock","12":"shipping-taxable","13":"purchasable","14":"product-type-simple"},"_links":{"self":[{"href":"https:\/\/electrobennjima.tn\/en\/wp-json\/wp\/v2\/product\/9271","targetHints":{"allow":["GET"]}}],"collection":[{"href":"https:\/\/electrobennjima.tn\/en\/wp-json\/wp\/v2\/product"}],"about":[{"href":"https:\/\/electrobennjima.tn\/en\/wp-json\/wp\/v2\/types\/product"}],"replies":[{"embeddable":true,"href":"https:\/\/electrobennjima.tn\/en\/wp-json\/wp\/v2\/comments?post=9271"}],"wp:featuredmedia":[{"embeddable":true,"href":"https:\/\/electrobennjima.tn\/en\/wp-json\/wp\/v2\/media\/9272"}],"wp:attachment":[{"href":"https:\/\/electrobennjima.tn\/en\/wp-json\/wp\/v2\/media?parent=9271"}],"wp:term":[{"taxonomy":"product_brand","embeddable":true,"href":"https:\/\/electrobennjima.tn\/en\/wp-json\/wp\/v2\/product_brand?post=9271"},{"taxonomy":"product_cat","embeddable":true,"href":"https:\/\/electrobennjima.tn\/en\/wp-json\/wp\/v2\/product_cat?post=9271"},{"taxonomy":"product_tag","embeddable":true,"href":"https:\/\/electrobennjima.tn\/en\/wp-json\/wp\/v2\/product_tag?post=9271"}],"curies":[{"name":"wp","href":"https:\/\/api.w.org\/{rel}","templated":true}]}}