{"id":9273,"date":"2026-03-31T14:40:35","date_gmt":"2026-03-31T14:40:35","guid":{"rendered":"https:\/\/electrobennjima.tn\/?post_type=product&#038;p=9273"},"modified":"2026-03-31T14:40:35","modified_gmt":"2026-03-31T14:40:35","slug":"t-v-c-maxwell-32-hd-recepteur-inergrer","status":"publish","type":"product","link":"https:\/\/electrobennjima.tn\/en\/t-v-c-maxwell-32-hd-recepteur-inergrer\/","title":{"rendered":"T.V.C MAXWELL 32 HD \/ RECEPTEUR INERGRER"},"content":{"rendered":"<table class=\"woocommerce-product-attributes shop_attributes\" aria-label=\"D\u00e9tails du produit\">\n<tbody>\n<tr class=\"woocommerce-product-attributes-item woocommerce-product-attributes-item--attribute_pa_marque-televiseur\">\n<th class=\"woocommerce-product-attributes-item__label\" scope=\"row\"><span class=\"wd-attr-name\"><span class=\"wd-attr-name-label\">Marque t\u00e9l\u00e9viseur<\/span><\/span><\/th>\n<td class=\"woocommerce-product-attributes-item__value\">MAXWELL<\/td>\n<\/tr>\n<tr class=\"woocommerce-product-attributes-item woocommerce-product-attributes-item--attribute_pa_smart\">\n<th class=\"woocommerce-product-attributes-item__label\" scope=\"row\"><span class=\"wd-attr-name\"><span class=\"wd-attr-name-label\">SMART<\/span><\/span><\/th>\n<td class=\"woocommerce-product-attributes-item__value\">Non<\/td>\n<\/tr>\n<tr class=\"woocommerce-product-attributes-item woocommerce-product-attributes-item--attribute_pa_recepteur-integre\">\n<th class=\"woocommerce-product-attributes-item__label\" scope=\"row\"><span class=\"wd-attr-name\"><span class=\"wd-attr-name-label\">R\u00e9cepteur int\u00e9gr\u00e9<\/span><\/span><\/th>\n<td class=\"woocommerce-product-attributes-item__value\">Oui<\/td>\n<\/tr>\n<tr class=\"woocommerce-product-attributes-item woocommerce-product-attributes-item--attribute_pa_taille-de-lecran-tv\">\n<th class=\"woocommerce-product-attributes-item__label\" scope=\"row\"><span class=\"wd-attr-name\"><span class=\"wd-attr-name-label\">Taille de l&rsquo;\u00e9cran Tv<\/span><\/span><\/th>\n<td class=\"woocommerce-product-attributes-item__value\">32 Pouces<\/td>\n<\/tr>\n<tr class=\"woocommerce-product-attributes-item woocommerce-product-attributes-item--attribute_pa_couleur\">\n<th class=\"woocommerce-product-attributes-item__label\" scope=\"row\"><span class=\"wd-attr-name\"><span class=\"wd-attr-name-label\">Couleur<\/span><\/span><\/th>\n<td class=\"woocommerce-product-attributes-item__value\">Silver<\/td>\n<\/tr>\n<tr class=\"woocommerce-product-attributes-item woocommerce-product-attributes-item--attribute_pa_garantie\">\n<th class=\"woocommerce-product-attributes-item__label\" scope=\"row\"><span class=\"wd-attr-name\"><span class=\"wd-attr-name-label\">GARANTIE<\/span><\/span><\/th>\n<td class=\"woocommerce-product-attributes-item__value\">5 ans<\/td>\n<\/tr>\n<\/tbody>\n<\/table>","protected":false},"excerpt":{"rendered":"<p>Marque t\u00e9l\u00e9viseur MAXWELL SMART Non R\u00e9cepteur int\u00e9gr\u00e9 Oui Taille de l&rsquo;\u00e9cran Tv 32 Pouces Couleur Silver GARANTIE 5 ans<\/p>","protected":false},"featured_media":9274,"comment_status":"open","ping_status":"closed","template":"","meta":[],"product_brand":[232],"product_cat":[145,144],"product_tag":[],"class_list":{"0":"post-9273","1":"product","2":"type-product","3":"status-publish","4":"has-post-thumbnail","6":"product_brand-maxwell","7":"product_cat-televiseurs","8":"product_cat-tv-image-et-son","10":"first","11":"instock","12":"shipping-taxable","13":"purchasable","14":"product-type-simple"},"_links":{"self":[{"href":"https:\/\/electrobennjima.tn\/en\/wp-json\/wp\/v2\/product\/9273","targetHints":{"allow":["GET"]}}],"collection":[{"href":"https:\/\/electrobennjima.tn\/en\/wp-json\/wp\/v2\/product"}],"about":[{"href":"https:\/\/electrobennjima.tn\/en\/wp-json\/wp\/v2\/types\/product"}],"replies":[{"embeddable":true,"href":"https:\/\/electrobennjima.tn\/en\/wp-json\/wp\/v2\/comments?post=9273"}],"wp:featuredmedia":[{"embeddable":true,"href":"https:\/\/electrobennjima.tn\/en\/wp-json\/wp\/v2\/media\/9274"}],"wp:attachment":[{"href":"https:\/\/electrobennjima.tn\/en\/wp-json\/wp\/v2\/media?parent=9273"}],"wp:term":[{"taxonomy":"product_brand","embeddable":true,"href":"https:\/\/electrobennjima.tn\/en\/wp-json\/wp\/v2\/product_brand?post=9273"},{"taxonomy":"product_cat","embeddable":true,"href":"https:\/\/electrobennjima.tn\/en\/wp-json\/wp\/v2\/product_cat?post=9273"},{"taxonomy":"product_tag","embeddable":true,"href":"https:\/\/electrobennjima.tn\/en\/wp-json\/wp\/v2\/product_tag?post=9273"}],"curies":[{"name":"wp","href":"https:\/\/api.w.org\/{rel}","templated":true}]}}