{"id":9275,"date":"2026-03-31T14:45:24","date_gmt":"2026-03-31T14:45:24","guid":{"rendered":"https:\/\/electrobennjima.tn\/?post_type=product&#038;p=9275"},"modified":"2026-03-31T14:45:24","modified_gmt":"2026-03-31T14:45:24","slug":"t-v-c-maxwell-40fhd-smart-google-tv-recepteur-integrer","status":"publish","type":"product","link":"https:\/\/electrobennjima.tn\/en\/t-v-c-maxwell-40fhd-smart-google-tv-recepteur-integrer\/","title":{"rendered":"T.V.C MAXWELL 40FHD &#8211; SMART GOOGLE TV + RECEPTEUR INTEGRER"},"content":{"rendered":"<table id=\"product-attribute-specs-table\" class=\"data table additional-attributes\">\n<tbody>\n<tr>\n<th class=\"col label\" scope=\"row\">R\u00e9f\u00e9rence<\/th>\n<td class=\"col data\" data-th=\"Prix\"><span class=\"price\">759,00\u00a0TND<\/span><\/td>\n<\/tr>\n<tr>\n<th class=\"col label\" scope=\"row\">Marque<\/th>\n<td class=\"col data\" data-th=\"R\u00e9f\u00e9rence:\">Maxwell<\/td>\n<\/tr>\n<tr>\n<th class=\"col label\" scope=\"row\">Garantie:<\/th>\n<td class=\"col data\" data-th=\"Garantie:\">1 an<\/td>\n<\/tr>\n<tr>\n<th class=\"col label\" scope=\"row\">Taille Ecran:<\/th>\n<td class=\"col data\" data-th=\"Taille Ecran:\">40\u2033<\/td>\n<\/tr>\n<tr>\n<th class=\"col label\" scope=\"row\">R\u00e9solution:<\/th>\n<td class=\"col data\" data-th=\"R\u00e9solution:\">Full HD 1080p<\/td>\n<\/tr>\n<tr>\n<th class=\"col label\" scope=\"row\">Technologie d&rsquo;affichage :<\/th>\n<td class=\"col data\" data-th=\"Technologie d'affichage :\">LED<\/td>\n<\/tr>\n<tr>\n<th class=\"col label\" scope=\"row\">Smart TV<\/th>\n<td class=\"col data\" data-th=\"Smart TV\">Oui<\/td>\n<\/tr>\n<tr>\n<th class=\"col label\" scope=\"row\">R\u00e9solution Image<\/th>\n<td class=\"col data\" data-th=\"R\u00e9solution Image\">Full HD<\/td>\n<\/tr>\n<tr>\n<th class=\"col label\" scope=\"row\">R\u00e9cepteur Int\u00e9gr\u00e9<\/th>\n<td class=\"col data\" data-th=\"R\u00e9cepteur Int\u00e9gr\u00e9 \">Oui<\/td>\n<\/tr>\n<tr>\n<th class=\"col label\" scope=\"row\">Syst\u00e8me D\u2019exploitation:<\/th>\n<td class=\"col data\" data-th=\"Syst\u00e8me D\u2019exploitation:\">Android<\/td>\n<\/tr>\n<tr>\n<th class=\"col label\" scope=\"row\">HDR<\/th>\n<td class=\"col data\" data-th=\"HDR\">&#8211;<\/td>\n<\/tr>\n<tr>\n<th class=\"col label\" scope=\"row\">Connecteurs<\/th>\n<td class=\"col data\" data-th=\"Connecteurs\">2x HDMI<\/td>\n<\/tr>\n<tr>\n<th class=\"col label\" scope=\"row\">Sortie Audio<\/th>\n<td class=\"col data\" data-th=\"Sortie Audio\">2\u00d7 8W<\/td>\n<\/tr>\n<tr>\n<th class=\"col label\" scope=\"row\">Wifi<\/th>\n<td class=\"col data\" data-th=\"Wifi\">Oui<\/td>\n<\/tr>\n<tr>\n<th class=\"col label\" scope=\"row\">Bluetooth:<\/th>\n<td class=\"col data\" data-th=\"Bluetooth:\">5.1<\/td>\n<\/tr>\n<tr>\n<th class=\"col label\" scope=\"row\">Couleur:<\/th>\n<td class=\"col data\" data-th=\"Couleur:\">Noir<\/td>\n<\/tr>\n<\/tbody>\n<\/table>","protected":false},"excerpt":{"rendered":"<p>R\u00e9f\u00e9rence 759,00\u00a0TND Marque Maxwell Garantie: 1 an Taille Ecran: 40\u2033 R\u00e9solution: Full HD 1080p Technologie d&rsquo;affichage : LED Smart TV Oui R\u00e9solution Image Full HD R\u00e9cepteur Int\u00e9gr\u00e9 Oui Syst\u00e8me D\u2019exploitation: Android HDR &#8211; Connecteurs 2x HDMI Sortie Audio 2\u00d7 8W Wifi Oui Bluetooth: 5.1 Couleur: Noir<\/p>","protected":false},"featured_media":9276,"comment_status":"open","ping_status":"closed","template":"","meta":[],"product_brand":[232],"product_cat":[145,231,144],"product_tag":[],"class_list":{"0":"post-9275","1":"product","2":"type-product","3":"status-publish","4":"has-post-thumbnail","6":"product_brand-maxwell","7":"product_cat-televiseurs","8":"product_cat-televiseurs-maxwell","9":"product_cat-tv-image-et-son","11":"first","12":"instock","13":"shipping-taxable","14":"purchasable","15":"product-type-simple"},"_links":{"self":[{"href":"https:\/\/electrobennjima.tn\/en\/wp-json\/wp\/v2\/product\/9275","targetHints":{"allow":["GET"]}}],"collection":[{"href":"https:\/\/electrobennjima.tn\/en\/wp-json\/wp\/v2\/product"}],"about":[{"href":"https:\/\/electrobennjima.tn\/en\/wp-json\/wp\/v2\/types\/product"}],"replies":[{"embeddable":true,"href":"https:\/\/electrobennjima.tn\/en\/wp-json\/wp\/v2\/comments?post=9275"}],"wp:featuredmedia":[{"embeddable":true,"href":"https:\/\/electrobennjima.tn\/en\/wp-json\/wp\/v2\/media\/9276"}],"wp:attachment":[{"href":"https:\/\/electrobennjima.tn\/en\/wp-json\/wp\/v2\/media?parent=9275"}],"wp:term":[{"taxonomy":"product_brand","embeddable":true,"href":"https:\/\/electrobennjima.tn\/en\/wp-json\/wp\/v2\/product_brand?post=9275"},{"taxonomy":"product_cat","embeddable":true,"href":"https:\/\/electrobennjima.tn\/en\/wp-json\/wp\/v2\/product_cat?post=9275"},{"taxonomy":"product_tag","embeddable":true,"href":"https:\/\/electrobennjima.tn\/en\/wp-json\/wp\/v2\/product_tag?post=9275"}],"curies":[{"name":"wp","href":"https:\/\/api.w.org\/{rel}","templated":true}]}}