{"id":9279,"date":"2026-03-31T14:52:19","date_gmt":"2026-03-31T14:52:19","guid":{"rendered":"https:\/\/electrobennjima.tn\/?post_type=product&#038;p=9279"},"modified":"2026-03-31T14:52:19","modified_gmt":"2026-03-31T14:52:19","slug":"t-v-c-maxwell-50-4k-smart-google-tv-recepteur-integrer","status":"publish","type":"product","link":"https:\/\/electrobennjima.tn\/en\/t-v-c-maxwell-50-4k-smart-google-tv-recepteur-integrer\/","title":{"rendered":"T.V.C MAXWELL 50 4k SMART GOOGLE TV+ RECEPTEUR INTEGRER"},"content":{"rendered":"<table id=\"product-attribute-specs-table\" class=\"data table additional-attributes\">\n<tbody>\n<tr>\n<th class=\"col label\" scope=\"row\">R\u00e9f\u00e9rence<\/th>\n<td class=\"col data\" data-th=\"gtin\">TVMAX-Q50MG60<\/td>\n<\/tr>\n<tr>\n<th class=\"col label\" scope=\"row\">Marque<\/th>\n<td class=\"col data\" data-th=\"Marque\">MAXWELL<\/td>\n<\/tr>\n<tr>\n<th class=\"col label\" scope=\"row\">S\u00e9ries TV<\/th>\n<td class=\"col data\" data-th=\"S\u00e9ries TV\">MG60<\/td>\n<\/tr>\n<tr>\n<th class=\"col label\" scope=\"row\">Syst\u00e8me d&rsquo;exploitation<\/th>\n<td class=\"col data\" data-th=\"Syst\u00e8me d'exploitation\">Android<\/td>\n<\/tr>\n<tr>\n<th class=\"col label\" scope=\"row\">Taille de l&rsquo;\u00e9cran<\/th>\n<td class=\"col data\" data-th=\"Taille de l'\u00e9cran\">50 Pouces<\/td>\n<\/tr>\n<tr>\n<th class=\"col label\" scope=\"row\">Ecran<\/th>\n<td class=\"col data\" data-th=\"Ecran\">QLED<\/td>\n<\/tr>\n<tr>\n<th class=\"col label\" scope=\"row\">R\u00e9solution d&rsquo;\u00e9crans<\/th>\n<td class=\"col data\" data-th=\"R\u00e9solution d'\u00e9crans\">3480 x 2160 pixels<\/td>\n<\/tr>\n<tr>\n<th class=\"col label\" scope=\"row\">Angle de vue<\/th>\n<td class=\"col data\" data-th=\"Angle de vue\">178\u00b0X 178\u00b0<\/td>\n<\/tr>\n<tr>\n<th class=\"col label\" scope=\"row\">Norme HD<\/th>\n<td class=\"col data\" data-th=\"Norme HD\">4K<\/td>\n<\/tr>\n<tr>\n<th class=\"col label\" scope=\"row\">R\u00e9cepteur Int\u00e9gr\u00e9<\/th>\n<td class=\"col data\" data-th=\"R\u00e9cepteur Int\u00e9gr\u00e9\">Oui<\/td>\n<\/tr>\n<tr>\n<th class=\"col label\" scope=\"row\">Smart TV<\/th>\n<td class=\"col data\" data-th=\"Smart TV\">Oui<\/td>\n<\/tr>\n<tr>\n<th class=\"col label\" scope=\"row\">Bluetooth<\/th>\n<td class=\"col data\" data-th=\"Bluetooth\">Oui<\/td>\n<\/tr>\n<tr>\n<th class=\"col label\" scope=\"row\">Audio<\/th>\n<td class=\"col data\" data-th=\"Audio\">Dolby Atmos<\/td>\n<\/tr>\n<tr>\n<th class=\"col label\" scope=\"row\">Puissance de haut-parleur<\/th>\n<td class=\"col data\" data-th=\"Puissance de haut-parleur\">30 Watts<\/td>\n<\/tr>\n<tr>\n<th class=\"col label\" scope=\"row\">Connecteurs<\/th>\n<td class=\"col data\" data-th=\"Connecteurs\">3x HDMI, 2x USB,1x AV IN, 1x DVB_S\/S2, 1x DVB_T\/T2, 1x COAXIAL<\/td>\n<\/tr>\n<tr>\n<th class=\"col label\" scope=\"row\">Couleur<\/th>\n<td class=\"col data\" data-th=\"Couleur\">Noir<\/td>\n<\/tr>\n<tr>\n<th class=\"col label\" scope=\"row\">Garantie<\/th>\n<td class=\"col data\" data-th=\"Garantie\">5 ans<\/td>\n<\/tr>\n<\/tbody>\n<\/table>","protected":false},"excerpt":{"rendered":"<p>R\u00e9f\u00e9rence TVMAX-Q50MG60 Marque MAXWELL S\u00e9ries TV MG60 Syst\u00e8me d&rsquo;exploitation Android Taille de l&rsquo;\u00e9cran 50 Pouces Ecran QLED R\u00e9solution d&rsquo;\u00e9crans 3480 x 2160 pixels Angle de vue 178\u00b0X 178\u00b0 Norme HD 4K R\u00e9cepteur Int\u00e9gr\u00e9 Oui Smart TV Oui Bluetooth Oui Audio Dolby Atmos Puissance de haut-parleur 30 Watts Connecteurs 3x HDMI, 2x USB,1x AV IN, 1x [&hellip;]<\/p>","protected":false},"featured_media":9280,"comment_status":"open","ping_status":"closed","template":"","meta":[],"product_brand":[232],"product_cat":[145,231,144],"product_tag":[],"class_list":{"0":"post-9279","1":"product","2":"type-product","3":"status-publish","4":"has-post-thumbnail","6":"product_brand-maxwell","7":"product_cat-televiseurs","8":"product_cat-televiseurs-maxwell","9":"product_cat-tv-image-et-son","11":"first","12":"instock","13":"shipping-taxable","14":"purchasable","15":"product-type-simple"},"_links":{"self":[{"href":"https:\/\/electrobennjima.tn\/en\/wp-json\/wp\/v2\/product\/9279","targetHints":{"allow":["GET"]}}],"collection":[{"href":"https:\/\/electrobennjima.tn\/en\/wp-json\/wp\/v2\/product"}],"about":[{"href":"https:\/\/electrobennjima.tn\/en\/wp-json\/wp\/v2\/types\/product"}],"replies":[{"embeddable":true,"href":"https:\/\/electrobennjima.tn\/en\/wp-json\/wp\/v2\/comments?post=9279"}],"wp:featuredmedia":[{"embeddable":true,"href":"https:\/\/electrobennjima.tn\/en\/wp-json\/wp\/v2\/media\/9280"}],"wp:attachment":[{"href":"https:\/\/electrobennjima.tn\/en\/wp-json\/wp\/v2\/media?parent=9279"}],"wp:term":[{"taxonomy":"product_brand","embeddable":true,"href":"https:\/\/electrobennjima.tn\/en\/wp-json\/wp\/v2\/product_brand?post=9279"},{"taxonomy":"product_cat","embeddable":true,"href":"https:\/\/electrobennjima.tn\/en\/wp-json\/wp\/v2\/product_cat?post=9279"},{"taxonomy":"product_tag","embeddable":true,"href":"https:\/\/electrobennjima.tn\/en\/wp-json\/wp\/v2\/product_tag?post=9279"}],"curies":[{"name":"wp","href":"https:\/\/api.w.org\/{rel}","templated":true}]}}