{"id":9303,"date":"2026-03-31T15:38:09","date_gmt":"2026-03-31T15:38:09","guid":{"rendered":"https:\/\/electrobennjima.tn\/?post_type=product&#038;p=9303"},"modified":"2026-03-31T15:38:09","modified_gmt":"2026-03-31T15:38:09","slug":"t-v-c-samsung-32-ua32h5000f","status":"publish","type":"product","link":"https:\/\/electrobennjima.tn\/en\/t-v-c-samsung-32-ua32h5000f\/","title":{"rendered":"T.V.C SAMSUNG 32 \/ UA32H5000F"},"content":{"rendered":"<table id=\"product-attribute-specs-table\" class=\"data table additional-attributes\">\n<tbody>\n<tr>\n<th class=\"col label\" scope=\"row\">R\u00e9f\u00e9rence<\/th>\n<td class=\"col data\" data-th=\"gtin\">TVUA432H5000F<\/td>\n<\/tr>\n<tr>\n<th class=\"col label\" scope=\"row\">Marque<\/th>\n<td class=\"col data\" data-th=\"Marque\">SAMSUNG<\/td>\n<\/tr>\n<tr>\n<th class=\"col label\" scope=\"row\">S\u00e9ries TV<\/th>\n<td class=\"col data\" data-th=\"S\u00e9ries TV\">H5000<\/td>\n<\/tr>\n<tr>\n<th class=\"col label\" scope=\"row\">Syst\u00e8me d&rsquo;exploitation<\/th>\n<td class=\"col data\" data-th=\"Syst\u00e8me d'exploitation\">Tizen<\/td>\n<\/tr>\n<tr>\n<th class=\"col label\" scope=\"row\">Taille de l&rsquo;\u00e9cran<\/th>\n<td class=\"col data\" data-th=\"Taille de l'\u00e9cran\">32 Pouces<\/td>\n<\/tr>\n<tr>\n<th class=\"col label\" scope=\"row\">Ecran Incurv\u00e9<\/th>\n<td class=\"col data\" data-th=\"Ecran Incurv\u00e9\">Non<\/td>\n<\/tr>\n<tr>\n<th class=\"col label\" scope=\"row\">Ecran<\/th>\n<td class=\"col data\" data-th=\"Ecran\">Led HD<\/td>\n<\/tr>\n<tr>\n<th class=\"col label\" scope=\"row\">R\u00e9solution d&rsquo;\u00e9crans<\/th>\n<td class=\"col data\" data-th=\"R\u00e9solution d'\u00e9crans\">1366 x 768 pixels<\/td>\n<\/tr>\n<tr>\n<th class=\"col label\" scope=\"row\">Norme HD<\/th>\n<td class=\"col data\" data-th=\"Norme HD\">LED<\/td>\n<\/tr>\n<tr>\n<th class=\"col label\" scope=\"row\">R\u00e9cepteur Int\u00e9gr\u00e9<\/th>\n<td class=\"col data\" data-th=\"R\u00e9cepteur Int\u00e9gr\u00e9\">Non<\/td>\n<\/tr>\n<tr>\n<th class=\"col label\" scope=\"row\">Smart TV<\/th>\n<td class=\"col data\" data-th=\"Smart TV\">Oui<\/td>\n<\/tr>\n<tr>\n<th class=\"col label\" scope=\"row\">Compatible HDR<\/th>\n<td class=\"col data\" data-th=\"Compatible HDR\">Oui<\/td>\n<\/tr>\n<tr>\n<th class=\"col label\" scope=\"row\">TV 3D<\/th>\n<td class=\"col data\" data-th=\"TV 3D\">Non<\/td>\n<\/tr>\n<tr>\n<th class=\"col label\" scope=\"row\">Interface R\u00e9seau<\/th>\n<td class=\"col data\" data-th=\"Interface R\u00e9seau\">RJ45<\/td>\n<\/tr>\n<tr>\n<th class=\"col label\" scope=\"row\">Bluetooth<\/th>\n<td class=\"col data\" data-th=\"Bluetooth\">Oui<\/td>\n<\/tr>\n<tr>\n<th class=\"col label\" scope=\"row\">Audio<\/th>\n<td class=\"col data\" data-th=\"Audio\">Technologie Object Tracking Sound OTS Lite, Q-Symphony<\/td>\n<\/tr>\n<tr>\n<th class=\"col label\" scope=\"row\">Puissance de haut-parleur<\/th>\n<td class=\"col data\" data-th=\"Puissance de haut-parleur\">2 x 10W<\/td>\n<\/tr>\n<tr>\n<th class=\"col label\" scope=\"row\">Connecteurs<\/th>\n<td class=\"col data\" data-th=\"Connecteurs\">2 x HDMI, 1 x USB-A, 1 x Ethernet (LAN)<\/td>\n<\/tr>\n<tr>\n<th class=\"col label\" scope=\"row\">Dimensions<\/th>\n<td class=\"col data\" data-th=\"Dimensions\">733,2 x 438,9 x 72,2 mm<\/td>\n<\/tr>\n<tr>\n<th class=\"col label\" scope=\"row\">Poids<\/th>\n<td class=\"col data\" data-th=\"Poids\">3,8 kg<\/td>\n<\/tr>\n<tr>\n<th class=\"col label\" scope=\"row\">Couleur<\/th>\n<td class=\"col data\" data-th=\"Couleur\">Noir<\/td>\n<\/tr>\n<tr>\n<th class=\"col label\" scope=\"row\">Garantie<\/th>\n<td class=\"col data\" data-th=\"Garantie\">2 ans<\/td>\n<\/tr>\n<\/tbody>\n<\/table>","protected":false},"excerpt":{"rendered":"<p>R\u00e9f\u00e9rence TVUA432H5000F Marque SAMSUNG S\u00e9ries TV H5000 Syst\u00e8me d&rsquo;exploitation Tizen Taille de l&rsquo;\u00e9cran 32 Pouces Ecran Incurv\u00e9 Non Ecran Led HD R\u00e9solution d&rsquo;\u00e9crans 1366 x 768 pixels Norme HD LED R\u00e9cepteur Int\u00e9gr\u00e9 Non Smart TV Oui Compatible HDR Oui TV 3D Non Interface R\u00e9seau RJ45 Bluetooth Oui Audio Technologie Object Tracking Sound OTS Lite, Q-Symphony [&hellip;]<\/p>","protected":false},"featured_media":9304,"comment_status":"open","ping_status":"closed","template":"","meta":[],"product_brand":[490],"product_cat":[145,200,144],"product_tag":[],"class_list":{"0":"post-9303","1":"product","2":"type-product","3":"status-publish","4":"has-post-thumbnail","6":"product_brand-samsung","7":"product_cat-televiseurs","8":"product_cat-televiseurs-samsung","9":"product_cat-tv-image-et-son","11":"first","12":"instock","13":"shipping-taxable","14":"purchasable","15":"product-type-simple"},"_links":{"self":[{"href":"https:\/\/electrobennjima.tn\/en\/wp-json\/wp\/v2\/product\/9303","targetHints":{"allow":["GET"]}}],"collection":[{"href":"https:\/\/electrobennjima.tn\/en\/wp-json\/wp\/v2\/product"}],"about":[{"href":"https:\/\/electrobennjima.tn\/en\/wp-json\/wp\/v2\/types\/product"}],"replies":[{"embeddable":true,"href":"https:\/\/electrobennjima.tn\/en\/wp-json\/wp\/v2\/comments?post=9303"}],"wp:featuredmedia":[{"embeddable":true,"href":"https:\/\/electrobennjima.tn\/en\/wp-json\/wp\/v2\/media\/9304"}],"wp:attachment":[{"href":"https:\/\/electrobennjima.tn\/en\/wp-json\/wp\/v2\/media?parent=9303"}],"wp:term":[{"taxonomy":"product_brand","embeddable":true,"href":"https:\/\/electrobennjima.tn\/en\/wp-json\/wp\/v2\/product_brand?post=9303"},{"taxonomy":"product_cat","embeddable":true,"href":"https:\/\/electrobennjima.tn\/en\/wp-json\/wp\/v2\/product_cat?post=9303"},{"taxonomy":"product_tag","embeddable":true,"href":"https:\/\/electrobennjima.tn\/en\/wp-json\/wp\/v2\/product_tag?post=9303"}],"curies":[{"name":"wp","href":"https:\/\/api.w.org\/{rel}","templated":true}]}}